{"id":89,"date":"2020-04-21T13:43:41","date_gmt":"2020-04-21T13:43:41","guid":{"rendered":"https:\/\/wandererstransport.eu\/?page_id=89"},"modified":"2024-04-08T13:14:23","modified_gmt":"2024-04-08T13:14:23","slug":"container-transport","status":"publish","type":"page","link":"https:\/\/wandererstransport.eu\/pt\/transporte-de-conteineres\/","title":{"rendered":"Transporte de Cont\u00eaineres"},"content":{"rendered":"<p>[flash]<strong>Servi\u00e7os de transporte de cont\u00eaineres de WanderersTransport.eu. Oferecemos-lhe um servi\u00e7o de contentores profissional e econ\u00f3mico entre a Irlanda, Espanha e Portugal! Nosso servi\u00e7o de envio de cont\u00eaineres vem com um toque pessoal. Com base em d\u00e9cadas de experi\u00eancia diversificada em transporte, garantimos uma navega\u00e7\u00e3o tranquila para todos os tipos de carga.<\/strong><\/p>\n<h2>Servi\u00e7os de transporte de cont\u00eaineres<\/h2>\n<div id=\"attachment_141\" style=\"width: 1210px\" class=\"wp-caption alignnone\"><img loading=\"lazy\" decoding=\"async\" aria-describedby=\"caption-attachment-141\" class=\"wp-image-141 size-full\" src=\"https:\/\/wandererstransport.eu\/wp-content\/uploads\/2020\/04\/Container-Transport-UK-Spain-Portugal-Wanderers-Transport-OG02.jpg\" alt=\"Container Transport - UK Spain Portugal - Wanderers Transport OG02\" width=\"1200\" height=\"630\" srcset=\"https:\/\/wandererstransport.eu\/wp-content\/uploads\/2020\/04\/Container-Transport-UK-Spain-Portugal-Wanderers-Transport-OG02.jpg 1200w, https:\/\/wandererstransport.eu\/wp-content\/uploads\/2020\/04\/Container-Transport-UK-Spain-Portugal-Wanderers-Transport-OG02-300x158.jpg 300w, https:\/\/wandererstransport.eu\/wp-content\/uploads\/2020\/04\/Container-Transport-UK-Spain-Portugal-Wanderers-Transport-OG02-1024x538.jpg 1024w, https:\/\/wandererstransport.eu\/wp-content\/uploads\/2020\/04\/Container-Transport-UK-Spain-Portugal-Wanderers-Transport-OG02-768x403.jpg 768w\" sizes=\"auto, (max-width: 1200px) 100vw, 1200px\" \/><p id=\"caption-attachment-141\" class=\"wp-caption-text\">Transporte de cont\u00eaineres &#8211; Irlanda Espanha Portugal &#8211; WanderersTransport.eu<\/p><\/div>\n<h3>Transporte de cont\u00eaineres. Eficaz na redu\u00e7\u00e3o de custos, profissional e confi\u00e1vel!<\/h3>\n<p>O WanderersTransport.eu oferece um servi\u00e7o de cont\u00eaineres profissional e econ\u00f4mico entre a Irlanda, Espanha e Portugal.<\/p>\n<p>Temos o prazer de oferecer a todos os nossos clientes de cont\u00eaineres mar\u00edtimos as solu\u00e7\u00f5es de transporte perfeitas para carga geral e a granel. Operamos um cont\u00eainer de 45 p\u00e9s de nossos dep\u00f3sitos na Irlanda de e para Portugal e Espanha. Depois de concordar com os custos estimados, transportaremos rapidamente seus pertences para o ponto de entrega acordado. Sempre criaremos um plano de transporte, para que voc\u00ea, cliente, saiba onde est\u00e1 em cada etapa do nosso transporte.<\/p>\n<p>Al\u00e9m disso, no transporte e entrega de cont\u00eaineres, cuidamos de toda a papelada necess\u00e1ria, incluindo as declara\u00e7\u00f5es alfandeg\u00e1rias. Tamb\u00e9m embalamos cont\u00eaineres, se necess\u00e1rio. Temos uma extensa rede internacional de parceiros, o que nos permite oferecer um servi\u00e7o confi\u00e1vel e de baixo custo. Oferecemos um excelente servi\u00e7o log\u00edstico de contentores, perfeito para a sua pr\u00f3xima mudan\u00e7a!<\/p>\n<p>Nossos servi\u00e7os de transporte de cont\u00eaineres funcionam bem em conjunto com nosso parceiro, Cars-Go-Transport, o que economizar\u00e1 uma quantidade consider\u00e1vel de tempo e dinheiro.<\/p>\n<h3>Obtenha seu or\u00e7amento sem obriga\u00e7\u00e3o agora!<\/h3>\n\n<div class=\"wpcf7 no-js\" id=\"wpcf7-f117-o3\" lang=\"en-US\" dir=\"ltr\" data-wpcf7-id=\"117\">\n<div class=\"screen-reader-response\"><p role=\"status\" aria-live=\"polite\" aria-atomic=\"true\"><\/p> <ul><\/ul><\/div>\n<form action=\"\/pt\/wp-json\/wp\/v2\/pages\/89#wpcf7-f117-o3\" method=\"post\" class=\"wpcf7-form init\" aria-label=\"Contact form\" novalidate=\"novalidate\" data-status=\"init\">\n<fieldset class=\"hidden-fields-container\"><input type=\"hidden\" name=\"_wpcf7\" value=\"117\" \/><input type=\"hidden\" name=\"_wpcf7_version\" value=\"6.1.5\" \/><input type=\"hidden\" name=\"_wpcf7_locale\" value=\"en_US\" \/><input type=\"hidden\" name=\"_wpcf7_unit_tag\" value=\"wpcf7-f117-o3\" \/><input type=\"hidden\" name=\"_wpcf7_container_post\" value=\"0\" \/><input type=\"hidden\" name=\"_wpcf7_posted_data_hash\" value=\"\" \/>\n<\/fieldset>\n<div class=\"contact01box\">\n\t<p><span class=\"wpcf7-form-control-wrap\" data-name=\"WTCname\"><input size=\"40\" maxlength=\"400\" class=\"wpcf7-form-control wpcf7-text wpcf7-validates-as-required wtc\" aria-required=\"true\" aria-invalid=\"false\" placeholder=\"seu nome\" value=\"\" type=\"text\" name=\"WTCname\" \/><\/span><br \/>\n<span class=\"wpcf7-form-control-wrap\" data-name=\"WTCemail\"><input size=\"40\" maxlength=\"400\" class=\"wpcf7-form-control wpcf7-email wpcf7-validates-as-required wpcf7-text wpcf7-validates-as-email wtc\" aria-required=\"true\" aria-invalid=\"false\" placeholder=\"endere\u00e7o de e-mail\" value=\"\" type=\"email\" name=\"WTCemail\" \/><\/span><br \/>\n<span class=\"wpcf7-form-control-wrap\" data-name=\"WTCphone\"><input size=\"40\" maxlength=\"400\" class=\"wpcf7-form-control wpcf7-tel wpcf7-text wpcf7-validates-as-tel wtc\" aria-invalid=\"false\" placeholder=\"n\u00famero de telefone\" value=\"\" type=\"tel\" name=\"WTCphone\" \/><\/span><br \/>\n\t<hr \/><br \/>\n<span class=\"wpcf7-form-control-wrap\" data-name=\"WTCfrom\"><input size=\"40\" maxlength=\"400\" class=\"wpcf7-form-control wpcf7-text wpcf7-validates-as-required wtc\" aria-required=\"true\" aria-invalid=\"false\" placeholder=\"Transporte DE\" value=\"\" type=\"text\" name=\"WTCfrom\" \/><\/span><br \/>\n<span class=\"wpcf7-form-control-wrap\" data-name=\"WTCto\"><input size=\"40\" maxlength=\"400\" class=\"wpcf7-form-control wpcf7-text wpcf7-validates-as-required wtc\" aria-required=\"true\" aria-invalid=\"false\" placeholder=\"Transporte PARA\" value=\"\" type=\"text\" name=\"WTCto\" \/><\/span><br \/>\n<span class=\"wpcf7-form-control-wrap\" data-name=\"WTCdate\"><input size=\"40\" maxlength=\"400\" class=\"wpcf7-form-control wpcf7-text wpcf7-validates-as-required wtc\" aria-required=\"true\" aria-invalid=\"false\" placeholder=\"Data aproximada\" value=\"\" type=\"text\" name=\"WTCdate\" \/><\/span><br \/>\n\t<hr \/><br \/>\n<span class=\"wpcf7-form-control-wrap\" data-name=\"wtcmessage\"><textarea cols=\"40\" rows=\"10\" maxlength=\"2000\" class=\"wpcf7-form-control wpcf7-textarea wtc\" aria-invalid=\"false\" placeholder=\"Give us a few details!  The more you tell us, the more we&#039;ll be able to help!\" name=\"wtcmessage\"><\/textarea><\/span><br \/>\n\t<hr \/>\n\t<\/p>\n\t<p>When you enquire, we'll send an email confirming it. If you don't see it, check your 'spam' folder. Sometimes it happens!\n\t<\/p>\n<hr \/>\n\t<p><span class=\"wpcf7-form-control-wrap\" data-name=\"capital-quiz\"><label><span class=\"wpcf7-quiz-label\">Para parar os spammers ... Voc\u00ea poderia nos dizer qual \u00e9 o maior n\u00famero ... 2 ou 8?<\/span> <input size=\"40\" class=\"wpcf7-form-control wpcf7-quiz\" autocomplete=\"off\" aria-required=\"true\" aria-invalid=\"false\" type=\"text\" name=\"capital-quiz\" \/><\/label><input type=\"hidden\" name=\"_wpcf7_quiz_answer_capital-quiz\" value=\"d02d3f117a18702f1aa410c79e23062a\" \/><\/span><br \/>\n\t<div class=\"wpcf7-response-output\" aria-hidden=\"true\"><\/div><br \/>\n<input class=\"wpcf7-form-control wpcf7-submit has-spinner wtc\" type=\"submit\" value=\"Entrar em contato!\" \/>\n\t<\/p>\n<\/div>\n<\/form>\n<\/div>\n\n<p>&nbsp;<\/p>\n<h3>Transporte entre Irlanda, Espanha e Portugal<\/h3>\n<p>Servi\u00e7os de remo\u00e7\u00e3o e armazenamento. WanderersTransport.eu oferece um servi\u00e7o confi\u00e1vel e profissional de armazenamento e remo\u00e7\u00f5es dentro e entre a Irlanda, Espanha e Portugal. Temos instala\u00e7\u00f5es de armazenamento modernas e seguras em cada dep\u00f3sito e transportamos nossos cont\u00eaineres de 45 p\u00e9s um a cada m\u00eas entre nossas localidades. Outras entregas s\u00e3o feitas aos nossos clientes de nossos dep\u00f3sitos por meio de nossas vans de correio.<\/p>","protected":false},"excerpt":{"rendered":"<p>[flash]Servi\u00e7os de transporte de cont\u00eaineres de WanderersTransport.eu. Oferecemos-lhe um servi\u00e7o de contentores profissional e econ\u00f3mico entre a Irlanda, Espanha e Portugal! Nosso servi\u00e7o de envio de cont\u00eaineres vem com um toque pessoal. Com base em d\u00e9cadas de experi\u00eancia diversificada em transporte, garantimos uma navega\u00e7\u00e3o tranquila para todos os tipos de carga. Servi\u00e7os de transporte de<\/p>\n<p><a href=\"https:\/\/wandererstransport.eu\/pt\/transporte-de-conteineres\/\" class=\"more-link themebutton\">Read More<\/a><\/p>\n","protected":false},"author":1,"featured_media":189,"parent":0,"menu_order":0,"comment_status":"closed","ping_status":"closed","template":"","meta":{"yasr_overall_rating":0,"yasr_post_is_review":"","yasr_auto_insert_disabled":"","yasr_review_type":"","footnotes":"","_links_to":"","_links_to_target":""},"class_list":["post-89","page","type-page","status-publish","has-post-thumbnail","hentry"],"yoast_head":"<!-- This site is optimized with the Yoast SEO plugin v27.5 - https:\/\/yoast.com\/product\/yoast-seo-wordpress\/ -->\n<title>Servicios de transporte de contenedores, Irlanda\/Espa\u00f1a\/Portugal. WanderersTransport.eu<\/title>\n<meta name=\"description\" content=\"Servicios de transporte de contenedores: \u00a1un servicio de transporte de contenedores profesional y rentable entre Irlanda, Espa\u00f1a y Portugal! \u00a1Ll\u00e1manos!\" \/>\n<meta name=\"robots\" content=\"index, follow, max-snippet:-1, max-image-preview:large, max-video-preview:-1\" \/>\n<link rel=\"canonical\" href=\"https:\/\/wandererstransport.eu\/es\/transporte-de-contenedores\/\" \/>\n<meta property=\"og:locale\" content=\"pt_PT\" \/>\n<meta property=\"og:type\" content=\"article\" \/>\n<meta property=\"og:title\" content=\"Container Transport Services - UK, Spain, Portugal\" \/>\n<meta property=\"og:description\" content=\"We provide you with a professional and cost-effective container service between the UK, Spain &amp; Portugal!\" \/>\n<meta property=\"og:url\" content=\"https:\/\/wandererstransport.eu\/es\/transporte-de-contenedores\/\" \/>\n<meta property=\"og:site_name\" content=\"WanderersTransport.eu\" \/>\n<meta property=\"article:modified_time\" content=\"2024-04-08T13:14:23+00:00\" \/>\n<meta property=\"og:image\" content=\"https:\/\/wandererstransport.eu\/wp-content\/uploads\/2020\/04\/Container-Transport-UK-Spain-Portugal-Wanderers-Transport-OG02.jpg\" \/>\n\t<meta property=\"og:image:width\" content=\"1200\" \/>\n\t<meta property=\"og:image:height\" content=\"630\" \/>\n\t<meta property=\"og:image:type\" content=\"image\/jpeg\" \/>\n<meta name=\"twitter:card\" content=\"summary_large_image\" \/>\n<meta name=\"twitter:label1\" content=\"Tempo estimado de leitura\" \/>\n\t<meta name=\"twitter:data1\" content=\"6 minutos\" \/>\n<script type=\"application\/ld+json\" class=\"yoast-schema-graph\">{\"@context\":\"https:\\\/\\\/schema.org\",\"@graph\":[{\"@type\":\"WebPage\",\"@id\":\"https:\\\/\\\/wandererstransport.eu\\\/es\\\/transporte-de-contenedores\\\/\",\"url\":\"https:\\\/\\\/wandererstransport.eu\\\/es\\\/transporte-de-contenedores\\\/\",\"name\":\"Servicios de transporte de contenedores, Irlanda\\\/Espa\u00f1a\\\/Portugal. WanderersTransport.eu\",\"isPartOf\":{\"@id\":\"https:\\\/\\\/wandererstransport.eu\\\/#website\"},\"primaryImageOfPage\":{\"@id\":\"https:\\\/\\\/wandererstransport.eu\\\/es\\\/transporte-de-contenedores\\\/#primaryimage\"},\"image\":{\"@id\":\"https:\\\/\\\/wandererstransport.eu\\\/es\\\/transporte-de-contenedores\\\/#primaryimage\"},\"thumbnailUrl\":\"https:\\\/\\\/wandererstransport.eu\\\/wp-content\\\/uploads\\\/2020\\\/04\\\/kulj1920x594acfcropped-2.jpg\",\"datePublished\":\"2020-04-21T13:43:41+00:00\",\"dateModified\":\"2024-04-08T13:14:23+00:00\",\"description\":\"Servicios de transporte de contenedores: \u00a1un servicio de transporte de contenedores profesional y rentable entre Irlanda, Espa\u00f1a y Portugal! \u00a1Ll\u00e1manos!\",\"breadcrumb\":{\"@id\":\"https:\\\/\\\/wandererstransport.eu\\\/es\\\/transporte-de-contenedores\\\/#breadcrumb\"},\"inLanguage\":\"pt-PT\",\"potentialAction\":[{\"@type\":\"ReadAction\",\"target\":[\"https:\\\/\\\/wandererstransport.eu\\\/es\\\/transporte-de-contenedores\\\/\"]}]},{\"@type\":\"ImageObject\",\"inLanguage\":\"pt-PT\",\"@id\":\"https:\\\/\\\/wandererstransport.eu\\\/es\\\/transporte-de-contenedores\\\/#primaryimage\",\"url\":\"https:\\\/\\\/wandererstransport.eu\\\/wp-content\\\/uploads\\\/2020\\\/04\\\/kulj1920x594acfcropped-2.jpg\",\"contentUrl\":\"https:\\\/\\\/wandererstransport.eu\\\/wp-content\\\/uploads\\\/2020\\\/04\\\/kulj1920x594acfcropped-2.jpg\",\"width\":1920,\"height\":594},{\"@type\":\"BreadcrumbList\",\"@id\":\"https:\\\/\\\/wandererstransport.eu\\\/es\\\/transporte-de-contenedores\\\/#breadcrumb\",\"itemListElement\":[{\"@type\":\"ListItem\",\"position\":1,\"name\":\"Home\",\"item\":\"https:\\\/\\\/wandererstransport.eu\\\/\"},{\"@type\":\"ListItem\",\"position\":2,\"name\":\"Transporte de Contenedores\"}]},{\"@type\":\"WebSite\",\"@id\":\"https:\\\/\\\/wandererstransport.eu\\\/#website\",\"url\":\"https:\\\/\\\/wandererstransport.eu\\\/\",\"name\":\"WanderersTransport.eu\",\"description\":\"Mudan\u00e7as dom\u00e9sticas, transporte e armazenamento entre o Reino Unido, Espanha e Portugal.\",\"publisher\":{\"@id\":\"https:\\\/\\\/wandererstransport.eu\\\/#organization\"},\"potentialAction\":[{\"@type\":\"SearchAction\",\"target\":{\"@type\":\"EntryPoint\",\"urlTemplate\":\"https:\\\/\\\/wandererstransport.eu\\\/?s={search_term_string}\"},\"query-input\":{\"@type\":\"PropertyValueSpecification\",\"valueRequired\":true,\"valueName\":\"search_term_string\"}}],\"inLanguage\":\"pt-PT\"},{\"@type\":\"Organization\",\"@id\":\"https:\\\/\\\/wandererstransport.eu\\\/#organization\",\"name\":\"WanderersTransport.eu\",\"url\":\"https:\\\/\\\/wandererstransport.eu\\\/\",\"logo\":{\"@type\":\"ImageObject\",\"inLanguage\":\"pt-PT\",\"@id\":\"https:\\\/\\\/wandererstransport.eu\\\/#\\\/schema\\\/logo\\\/image\\\/\",\"url\":\"https:\\\/\\\/wandererstransport.eu\\\/wp-content\\\/uploads\\\/2020\\\/08\\\/Wanderers-Transport-Storeage-Logo-02.png\",\"contentUrl\":\"https:\\\/\\\/wandererstransport.eu\\\/wp-content\\\/uploads\\\/2020\\\/08\\\/Wanderers-Transport-Storeage-Logo-02.png\",\"width\":490,\"height\":162,\"caption\":\"WanderersTransport.eu\"},\"image\":{\"@id\":\"https:\\\/\\\/wandererstransport.eu\\\/#\\\/schema\\\/logo\\\/image\\\/\"}},false]}<\/script>\n<!-- \/ Yoast SEO plugin. -->","yoast_head_json":{"title":"Servicios de transporte de contenedores, Irlanda\/Espa\u00f1a\/Portugal. WanderersTransport.eu","description":"Servicios de transporte de contenedores: \u00a1un servicio de transporte de contenedores profesional y rentable entre Irlanda, Espa\u00f1a y Portugal! \u00a1Ll\u00e1manos!","robots":{"index":"index","follow":"follow","max-snippet":"max-snippet:-1","max-image-preview":"max-image-preview:large","max-video-preview":"max-video-preview:-1"},"canonical":"https:\/\/wandererstransport.eu\/es\/transporte-de-contenedores\/","og_locale":"pt_PT","og_type":"article","og_title":"Container Transport Services - UK, Spain, Portugal","og_description":"We provide you with a professional and cost-effective container service between the UK, Spain & Portugal!","og_url":"https:\/\/wandererstransport.eu\/es\/transporte-de-contenedores\/","og_site_name":"WanderersTransport.eu","article_modified_time":"2024-04-08T13:14:23+00:00","og_image":[{"width":1200,"height":630,"url":"https:\/\/wandererstransport.eu\/wp-content\/uploads\/2020\/04\/Container-Transport-UK-Spain-Portugal-Wanderers-Transport-OG02.jpg","type":"image\/jpeg"}],"twitter_card":"summary_large_image","twitter_misc":{"Tempo estimado de leitura":"6 minutos"},"schema":{"@context":"https:\/\/schema.org","@graph":[{"@type":"WebPage","@id":"https:\/\/wandererstransport.eu\/es\/transporte-de-contenedores\/","url":"https:\/\/wandererstransport.eu\/es\/transporte-de-contenedores\/","name":"Servicios de transporte de contenedores, Irlanda\/Espa\u00f1a\/Portugal. WanderersTransport.eu","isPartOf":{"@id":"https:\/\/wandererstransport.eu\/#website"},"primaryImageOfPage":{"@id":"https:\/\/wandererstransport.eu\/es\/transporte-de-contenedores\/#primaryimage"},"image":{"@id":"https:\/\/wandererstransport.eu\/es\/transporte-de-contenedores\/#primaryimage"},"thumbnailUrl":"https:\/\/wandererstransport.eu\/wp-content\/uploads\/2020\/04\/kulj1920x594acfcropped-2.jpg","datePublished":"2020-04-21T13:43:41+00:00","dateModified":"2024-04-08T13:14:23+00:00","description":"Servicios de transporte de contenedores: \u00a1un servicio de transporte de contenedores profesional y rentable entre Irlanda, Espa\u00f1a y Portugal! \u00a1Ll\u00e1manos!","breadcrumb":{"@id":"https:\/\/wandererstransport.eu\/es\/transporte-de-contenedores\/#breadcrumb"},"inLanguage":"pt-PT","potentialAction":[{"@type":"ReadAction","target":["https:\/\/wandererstransport.eu\/es\/transporte-de-contenedores\/"]}]},{"@type":"ImageObject","inLanguage":"pt-PT","@id":"https:\/\/wandererstransport.eu\/es\/transporte-de-contenedores\/#primaryimage","url":"https:\/\/wandererstransport.eu\/wp-content\/uploads\/2020\/04\/kulj1920x594acfcropped-2.jpg","contentUrl":"https:\/\/wandererstransport.eu\/wp-content\/uploads\/2020\/04\/kulj1920x594acfcropped-2.jpg","width":1920,"height":594},{"@type":"BreadcrumbList","@id":"https:\/\/wandererstransport.eu\/es\/transporte-de-contenedores\/#breadcrumb","itemListElement":[{"@type":"ListItem","position":1,"name":"Home","item":"https:\/\/wandererstransport.eu\/"},{"@type":"ListItem","position":2,"name":"Transporte de Contenedores"}]},{"@type":"WebSite","@id":"https:\/\/wandererstransport.eu\/#website","url":"https:\/\/wandererstransport.eu\/","name":"WanderersTransport.eu","description":"Mudan\u00e7as dom\u00e9sticas, transporte e armazenamento entre o Reino Unido, Espanha e Portugal.","publisher":{"@id":"https:\/\/wandererstransport.eu\/#organization"},"potentialAction":[{"@type":"SearchAction","target":{"@type":"EntryPoint","urlTemplate":"https:\/\/wandererstransport.eu\/?s={search_term_string}"},"query-input":{"@type":"PropertyValueSpecification","valueRequired":true,"valueName":"search_term_string"}}],"inLanguage":"pt-PT"},{"@type":"Organization","@id":"https:\/\/wandererstransport.eu\/#organization","name":"WanderersTransport.eu","url":"https:\/\/wandererstransport.eu\/","logo":{"@type":"ImageObject","inLanguage":"pt-PT","@id":"https:\/\/wandererstransport.eu\/#\/schema\/logo\/image\/","url":"https:\/\/wandererstransport.eu\/wp-content\/uploads\/2020\/08\/Wanderers-Transport-Storeage-Logo-02.png","contentUrl":"https:\/\/wandererstransport.eu\/wp-content\/uploads\/2020\/08\/Wanderers-Transport-Storeage-Logo-02.png","width":490,"height":162,"caption":"WanderersTransport.eu"},"image":{"@id":"https:\/\/wandererstransport.eu\/#\/schema\/logo\/image\/"}},false]}},"yasr_visitor_votes":{"stars_attributes":{"read_only":false,"span_bottom":false},"number_of_votes":3,"sum_votes":15},"_links":{"self":[{"href":"https:\/\/wandererstransport.eu\/pt\/wp-json\/wp\/v2\/pages\/89","targetHints":{"allow":["GET"]}}],"collection":[{"href":"https:\/\/wandererstransport.eu\/pt\/wp-json\/wp\/v2\/pages"}],"about":[{"href":"https:\/\/wandererstransport.eu\/pt\/wp-json\/wp\/v2\/types\/page"}],"author":[{"embeddable":true,"href":"https:\/\/wandererstransport.eu\/pt\/wp-json\/wp\/v2\/users\/1"}],"replies":[{"embeddable":true,"href":"https:\/\/wandererstransport.eu\/pt\/wp-json\/wp\/v2\/comments?post=89"}],"version-history":[{"count":0,"href":"https:\/\/wandererstransport.eu\/pt\/wp-json\/wp\/v2\/pages\/89\/revisions"}],"wp:featuredmedia":[{"embeddable":true,"href":"https:\/\/wandererstransport.eu\/pt\/wp-json\/wp\/v2\/media\/189"}],"wp:attachment":[{"href":"https:\/\/wandererstransport.eu\/pt\/wp-json\/wp\/v2\/media?parent=89"}],"curies":[{"name":"wp","href":"https:\/\/api.w.org\/{rel}","templated":true}]}}