{"id":72,"date":"2020-04-11T17:59:27","date_gmt":"2020-04-11T17:59:27","guid":{"rendered":"https:\/\/wandererstransport.eu\/?page_id=72"},"modified":"2025-08-03T11:36:32","modified_gmt":"2025-08-03T11:36:32","slug":"quote","status":"publish","type":"page","link":"https:\/\/wandererstransport.eu\/pt\/cotacao\/","title":{"rendered":"Mudan\u00e7as e cota\u00e7\u00e3o de armazenamento"},"content":{"rendered":"<p>[flash]Voc\u00ea gostaria de uma cota\u00e7\u00e3o? Excelente! Basta preencher o formul\u00e1rio abaixo &#8211; \u00e9 f\u00e1cil! &#8211; e entraremos em contato direto com voc\u00ea! Lidamos com muitas consultas todos os dias, mas pretendemos dar um retorno a todos em 24 horas. Se voc\u00ea preferir falar conosco, ligue para n\u00f3s nos n\u00fameros de telefone indicados no final desta p\u00e1gina.<\/p>\n<h3>Seu or\u00e7amento de transporte GRATUITO e sem obriga\u00e7\u00e3o<\/h3>\n\n<div class=\"wpcf7 no-js\" id=\"wpcf7-f117-o3\" lang=\"en-US\" dir=\"ltr\" data-wpcf7-id=\"117\">\n<div class=\"screen-reader-response\"><p role=\"status\" aria-live=\"polite\" aria-atomic=\"true\"><\/p> <ul><\/ul><\/div>\n<form action=\"\/pt\/wp-json\/wp\/v2\/pages\/72#wpcf7-f117-o3\" method=\"post\" class=\"wpcf7-form init\" aria-label=\"Contact form\" novalidate=\"novalidate\" data-status=\"init\">\n<fieldset class=\"hidden-fields-container\"><input type=\"hidden\" name=\"_wpcf7\" value=\"117\" \/><input type=\"hidden\" name=\"_wpcf7_version\" value=\"6.1.5\" \/><input type=\"hidden\" name=\"_wpcf7_locale\" value=\"en_US\" \/><input type=\"hidden\" name=\"_wpcf7_unit_tag\" value=\"wpcf7-f117-o3\" \/><input type=\"hidden\" name=\"_wpcf7_container_post\" value=\"0\" \/><input type=\"hidden\" name=\"_wpcf7_posted_data_hash\" value=\"\" \/>\n<\/fieldset>\n<div class=\"contact01box\">\n\t<p><span class=\"wpcf7-form-control-wrap\" data-name=\"WTCname\"><input size=\"40\" maxlength=\"400\" class=\"wpcf7-form-control wpcf7-text wpcf7-validates-as-required wtc\" aria-required=\"true\" aria-invalid=\"false\" placeholder=\"seu nome\" value=\"\" type=\"text\" name=\"WTCname\" \/><\/span><br \/>\n<span class=\"wpcf7-form-control-wrap\" data-name=\"WTCemail\"><input size=\"40\" maxlength=\"400\" class=\"wpcf7-form-control wpcf7-email wpcf7-validates-as-required wpcf7-text wpcf7-validates-as-email wtc\" aria-required=\"true\" aria-invalid=\"false\" placeholder=\"endere\u00e7o de e-mail\" value=\"\" type=\"email\" name=\"WTCemail\" \/><\/span><br \/>\n<span class=\"wpcf7-form-control-wrap\" data-name=\"WTCphone\"><input size=\"40\" maxlength=\"400\" class=\"wpcf7-form-control wpcf7-tel wpcf7-text wpcf7-validates-as-tel wtc\" aria-invalid=\"false\" placeholder=\"n\u00famero de telefone\" value=\"\" type=\"tel\" name=\"WTCphone\" \/><\/span><br \/>\n\t<hr \/><br \/>\n<span class=\"wpcf7-form-control-wrap\" data-name=\"WTCfrom\"><input size=\"40\" maxlength=\"400\" class=\"wpcf7-form-control wpcf7-text wpcf7-validates-as-required wtc\" aria-required=\"true\" aria-invalid=\"false\" placeholder=\"Transporte DE\" value=\"\" type=\"text\" name=\"WTCfrom\" \/><\/span><br \/>\n<span class=\"wpcf7-form-control-wrap\" data-name=\"WTCto\"><input size=\"40\" maxlength=\"400\" class=\"wpcf7-form-control wpcf7-text wpcf7-validates-as-required wtc\" aria-required=\"true\" aria-invalid=\"false\" placeholder=\"Transporte PARA\" value=\"\" type=\"text\" name=\"WTCto\" \/><\/span><br \/>\n<span class=\"wpcf7-form-control-wrap\" data-name=\"WTCdate\"><input size=\"40\" maxlength=\"400\" class=\"wpcf7-form-control wpcf7-text wpcf7-validates-as-required wtc\" aria-required=\"true\" aria-invalid=\"false\" placeholder=\"Data aproximada\" value=\"\" type=\"text\" name=\"WTCdate\" \/><\/span><br \/>\n\t<hr \/><br \/>\n<span class=\"wpcf7-form-control-wrap\" data-name=\"wtcmessage\"><textarea cols=\"40\" rows=\"10\" maxlength=\"2000\" class=\"wpcf7-form-control wpcf7-textarea wtc\" aria-invalid=\"false\" placeholder=\"Give us a few details!  The more you tell us, the more we&#039;ll be able to help!\" name=\"wtcmessage\"><\/textarea><\/span><br \/>\n\t<hr \/>\n\t<\/p>\n\t<p>When you enquire, we'll send an email confirming it. If you don't see it, check your 'spam' folder. Sometimes it happens!\n\t<\/p>\n<hr \/>\n\t<p><span class=\"wpcf7-form-control-wrap\" data-name=\"capital-quiz\"><label><span class=\"wpcf7-quiz-label\">Para parar os spammers ... Voc\u00ea poderia nos dizer qual \u00e9 o maior n\u00famero ... 2 ou 8?<\/span> <input size=\"40\" class=\"wpcf7-form-control wpcf7-quiz\" autocomplete=\"off\" aria-required=\"true\" aria-invalid=\"false\" type=\"text\" name=\"capital-quiz\" \/><\/label><input type=\"hidden\" name=\"_wpcf7_quiz_answer_capital-quiz\" value=\"d02d3f117a18702f1aa410c79e23062a\" \/><\/span><br \/>\n\t<div class=\"wpcf7-response-output\" aria-hidden=\"true\"><\/div><br \/>\n<input class=\"wpcf7-form-control wpcf7-submit has-spinner wtc\" type=\"submit\" value=\"Entrar em contato!\" \/>\n\t<\/p>\n<\/div>\n<\/form>\n<\/div>\n\n<p>&nbsp;<\/p>\n<h2>Cota\u00e7\u00e3o de Remo\u00e7\u00f5es e Armazenamento<\/h2>\n<div id=\"attachment_472\" style=\"width: 1210px\" class=\"wp-caption alignnone\"><img loading=\"lazy\" decoding=\"async\" aria-describedby=\"caption-attachment-472\" class=\"wp-image-472 size-full\" src=\"https:\/\/wandererstransport.eu\/wp-content\/uploads\/2021\/04\/cotacao.jpg\" alt=\"cota\u00e7\u00e3o\" width=\"1200\" height=\"630\" srcset=\"https:\/\/wandererstransport.eu\/wp-content\/uploads\/2021\/04\/cotacao.jpg 1200w, https:\/\/wandererstransport.eu\/wp-content\/uploads\/2021\/04\/cotacao-300x158.jpg 300w, https:\/\/wandererstransport.eu\/wp-content\/uploads\/2021\/04\/cotacao-1024x538.jpg 1024w, https:\/\/wandererstransport.eu\/wp-content\/uploads\/2021\/04\/cotacao-768x403.jpg 768w\" sizes=\"auto, (max-width: 1200px) 100vw, 1200px\" \/><p id=\"caption-attachment-472\" class=\"wp-caption-text\">cota\u00e7\u00e3o<\/p><\/div>\n<p>O WanderersTransport.eu pode economizar tempo e dinheiro quando se trata de remo\u00e7\u00f5es, transporte e armazenamento na Irlanda \/ Portugal \/ Espanha. Somos extremamente r\u00e1pidos em responder a qualquer consulta de or\u00e7amento, mas pedimos que voc\u00ea nos diga o m\u00e1ximo poss\u00edvel! Quanto mais voc\u00ea nos contar sobre sua mudan\u00e7a, mais poderemos ajudar!<\/p>","protected":false},"excerpt":{"rendered":"<p>[flash]Voc\u00ea gostaria de uma cota\u00e7\u00e3o? Excelente! Basta preencher o formul\u00e1rio abaixo &#8211; \u00e9 f\u00e1cil! &#8211; e entraremos em contato direto com voc\u00ea! Lidamos com muitas consultas todos os dias, mas pretendemos dar um retorno a todos em 24 horas. Se voc\u00ea preferir falar conosco, ligue para n\u00f3s nos n\u00fameros de telefone indicados no final desta<\/p>\n<p><a href=\"https:\/\/wandererstransport.eu\/pt\/cotacao\/\" class=\"more-link themebutton\">Read More<\/a><\/p>\n","protected":false},"author":1,"featured_media":139,"parent":0,"menu_order":0,"comment_status":"closed","ping_status":"closed","template":"","meta":{"yasr_overall_rating":0,"yasr_post_is_review":"","yasr_auto_insert_disabled":"","yasr_review_type":"","footnotes":"","_links_to":"","_links_to_target":""},"class_list":["post-72","page","type-page","status-publish","has-post-thumbnail","hentry"],"yoast_head":"<!-- This site is optimized with the Yoast SEO plugin v27.5 - https:\/\/yoast.com\/product\/yoast-seo-wordpress\/ -->\n<title>Quote! Removals, storage &amp; transport. WanderersTransport.eu<\/title>\n<meta name=\"description\" content=\"Quote?\u00a0 Great!\u00a0 Just fill in the form - it&#039;s easy! - and we&#039;ll get straight back to you, usually the same day! We look forward to hearing from you!\" \/>\n<meta name=\"robots\" content=\"index, follow, max-snippet:-1, max-image-preview:large, max-video-preview:-1\" \/>\n<link rel=\"canonical\" href=\"https:\/\/wandererstransport.eu\/quote\/\" \/>\n<meta property=\"og:locale\" content=\"pt_PT\" \/>\n<meta property=\"og:type\" content=\"article\" \/>\n<meta property=\"og:title\" content=\"Quote! Removals, storage &amp; transport. WanderersTransport.eu\" \/>\n<meta property=\"og:description\" content=\"Quote?\u00a0 Great!\u00a0 Just fill in the form - it&#039;s easy! - and we&#039;ll get straight back to you, usually the same day! We look forward to hearing from you!\" \/>\n<meta property=\"og:url\" content=\"https:\/\/wandererstransport.eu\/quote\/\" \/>\n<meta property=\"og:site_name\" content=\"WanderersTransport.eu\" \/>\n<meta property=\"article:modified_time\" content=\"2025-08-03T11:36:32+00:00\" \/>\n<meta property=\"og:image\" content=\"https:\/\/wandererstransport.eu\/wp-content\/uploads\/2020\/04\/Slider02.jpg\" \/>\n\t<meta property=\"og:image:width\" content=\"1920\" \/>\n\t<meta property=\"og:image:height\" content=\"1080\" \/>\n\t<meta property=\"og:image:type\" content=\"image\/jpeg\" \/>\n<meta name=\"twitter:card\" content=\"summary_large_image\" \/>\n<meta name=\"twitter:label1\" content=\"Tempo estimado de leitura\" \/>\n\t<meta name=\"twitter:data1\" content=\"3 minutos\" \/>\n<script type=\"application\/ld+json\" class=\"yoast-schema-graph\">{\"@context\":\"https:\\\/\\\/schema.org\",\"@graph\":[{\"@type\":\"WebPage\",\"@id\":\"https:\\\/\\\/wandererstransport.eu\\\/quote\\\/\",\"url\":\"https:\\\/\\\/wandererstransport.eu\\\/quote\\\/\",\"name\":\"Quote! Removals, storage & transport. WanderersTransport.eu\",\"isPartOf\":{\"@id\":\"https:\\\/\\\/wandererstransport.eu\\\/#website\"},\"primaryImageOfPage\":{\"@id\":\"https:\\\/\\\/wandererstransport.eu\\\/quote\\\/#primaryimage\"},\"image\":{\"@id\":\"https:\\\/\\\/wandererstransport.eu\\\/quote\\\/#primaryimage\"},\"thumbnailUrl\":\"https:\\\/\\\/wandererstransport.eu\\\/wp-content\\\/uploads\\\/2020\\\/04\\\/Slider02.jpg\",\"datePublished\":\"2020-04-11T17:59:27+00:00\",\"dateModified\":\"2025-08-03T11:36:32+00:00\",\"description\":\"Quote?\u00a0 Great!\u00a0 Just fill in the form - it's easy! - and we'll get straight back to you, usually the same day! We look forward to hearing from you!\",\"breadcrumb\":{\"@id\":\"https:\\\/\\\/wandererstransport.eu\\\/quote\\\/#breadcrumb\"},\"inLanguage\":\"pt-PT\",\"potentialAction\":[{\"@type\":\"ReadAction\",\"target\":[\"https:\\\/\\\/wandererstransport.eu\\\/quote\\\/\"]}]},{\"@type\":\"ImageObject\",\"inLanguage\":\"pt-PT\",\"@id\":\"https:\\\/\\\/wandererstransport.eu\\\/quote\\\/#primaryimage\",\"url\":\"https:\\\/\\\/wandererstransport.eu\\\/wp-content\\\/uploads\\\/2020\\\/04\\\/Slider02.jpg\",\"contentUrl\":\"https:\\\/\\\/wandererstransport.eu\\\/wp-content\\\/uploads\\\/2020\\\/04\\\/Slider02.jpg\",\"width\":1920,\"height\":1080},{\"@type\":\"BreadcrumbList\",\"@id\":\"https:\\\/\\\/wandererstransport.eu\\\/quote\\\/#breadcrumb\",\"itemListElement\":[{\"@type\":\"ListItem\",\"position\":1,\"name\":\"Home\",\"item\":\"https:\\\/\\\/wandererstransport.eu\\\/\"},{\"@type\":\"ListItem\",\"position\":2,\"name\":\"Removals &#038; Storage Quote\"}]},{\"@type\":\"WebSite\",\"@id\":\"https:\\\/\\\/wandererstransport.eu\\\/#website\",\"url\":\"https:\\\/\\\/wandererstransport.eu\\\/\",\"name\":\"WanderersTransport.eu\",\"description\":\"Mudan\u00e7as dom\u00e9sticas, transporte e armazenamento entre o Reino Unido, Espanha e Portugal.\",\"publisher\":{\"@id\":\"https:\\\/\\\/wandererstransport.eu\\\/#organization\"},\"potentialAction\":[{\"@type\":\"SearchAction\",\"target\":{\"@type\":\"EntryPoint\",\"urlTemplate\":\"https:\\\/\\\/wandererstransport.eu\\\/?s={search_term_string}\"},\"query-input\":{\"@type\":\"PropertyValueSpecification\",\"valueRequired\":true,\"valueName\":\"search_term_string\"}}],\"inLanguage\":\"pt-PT\"},{\"@type\":\"Organization\",\"@id\":\"https:\\\/\\\/wandererstransport.eu\\\/#organization\",\"name\":\"WanderersTransport.eu\",\"url\":\"https:\\\/\\\/wandererstransport.eu\\\/\",\"logo\":{\"@type\":\"ImageObject\",\"inLanguage\":\"pt-PT\",\"@id\":\"https:\\\/\\\/wandererstransport.eu\\\/#\\\/schema\\\/logo\\\/image\\\/\",\"url\":\"https:\\\/\\\/wandererstransport.eu\\\/wp-content\\\/uploads\\\/2020\\\/08\\\/Wanderers-Transport-Storeage-Logo-02.png\",\"contentUrl\":\"https:\\\/\\\/wandererstransport.eu\\\/wp-content\\\/uploads\\\/2020\\\/08\\\/Wanderers-Transport-Storeage-Logo-02.png\",\"width\":490,\"height\":162,\"caption\":\"WanderersTransport.eu\"},\"image\":{\"@id\":\"https:\\\/\\\/wandererstransport.eu\\\/#\\\/schema\\\/logo\\\/image\\\/\"}},false]}<\/script>\n<!-- \/ Yoast SEO plugin. -->","yoast_head_json":{"title":"Quote! Removals, storage & transport. WanderersTransport.eu","description":"Quote?\u00a0 Great!\u00a0 Just fill in the form - it's easy! - and we'll get straight back to you, usually the same day! We look forward to hearing from you!","robots":{"index":"index","follow":"follow","max-snippet":"max-snippet:-1","max-image-preview":"max-image-preview:large","max-video-preview":"max-video-preview:-1"},"canonical":"https:\/\/wandererstransport.eu\/quote\/","og_locale":"pt_PT","og_type":"article","og_title":"Quote! Removals, storage & transport. WanderersTransport.eu","og_description":"Quote?\u00a0 Great!\u00a0 Just fill in the form - it's easy! - and we'll get straight back to you, usually the same day! We look forward to hearing from you!","og_url":"https:\/\/wandererstransport.eu\/quote\/","og_site_name":"WanderersTransport.eu","article_modified_time":"2025-08-03T11:36:32+00:00","og_image":[{"width":1920,"height":1080,"url":"https:\/\/wandererstransport.eu\/wp-content\/uploads\/2020\/04\/Slider02.jpg","type":"image\/jpeg"}],"twitter_card":"summary_large_image","twitter_misc":{"Tempo estimado de leitura":"3 minutos"},"schema":{"@context":"https:\/\/schema.org","@graph":[{"@type":"WebPage","@id":"https:\/\/wandererstransport.eu\/quote\/","url":"https:\/\/wandererstransport.eu\/quote\/","name":"Quote! Removals, storage & transport. WanderersTransport.eu","isPartOf":{"@id":"https:\/\/wandererstransport.eu\/#website"},"primaryImageOfPage":{"@id":"https:\/\/wandererstransport.eu\/quote\/#primaryimage"},"image":{"@id":"https:\/\/wandererstransport.eu\/quote\/#primaryimage"},"thumbnailUrl":"https:\/\/wandererstransport.eu\/wp-content\/uploads\/2020\/04\/Slider02.jpg","datePublished":"2020-04-11T17:59:27+00:00","dateModified":"2025-08-03T11:36:32+00:00","description":"Quote?\u00a0 Great!\u00a0 Just fill in the form - it's easy! - and we'll get straight back to you, usually the same day! We look forward to hearing from you!","breadcrumb":{"@id":"https:\/\/wandererstransport.eu\/quote\/#breadcrumb"},"inLanguage":"pt-PT","potentialAction":[{"@type":"ReadAction","target":["https:\/\/wandererstransport.eu\/quote\/"]}]},{"@type":"ImageObject","inLanguage":"pt-PT","@id":"https:\/\/wandererstransport.eu\/quote\/#primaryimage","url":"https:\/\/wandererstransport.eu\/wp-content\/uploads\/2020\/04\/Slider02.jpg","contentUrl":"https:\/\/wandererstransport.eu\/wp-content\/uploads\/2020\/04\/Slider02.jpg","width":1920,"height":1080},{"@type":"BreadcrumbList","@id":"https:\/\/wandererstransport.eu\/quote\/#breadcrumb","itemListElement":[{"@type":"ListItem","position":1,"name":"Home","item":"https:\/\/wandererstransport.eu\/"},{"@type":"ListItem","position":2,"name":"Removals &#038; Storage Quote"}]},{"@type":"WebSite","@id":"https:\/\/wandererstransport.eu\/#website","url":"https:\/\/wandererstransport.eu\/","name":"WanderersTransport.eu","description":"Mudan\u00e7as dom\u00e9sticas, transporte e armazenamento entre o Reino Unido, Espanha e Portugal.","publisher":{"@id":"https:\/\/wandererstransport.eu\/#organization"},"potentialAction":[{"@type":"SearchAction","target":{"@type":"EntryPoint","urlTemplate":"https:\/\/wandererstransport.eu\/?s={search_term_string}"},"query-input":{"@type":"PropertyValueSpecification","valueRequired":true,"valueName":"search_term_string"}}],"inLanguage":"pt-PT"},{"@type":"Organization","@id":"https:\/\/wandererstransport.eu\/#organization","name":"WanderersTransport.eu","url":"https:\/\/wandererstransport.eu\/","logo":{"@type":"ImageObject","inLanguage":"pt-PT","@id":"https:\/\/wandererstransport.eu\/#\/schema\/logo\/image\/","url":"https:\/\/wandererstransport.eu\/wp-content\/uploads\/2020\/08\/Wanderers-Transport-Storeage-Logo-02.png","contentUrl":"https:\/\/wandererstransport.eu\/wp-content\/uploads\/2020\/08\/Wanderers-Transport-Storeage-Logo-02.png","width":490,"height":162,"caption":"WanderersTransport.eu"},"image":{"@id":"https:\/\/wandererstransport.eu\/#\/schema\/logo\/image\/"}},false]}},"yasr_visitor_votes":{"stars_attributes":{"read_only":false,"span_bottom":false},"number_of_votes":5,"sum_votes":23},"_links":{"self":[{"href":"https:\/\/wandererstransport.eu\/pt\/wp-json\/wp\/v2\/pages\/72","targetHints":{"allow":["GET"]}}],"collection":[{"href":"https:\/\/wandererstransport.eu\/pt\/wp-json\/wp\/v2\/pages"}],"about":[{"href":"https:\/\/wandererstransport.eu\/pt\/wp-json\/wp\/v2\/types\/page"}],"author":[{"embeddable":true,"href":"https:\/\/wandererstransport.eu\/pt\/wp-json\/wp\/v2\/users\/1"}],"replies":[{"embeddable":true,"href":"https:\/\/wandererstransport.eu\/pt\/wp-json\/wp\/v2\/comments?post=72"}],"version-history":[{"count":1,"href":"https:\/\/wandererstransport.eu\/pt\/wp-json\/wp\/v2\/pages\/72\/revisions"}],"predecessor-version":[{"id":605,"href":"https:\/\/wandererstransport.eu\/pt\/wp-json\/wp\/v2\/pages\/72\/revisions\/605"}],"wp:featuredmedia":[{"embeddable":true,"href":"https:\/\/wandererstransport.eu\/pt\/wp-json\/wp\/v2\/media\/139"}],"wp:attachment":[{"href":"https:\/\/wandererstransport.eu\/pt\/wp-json\/wp\/v2\/media?parent=72"}],"curies":[{"name":"wp","href":"https:\/\/api.w.org\/{rel}","templated":true}]}}