{"id":418,"date":"2021-03-25T10:36:52","date_gmt":"2021-03-25T10:36:52","guid":{"rendered":"https:\/\/wandererstransport.eu\/?page_id=418"},"modified":"2024-04-08T16:15:46","modified_gmt":"2024-04-08T16:15:46","slug":"dublin-ireland","status":"publish","type":"page","link":"https:\/\/wandererstransport.eu\/pt\/mudancas-internacionais\/dublin-irlanda\/","title":{"rendered":"Dublin, Irlanda"},"content":{"rendered":"<p>[flash]<strong>Removal Service, Dublin, Irlanda e Irlanda do Norte para Portugal e Espanha. Nosso dep\u00f3sito de remo\u00e7\u00e3o, transporte e armazenamento em Dublin cobre toda a Irlanda, incluindo a Irlanda do Norte. Oferecemos transporte regular de Dublin para o Algarve, em Portugal, e para as costas do sul de Espanha.<\/strong><\/p>\n<div id=\"attachment_422\" style=\"width: 1210px\" class=\"wp-caption alignnone\"><img loading=\"lazy\" decoding=\"async\" aria-describedby=\"caption-attachment-422\" class=\"wp-image-422 size-full\" src=\"https:\/\/wandererstransport.eu\/wp-content\/uploads\/2021\/03\/Dublin-Ireland-Depot-Removals-Transport-Storage-WanderersTransport.jpg\" alt=\"Dublin Ireland Depot - Removals, Transport &amp; Storage, WanderersTransport\" width=\"1200\" height=\"630\" srcset=\"https:\/\/wandererstransport.eu\/wp-content\/uploads\/2021\/03\/Dublin-Ireland-Depot-Removals-Transport-Storage-WanderersTransport.jpg 1200w, https:\/\/wandererstransport.eu\/wp-content\/uploads\/2021\/03\/Dublin-Ireland-Depot-Removals-Transport-Storage-WanderersTransport-300x158.jpg 300w, https:\/\/wandererstransport.eu\/wp-content\/uploads\/2021\/03\/Dublin-Ireland-Depot-Removals-Transport-Storage-WanderersTransport-1024x538.jpg 1024w, https:\/\/wandererstransport.eu\/wp-content\/uploads\/2021\/03\/Dublin-Ireland-Depot-Removals-Transport-Storage-WanderersTransport-768x403.jpg 768w\" sizes=\"auto, (max-width: 1200px) 100vw, 1200px\" \/><p id=\"caption-attachment-422\" class=\"wp-caption-text\">Dublin Ireland Depot &#8211; Remo\u00e7\u00f5es, transporte e armazenamento, WanderersTransport<\/p><\/div>\n<h3>Remo\u00e7\u00f5es internacionais, Irlanda para Espanha e Portugal<\/h3>\n<p>WanderersTransport.eu oferece um servi\u00e7o confi\u00e1vel e eficiente de mudan\u00e7as internacionais entre a Irlanda e Portugal (regi\u00e3o do Algarve), al\u00e9m da Espanha (Costas at\u00e9 M\u00e1laga). Podemos oferecer or\u00e7amentos excelentes em remo\u00e7\u00f5es de casas europeias, transportes de motocicletas, realoca\u00e7\u00f5es e muito mais. Temos dep\u00f3sitos em Dublin e Loul\u00e9, no sul de Portugal.<\/p>\n<h3>Fale conosco! N\u00f3s damos \u00f3timas cota\u00e7\u00f5es!<\/h3>\n\n<div class=\"wpcf7 no-js\" id=\"wpcf7-f117-o3\" lang=\"en-US\" dir=\"ltr\" data-wpcf7-id=\"117\">\n<div class=\"screen-reader-response\"><p role=\"status\" aria-live=\"polite\" aria-atomic=\"true\"><\/p> <ul><\/ul><\/div>\n<form action=\"\/pt\/wp-json\/wp\/v2\/pages\/418#wpcf7-f117-o3\" method=\"post\" class=\"wpcf7-form init\" aria-label=\"Contact form\" novalidate=\"novalidate\" data-status=\"init\">\n<fieldset class=\"hidden-fields-container\"><input type=\"hidden\" name=\"_wpcf7\" value=\"117\" \/><input type=\"hidden\" name=\"_wpcf7_version\" value=\"6.1.5\" \/><input type=\"hidden\" name=\"_wpcf7_locale\" value=\"en_US\" \/><input type=\"hidden\" name=\"_wpcf7_unit_tag\" value=\"wpcf7-f117-o3\" \/><input type=\"hidden\" name=\"_wpcf7_container_post\" value=\"0\" \/><input type=\"hidden\" name=\"_wpcf7_posted_data_hash\" value=\"\" \/>\n<\/fieldset>\n<div class=\"contact01box\">\n\t<p><span class=\"wpcf7-form-control-wrap\" data-name=\"WTCname\"><input size=\"40\" maxlength=\"400\" class=\"wpcf7-form-control wpcf7-text wpcf7-validates-as-required wtc\" aria-required=\"true\" aria-invalid=\"false\" placeholder=\"seu nome\" value=\"\" type=\"text\" name=\"WTCname\" \/><\/span><br \/>\n<span class=\"wpcf7-form-control-wrap\" data-name=\"WTCemail\"><input size=\"40\" maxlength=\"400\" class=\"wpcf7-form-control wpcf7-email wpcf7-validates-as-required wpcf7-text wpcf7-validates-as-email wtc\" aria-required=\"true\" aria-invalid=\"false\" placeholder=\"endere\u00e7o de e-mail\" value=\"\" type=\"email\" name=\"WTCemail\" \/><\/span><br \/>\n<span class=\"wpcf7-form-control-wrap\" data-name=\"WTCphone\"><input size=\"40\" maxlength=\"400\" class=\"wpcf7-form-control wpcf7-tel wpcf7-text wpcf7-validates-as-tel wtc\" aria-invalid=\"false\" placeholder=\"n\u00famero de telefone\" value=\"\" type=\"tel\" name=\"WTCphone\" \/><\/span><br \/>\n\t<hr \/><br \/>\n<span class=\"wpcf7-form-control-wrap\" data-name=\"WTCfrom\"><input size=\"40\" maxlength=\"400\" class=\"wpcf7-form-control wpcf7-text wpcf7-validates-as-required wtc\" aria-required=\"true\" aria-invalid=\"false\" placeholder=\"Transporte DE\" value=\"\" type=\"text\" name=\"WTCfrom\" \/><\/span><br \/>\n<span class=\"wpcf7-form-control-wrap\" data-name=\"WTCto\"><input size=\"40\" maxlength=\"400\" class=\"wpcf7-form-control wpcf7-text wpcf7-validates-as-required wtc\" aria-required=\"true\" aria-invalid=\"false\" placeholder=\"Transporte PARA\" value=\"\" type=\"text\" name=\"WTCto\" \/><\/span><br \/>\n<span class=\"wpcf7-form-control-wrap\" data-name=\"WTCdate\"><input size=\"40\" maxlength=\"400\" class=\"wpcf7-form-control wpcf7-text wpcf7-validates-as-required wtc\" aria-required=\"true\" aria-invalid=\"false\" placeholder=\"Data aproximada\" value=\"\" type=\"text\" name=\"WTCdate\" \/><\/span><br \/>\n\t<hr \/><br \/>\n<span class=\"wpcf7-form-control-wrap\" data-name=\"wtcmessage\"><textarea cols=\"40\" rows=\"10\" maxlength=\"2000\" class=\"wpcf7-form-control wpcf7-textarea wtc\" aria-invalid=\"false\" placeholder=\"Give us a few details!  The more you tell us, the more we&#039;ll be able to help!\" name=\"wtcmessage\"><\/textarea><\/span><br \/>\n\t<hr \/>\n\t<\/p>\n\t<p>When you enquire, we'll send an email confirming it. If you don't see it, check your 'spam' folder. Sometimes it happens!\n\t<\/p>\n<hr \/>\n\t<p><span class=\"wpcf7-form-control-wrap\" data-name=\"capital-quiz\"><label><span class=\"wpcf7-quiz-label\">Para parar os spammers ... Voc\u00ea poderia nos dizer qual \u00e9 o maior n\u00famero ... 2 ou 8?<\/span> <input size=\"40\" class=\"wpcf7-form-control wpcf7-quiz\" autocomplete=\"off\" aria-required=\"true\" aria-invalid=\"false\" type=\"text\" name=\"capital-quiz\" \/><\/label><input type=\"hidden\" name=\"_wpcf7_quiz_answer_capital-quiz\" value=\"d02d3f117a18702f1aa410c79e23062a\" \/><\/span><br \/>\n\t<div class=\"wpcf7-response-output\" aria-hidden=\"true\"><\/div><br \/>\n<input class=\"wpcf7-form-control wpcf7-submit has-spinner wtc\" type=\"submit\" value=\"Entrar em contato!\" \/>\n\t<\/p>\n<\/div>\n<\/form>\n<\/div>\n\n<p>&nbsp;<\/p>\n<h3>Instala\u00e7\u00f5es de armazenamento de Dublin<\/h3>\n<p>WanderersTransport.eu tem pontos de armazenamento e transporte em Dublin e no Algarve. A nossa sede \u00e9 em Loul\u00e9, Algarve em Portugal, com o dep\u00f3sito da Irlanda em Dublin e o dep\u00f3sito de Portugal em Loul\u00e9 no Algarve.<\/p>\n<p>Deixe-nos ajud\u00e1-lo a se preparar para uma mudan\u00e7a tranquila e bem-sucedida. Esteja voc\u00ea se mudando de ou para a Irlanda, estaremos com voc\u00ea desde a partida at\u00e9 a chegada. Nossa extensa rede e recursos locais nos permitem fornecer servi\u00e7os da mais alta qualidade do in\u00edcio ao fim.<\/p>\n<h3>Dublin, Irlanda, Algarve e Espanha Costas Removals<\/h3>\n<p>Todos os meses, enviamos um contentor de envio de 45 p\u00e9s da Irlanda para a nossa base em Loul\u00e9, no Algarve. Tamb\u00e9m enviamos contentores e cargas parciais de Portugal para a Irlanda. Tanto em Dublin quanto em Loul\u00e9, podemos oferecer unidades de armazenamento seguras especificamente constru\u00eddas em nosso dep\u00f3sito.<\/p>\n<p>A seguran\u00e7a de seus pertences \u00e9 nossa prioridade. N\u00e3o importa aonde voc\u00ea v\u00e1, mova-se com tranquilidade com o Wanderers Transport. Adaptamo-nos a qualquer situa\u00e7\u00e3o e constru\u00edmos as solu\u00e7\u00f5es que procura. Aconselhamos e temos o compromisso de oferecer aos nossos clientes taxas competitivas, mantendo os melhores padr\u00f5es de qualidade e aderindo \u00e0s pol\u00edticas de compliance.<\/p>","protected":false},"excerpt":{"rendered":"<p>[flash]Removal Service, Dublin, Irlanda e Irlanda do Norte para Portugal e Espanha. Nosso dep\u00f3sito de remo\u00e7\u00e3o, transporte e armazenamento em Dublin cobre toda a Irlanda, incluindo a Irlanda do Norte. Oferecemos transporte regular de Dublin para o Algarve, em Portugal, e para as costas do sul de Espanha. Remo\u00e7\u00f5es internacionais, Irlanda para Espanha e Portugal<\/p>\n<p><a href=\"https:\/\/wandererstransport.eu\/pt\/mudancas-internacionais\/dublin-irlanda\/\" class=\"more-link themebutton\">Read More<\/a><\/p>\n","protected":false},"author":1,"featured_media":488,"parent":312,"menu_order":0,"comment_status":"closed","ping_status":"closed","template":"","meta":{"yasr_overall_rating":0,"yasr_post_is_review":"","yasr_auto_insert_disabled":"","yasr_review_type":"","footnotes":"","_links_to":"","_links_to_target":""},"class_list":["post-418","page","type-page","status-publish","has-post-thumbnail","hentry"],"yoast_head":"<!-- This site is optimized with the Yoast SEO plugin v27.5 - https:\/\/yoast.com\/product\/yoast-seo-wordpress\/ -->\n<title>Dep\u00f3sito de transporte, remo\u00e7\u00f5es e armazenamento de Dublin. WanderersTransport.com<\/title>\n<meta name=\"description\" content=\"{:en}Dublin to and from Portugal &amp; Spain.\u00a0 Our removals, transport &amp; storage depot in Dublin covers Ireland, including Northern Ireland.{:es}Dubl\u00edn desde y hacia Portugal y Espa\u00f1a. Nuestro dep\u00f3sito de mudanzas, transporte y almacenamiento en Dubl\u00edn cubre Irlanda, incluida Irlanda del Norte.{:pt}Dublin de e para Portugal e Espanha. Nosso dep\u00f3sito de remo\u00e7\u00f5es, transporte e armazenamento em Dublin cobre a Irlanda, incluindo a Irlanda do Norte.{:}\" \/>\n<meta name=\"robots\" content=\"index, follow, max-snippet:-1, max-image-preview:large, max-video-preview:-1\" \/>\n<link rel=\"canonical\" href=\"https:\/\/wandererstransport.eu\/international-removals\/dublin-ireland\/\" \/>\n<meta property=\"og:locale\" content=\"pt_PT\" \/>\n<meta property=\"og:type\" content=\"article\" \/>\n<meta property=\"og:title\" content=\"[:en]Dublin Transport, Removals &amp; Storage Depot. WanderersTransport.com[:es]Dep\u00f3sito de transporte, mudanzas y almacenamiento de Dubl\u00edn. WanderersTransport.com[:pt]Dep\u00f3sito de transporte, remo\u00e7\u00f5es e armazenamento de Dublin. WanderersTransport.com[:]\" \/>\n<meta property=\"og:description\" content=\"{:en}Dublin to and from Portugal &amp; Spain.\u00a0 Our removals, transport &amp; storage depot in Dublin covers Ireland, including Northern Ireland.{:es}Dubl\u00edn desde y hacia Portugal y Espa\u00f1a. Nuestro dep\u00f3sito de mudanzas, transporte y almacenamiento en Dubl\u00edn cubre Irlanda, incluida Irlanda del Norte.{:pt}Dublin de e para Portugal e Espanha. Nosso dep\u00f3sito de remo\u00e7\u00f5es, transporte e armazenamento em Dublin cobre a Irlanda, incluindo a Irlanda do Norte.{:}\" \/>\n<meta property=\"og:url\" content=\"https:\/\/wandererstransport.eu\/international-removals\/dublin-ireland\/\" \/>\n<meta property=\"og:site_name\" content=\"WanderersTransport.eu\" \/>\n<meta property=\"article:modified_time\" content=\"2024-04-08T16:15:46+00:00\" \/>\n<meta property=\"og:image\" content=\"https:\/\/wandererstransport.eu\/wp-content\/uploads\/2021\/04\/dublin-ireland.jpg\" \/>\n\t<meta property=\"og:image:width\" content=\"1200\" \/>\n\t<meta property=\"og:image:height\" content=\"630\" \/>\n\t<meta property=\"og:image:type\" content=\"image\/jpeg\" \/>\n<meta name=\"twitter:card\" content=\"summary_large_image\" \/>\n<meta name=\"twitter:label1\" content=\"Tempo estimado de leitura\" \/>\n\t<meta name=\"twitter:data1\" content=\"6 minutos\" \/>\n<script type=\"application\/ld+json\" class=\"yoast-schema-graph\">{\"@context\":\"https:\\\/\\\/schema.org\",\"@graph\":[{\"@type\":\"WebPage\",\"@id\":\"https:\\\/\\\/wandererstransport.eu\\\/international-removals\\\/dublin-ireland\\\/\",\"url\":\"https:\\\/\\\/wandererstransport.eu\\\/international-removals\\\/dublin-ireland\\\/\",\"name\":\"[:en]Dublin Transport, Removals & Storage Depot. WanderersTransport.com[:es]Dep\u00f3sito de transporte, mudanzas y almacenamiento de Dubl\u00edn. WanderersTransport.com[:pt]Dep\u00f3sito de transporte, remo\u00e7\u00f5es e armazenamento de Dublin. WanderersTransport.com[:]\",\"isPartOf\":{\"@id\":\"https:\\\/\\\/wandererstransport.eu\\\/#website\"},\"primaryImageOfPage\":{\"@id\":\"https:\\\/\\\/wandererstransport.eu\\\/international-removals\\\/dublin-ireland\\\/#primaryimage\"},\"image\":{\"@id\":\"https:\\\/\\\/wandererstransport.eu\\\/international-removals\\\/dublin-ireland\\\/#primaryimage\"},\"thumbnailUrl\":\"https:\\\/\\\/wandererstransport.eu\\\/wp-content\\\/uploads\\\/2021\\\/04\\\/dublin-ireland.jpg\",\"datePublished\":\"2021-03-25T10:36:52+00:00\",\"dateModified\":\"2024-04-08T16:15:46+00:00\",\"description\":\"{:en}Dublin to and from Portugal & Spain.\u00a0 Our removals, transport & storage depot in Dublin covers Ireland, including Northern Ireland.{:es}Dubl\u00edn desde y hacia Portugal y Espa\u00f1a. Nuestro dep\u00f3sito de mudanzas, transporte y almacenamiento en Dubl\u00edn cubre Irlanda, incluida Irlanda del Norte.{:pt}Dublin de e para Portugal e Espanha. Nosso dep\u00f3sito de remo\u00e7\u00f5es, transporte e armazenamento em Dublin cobre a Irlanda, incluindo a Irlanda do Norte.{:}\",\"breadcrumb\":{\"@id\":\"https:\\\/\\\/wandererstransport.eu\\\/international-removals\\\/dublin-ireland\\\/#breadcrumb\"},\"inLanguage\":\"pt-PT\",\"potentialAction\":[{\"@type\":\"ReadAction\",\"target\":[\"https:\\\/\\\/wandererstransport.eu\\\/international-removals\\\/dublin-ireland\\\/\"]}]},{\"@type\":\"ImageObject\",\"inLanguage\":\"pt-PT\",\"@id\":\"https:\\\/\\\/wandererstransport.eu\\\/international-removals\\\/dublin-ireland\\\/#primaryimage\",\"url\":\"https:\\\/\\\/wandererstransport.eu\\\/wp-content\\\/uploads\\\/2021\\\/04\\\/dublin-ireland.jpg\",\"contentUrl\":\"https:\\\/\\\/wandererstransport.eu\\\/wp-content\\\/uploads\\\/2021\\\/04\\\/dublin-ireland.jpg\",\"width\":1200,\"height\":630},{\"@type\":\"BreadcrumbList\",\"@id\":\"https:\\\/\\\/wandererstransport.eu\\\/international-removals\\\/dublin-ireland\\\/#breadcrumb\",\"itemListElement\":[{\"@type\":\"ListItem\",\"position\":1,\"name\":\"Home\",\"item\":\"https:\\\/\\\/wandererstransport.eu\\\/\"},{\"@type\":\"ListItem\",\"position\":2,\"name\":\"International Removals\",\"item\":\"https:\\\/\\\/wandererstransport.eu\\\/international-removals\\\/\"},{\"@type\":\"ListItem\",\"position\":3,\"name\":\"Dublin, Ireland\"}]},{\"@type\":\"WebSite\",\"@id\":\"https:\\\/\\\/wandererstransport.eu\\\/#website\",\"url\":\"https:\\\/\\\/wandererstransport.eu\\\/\",\"name\":\"WanderersTransport.eu\",\"description\":\"Mudan\u00e7as dom\u00e9sticas, transporte e armazenamento entre o Reino Unido, Espanha e Portugal.\",\"publisher\":{\"@id\":\"https:\\\/\\\/wandererstransport.eu\\\/#organization\"},\"potentialAction\":[{\"@type\":\"SearchAction\",\"target\":{\"@type\":\"EntryPoint\",\"urlTemplate\":\"https:\\\/\\\/wandererstransport.eu\\\/?s={search_term_string}\"},\"query-input\":{\"@type\":\"PropertyValueSpecification\",\"valueRequired\":true,\"valueName\":\"search_term_string\"}}],\"inLanguage\":\"pt-PT\"},{\"@type\":\"Organization\",\"@id\":\"https:\\\/\\\/wandererstransport.eu\\\/#organization\",\"name\":\"WanderersTransport.eu\",\"url\":\"https:\\\/\\\/wandererstransport.eu\\\/\",\"logo\":{\"@type\":\"ImageObject\",\"inLanguage\":\"pt-PT\",\"@id\":\"https:\\\/\\\/wandererstransport.eu\\\/#\\\/schema\\\/logo\\\/image\\\/\",\"url\":\"https:\\\/\\\/wandererstransport.eu\\\/wp-content\\\/uploads\\\/2020\\\/08\\\/Wanderers-Transport-Storeage-Logo-02.png\",\"contentUrl\":\"https:\\\/\\\/wandererstransport.eu\\\/wp-content\\\/uploads\\\/2020\\\/08\\\/Wanderers-Transport-Storeage-Logo-02.png\",\"width\":490,\"height\":162,\"caption\":\"WanderersTransport.eu\"},\"image\":{\"@id\":\"https:\\\/\\\/wandererstransport.eu\\\/#\\\/schema\\\/logo\\\/image\\\/\"}},false]}<\/script>\n<!-- \/ Yoast SEO plugin. -->","yoast_head_json":{"title":"[:en]Dublin Transport, Removals & Storage Depot. WanderersTransport.com[:es]Dep\u00f3sito de transporte, mudanzas y almacenamiento de Dubl\u00edn. WanderersTransport.com[:pt]Dep\u00f3sito de transporte, remo\u00e7\u00f5es e armazenamento de Dublin. WanderersTransport.com[:]","description":"{:en}Dublin to and from Portugal & Spain.\u00a0 Our removals, transport & storage depot in Dublin covers Ireland, including Northern Ireland.{:es}Dubl\u00edn desde y hacia Portugal y Espa\u00f1a. Nuestro dep\u00f3sito de mudanzas, transporte y almacenamiento en Dubl\u00edn cubre Irlanda, incluida Irlanda del Norte.{:pt}Dublin de e para Portugal e Espanha. Nosso dep\u00f3sito de remo\u00e7\u00f5es, transporte e armazenamento em Dublin cobre a Irlanda, incluindo a Irlanda do Norte.{:}","robots":{"index":"index","follow":"follow","max-snippet":"max-snippet:-1","max-image-preview":"max-image-preview:large","max-video-preview":"max-video-preview:-1"},"canonical":"https:\/\/wandererstransport.eu\/international-removals\/dublin-ireland\/","og_locale":"pt_PT","og_type":"article","og_title":"[:en]Dublin Transport, Removals & Storage Depot. WanderersTransport.com[:es]Dep\u00f3sito de transporte, mudanzas y almacenamiento de Dubl\u00edn. WanderersTransport.com[:pt]Dep\u00f3sito de transporte, remo\u00e7\u00f5es e armazenamento de Dublin. WanderersTransport.com[:]","og_description":"{:en}Dublin to and from Portugal & Spain.\u00a0 Our removals, transport & storage depot in Dublin covers Ireland, including Northern Ireland.{:es}Dubl\u00edn desde y hacia Portugal y Espa\u00f1a. Nuestro dep\u00f3sito de mudanzas, transporte y almacenamiento en Dubl\u00edn cubre Irlanda, incluida Irlanda del Norte.{:pt}Dublin de e para Portugal e Espanha. Nosso dep\u00f3sito de remo\u00e7\u00f5es, transporte e armazenamento em Dublin cobre a Irlanda, incluindo a Irlanda do Norte.{:}","og_url":"https:\/\/wandererstransport.eu\/international-removals\/dublin-ireland\/","og_site_name":"WanderersTransport.eu","article_modified_time":"2024-04-08T16:15:46+00:00","og_image":[{"width":1200,"height":630,"url":"https:\/\/wandererstransport.eu\/wp-content\/uploads\/2021\/04\/dublin-ireland.jpg","type":"image\/jpeg"}],"twitter_card":"summary_large_image","twitter_misc":{"Tempo estimado de leitura":"6 minutos"},"schema":{"@context":"https:\/\/schema.org","@graph":[{"@type":"WebPage","@id":"https:\/\/wandererstransport.eu\/international-removals\/dublin-ireland\/","url":"https:\/\/wandererstransport.eu\/international-removals\/dublin-ireland\/","name":"[:en]Dublin Transport, Removals & Storage Depot. WanderersTransport.com[:es]Dep\u00f3sito de transporte, mudanzas y almacenamiento de Dubl\u00edn. WanderersTransport.com[:pt]Dep\u00f3sito de transporte, remo\u00e7\u00f5es e armazenamento de Dublin. WanderersTransport.com[:]","isPartOf":{"@id":"https:\/\/wandererstransport.eu\/#website"},"primaryImageOfPage":{"@id":"https:\/\/wandererstransport.eu\/international-removals\/dublin-ireland\/#primaryimage"},"image":{"@id":"https:\/\/wandererstransport.eu\/international-removals\/dublin-ireland\/#primaryimage"},"thumbnailUrl":"https:\/\/wandererstransport.eu\/wp-content\/uploads\/2021\/04\/dublin-ireland.jpg","datePublished":"2021-03-25T10:36:52+00:00","dateModified":"2024-04-08T16:15:46+00:00","description":"{:en}Dublin to and from Portugal & Spain.\u00a0 Our removals, transport & storage depot in Dublin covers Ireland, including Northern Ireland.{:es}Dubl\u00edn desde y hacia Portugal y Espa\u00f1a. Nuestro dep\u00f3sito de mudanzas, transporte y almacenamiento en Dubl\u00edn cubre Irlanda, incluida Irlanda del Norte.{:pt}Dublin de e para Portugal e Espanha. Nosso dep\u00f3sito de remo\u00e7\u00f5es, transporte e armazenamento em Dublin cobre a Irlanda, incluindo a Irlanda do Norte.{:}","breadcrumb":{"@id":"https:\/\/wandererstransport.eu\/international-removals\/dublin-ireland\/#breadcrumb"},"inLanguage":"pt-PT","potentialAction":[{"@type":"ReadAction","target":["https:\/\/wandererstransport.eu\/international-removals\/dublin-ireland\/"]}]},{"@type":"ImageObject","inLanguage":"pt-PT","@id":"https:\/\/wandererstransport.eu\/international-removals\/dublin-ireland\/#primaryimage","url":"https:\/\/wandererstransport.eu\/wp-content\/uploads\/2021\/04\/dublin-ireland.jpg","contentUrl":"https:\/\/wandererstransport.eu\/wp-content\/uploads\/2021\/04\/dublin-ireland.jpg","width":1200,"height":630},{"@type":"BreadcrumbList","@id":"https:\/\/wandererstransport.eu\/international-removals\/dublin-ireland\/#breadcrumb","itemListElement":[{"@type":"ListItem","position":1,"name":"Home","item":"https:\/\/wandererstransport.eu\/"},{"@type":"ListItem","position":2,"name":"International Removals","item":"https:\/\/wandererstransport.eu\/international-removals\/"},{"@type":"ListItem","position":3,"name":"Dublin, Ireland"}]},{"@type":"WebSite","@id":"https:\/\/wandererstransport.eu\/#website","url":"https:\/\/wandererstransport.eu\/","name":"WanderersTransport.eu","description":"Mudan\u00e7as dom\u00e9sticas, transporte e armazenamento entre o Reino Unido, Espanha e Portugal.","publisher":{"@id":"https:\/\/wandererstransport.eu\/#organization"},"potentialAction":[{"@type":"SearchAction","target":{"@type":"EntryPoint","urlTemplate":"https:\/\/wandererstransport.eu\/?s={search_term_string}"},"query-input":{"@type":"PropertyValueSpecification","valueRequired":true,"valueName":"search_term_string"}}],"inLanguage":"pt-PT"},{"@type":"Organization","@id":"https:\/\/wandererstransport.eu\/#organization","name":"WanderersTransport.eu","url":"https:\/\/wandererstransport.eu\/","logo":{"@type":"ImageObject","inLanguage":"pt-PT","@id":"https:\/\/wandererstransport.eu\/#\/schema\/logo\/image\/","url":"https:\/\/wandererstransport.eu\/wp-content\/uploads\/2020\/08\/Wanderers-Transport-Storeage-Logo-02.png","contentUrl":"https:\/\/wandererstransport.eu\/wp-content\/uploads\/2020\/08\/Wanderers-Transport-Storeage-Logo-02.png","width":490,"height":162,"caption":"WanderersTransport.eu"},"image":{"@id":"https:\/\/wandererstransport.eu\/#\/schema\/logo\/image\/"}},false]}},"yasr_visitor_votes":{"stars_attributes":{"read_only":false,"span_bottom":false},"number_of_votes":2,"sum_votes":10},"_links":{"self":[{"href":"https:\/\/wandererstransport.eu\/pt\/wp-json\/wp\/v2\/pages\/418","targetHints":{"allow":["GET"]}}],"collection":[{"href":"https:\/\/wandererstransport.eu\/pt\/wp-json\/wp\/v2\/pages"}],"about":[{"href":"https:\/\/wandererstransport.eu\/pt\/wp-json\/wp\/v2\/types\/page"}],"author":[{"embeddable":true,"href":"https:\/\/wandererstransport.eu\/pt\/wp-json\/wp\/v2\/users\/1"}],"replies":[{"embeddable":true,"href":"https:\/\/wandererstransport.eu\/pt\/wp-json\/wp\/v2\/comments?post=418"}],"version-history":[{"count":0,"href":"https:\/\/wandererstransport.eu\/pt\/wp-json\/wp\/v2\/pages\/418\/revisions"}],"up":[{"embeddable":true,"href":"https:\/\/wandererstransport.eu\/pt\/wp-json\/wp\/v2\/pages\/312"}],"wp:featuredmedia":[{"embeddable":true,"href":"https:\/\/wandererstransport.eu\/pt\/wp-json\/wp\/v2\/media\/488"}],"wp:attachment":[{"href":"https:\/\/wandererstransport.eu\/pt\/wp-json\/wp\/v2\/media?parent=418"}],"curies":[{"name":"wp","href":"https:\/\/api.w.org\/{rel}","templated":true}]}}