{"id":22,"date":"2020-04-11T11:35:00","date_gmt":"2020-04-11T11:35:00","guid":{"rendered":"https:\/\/wandererstransport.eu\/?page_id=22"},"modified":"2024-04-08T13:10:09","modified_gmt":"2024-04-08T13:10:09","slug":"storage","status":"publish","type":"page","link":"https:\/\/wandererstransport.eu\/pt\/servicos-de-armazenamento\/","title":{"rendered":"Servi\u00e7os de armazenamento &#8211; Seguro e protegido"},"content":{"rendered":"<p>[flash]<strong>Servi\u00e7os de armazenamento no Reino Unido, Espanha e Portugal. Sempre seguros, nossas instala\u00e7\u00f5es de armazenamento seguras e alarmadas s\u00e3o perfeitas para o curto prazo, \u00e0 medida que voc\u00ea muda de casa ou solu\u00e7\u00f5es de armazenamento de longo prazo!<\/strong><\/p>\n<div id=\"attachment_145\" style=\"width: 1210px\" class=\"wp-caption alignnone\"><img loading=\"lazy\" decoding=\"async\" aria-describedby=\"caption-attachment-145\" class=\"wp-image-145 size-full\" src=\"https:\/\/wandererstransport.eu\/wp-content\/uploads\/2020\/04\/Storage-Services-Spain-UK-Spain-Portugal-Transports-Wanderers-Transport-OG02.jpg\" alt=\"Storage Services, UK, Spain, Portugal. WanderersTransport.eu\" width=\"1200\" height=\"630\" srcset=\"https:\/\/wandererstransport.eu\/wp-content\/uploads\/2020\/04\/Storage-Services-Spain-UK-Spain-Portugal-Transports-Wanderers-Transport-OG02.jpg 1200w, https:\/\/wandererstransport.eu\/wp-content\/uploads\/2020\/04\/Storage-Services-Spain-UK-Spain-Portugal-Transports-Wanderers-Transport-OG02-300x158.jpg 300w, https:\/\/wandererstransport.eu\/wp-content\/uploads\/2020\/04\/Storage-Services-Spain-UK-Spain-Portugal-Transports-Wanderers-Transport-OG02-1024x538.jpg 1024w, https:\/\/wandererstransport.eu\/wp-content\/uploads\/2020\/04\/Storage-Services-Spain-UK-Spain-Portugal-Transports-Wanderers-Transport-OG02-768x403.jpg 768w\" sizes=\"auto, (max-width: 1200px) 100vw, 1200px\" \/><p id=\"caption-attachment-145\" class=\"wp-caption-text\">Storage Services, UK, Spain, Portugal. WanderersTransport.eu<\/p><\/div>\n<h2>Instala\u00e7\u00f5es de armazenamento seguro &#8211; Reino Unido, Espanha e Portugal<\/h2>\n<p>A WanderersTransport.eu possui tr\u00eas pontos principais de armazenamento e transporte. Nossa sede fica em Antas, Almeria, na Espanha, com o dep\u00f3sito do Reino Unido em Salford e o dep\u00f3sito de Portugal em Loul\u00e9, no Algarve.<\/p>\n<h3>Fale Conosco! \u00d3timas cita\u00e7\u00f5es!<\/h3>\n\n<div class=\"wpcf7 no-js\" id=\"wpcf7-f117-o3\" lang=\"en-US\" dir=\"ltr\" data-wpcf7-id=\"117\">\n<div class=\"screen-reader-response\"><p role=\"status\" aria-live=\"polite\" aria-atomic=\"true\"><\/p> <ul><\/ul><\/div>\n<form action=\"\/pt\/wp-json\/wp\/v2\/pages\/22#wpcf7-f117-o3\" method=\"post\" class=\"wpcf7-form init\" aria-label=\"Contact form\" novalidate=\"novalidate\" data-status=\"init\">\n<fieldset class=\"hidden-fields-container\"><input type=\"hidden\" name=\"_wpcf7\" value=\"117\" \/><input type=\"hidden\" name=\"_wpcf7_version\" value=\"6.1.5\" \/><input type=\"hidden\" name=\"_wpcf7_locale\" value=\"en_US\" \/><input type=\"hidden\" name=\"_wpcf7_unit_tag\" value=\"wpcf7-f117-o3\" \/><input type=\"hidden\" name=\"_wpcf7_container_post\" value=\"0\" \/><input type=\"hidden\" name=\"_wpcf7_posted_data_hash\" value=\"\" \/>\n<\/fieldset>\n<div class=\"contact01box\">\n\t<p><span class=\"wpcf7-form-control-wrap\" data-name=\"WTCname\"><input size=\"40\" maxlength=\"400\" class=\"wpcf7-form-control wpcf7-text wpcf7-validates-as-required wtc\" aria-required=\"true\" aria-invalid=\"false\" placeholder=\"seu nome\" value=\"\" type=\"text\" name=\"WTCname\" \/><\/span><br \/>\n<span class=\"wpcf7-form-control-wrap\" data-name=\"WTCemail\"><input size=\"40\" maxlength=\"400\" class=\"wpcf7-form-control wpcf7-email wpcf7-validates-as-required wpcf7-text wpcf7-validates-as-email wtc\" aria-required=\"true\" aria-invalid=\"false\" placeholder=\"endere\u00e7o de e-mail\" value=\"\" type=\"email\" name=\"WTCemail\" \/><\/span><br \/>\n<span class=\"wpcf7-form-control-wrap\" data-name=\"WTCphone\"><input size=\"40\" maxlength=\"400\" class=\"wpcf7-form-control wpcf7-tel wpcf7-text wpcf7-validates-as-tel wtc\" aria-invalid=\"false\" placeholder=\"n\u00famero de telefone\" value=\"\" type=\"tel\" name=\"WTCphone\" \/><\/span><br \/>\n\t<hr \/><br \/>\n<span class=\"wpcf7-form-control-wrap\" data-name=\"WTCfrom\"><input size=\"40\" maxlength=\"400\" class=\"wpcf7-form-control wpcf7-text wpcf7-validates-as-required wtc\" aria-required=\"true\" aria-invalid=\"false\" placeholder=\"Transporte DE\" value=\"\" type=\"text\" name=\"WTCfrom\" \/><\/span><br \/>\n<span class=\"wpcf7-form-control-wrap\" data-name=\"WTCto\"><input size=\"40\" maxlength=\"400\" class=\"wpcf7-form-control wpcf7-text wpcf7-validates-as-required wtc\" aria-required=\"true\" aria-invalid=\"false\" placeholder=\"Transporte PARA\" value=\"\" type=\"text\" name=\"WTCto\" \/><\/span><br \/>\n<span class=\"wpcf7-form-control-wrap\" data-name=\"WTCdate\"><input size=\"40\" maxlength=\"400\" class=\"wpcf7-form-control wpcf7-text wpcf7-validates-as-required wtc\" aria-required=\"true\" aria-invalid=\"false\" placeholder=\"Data aproximada\" value=\"\" type=\"text\" name=\"WTCdate\" \/><\/span><br \/>\n\t<hr \/><br \/>\n<span class=\"wpcf7-form-control-wrap\" data-name=\"wtcmessage\"><textarea cols=\"40\" rows=\"10\" maxlength=\"2000\" class=\"wpcf7-form-control wpcf7-textarea wtc\" aria-invalid=\"false\" placeholder=\"Give us a few details!  The more you tell us, the more we&#039;ll be able to help!\" name=\"wtcmessage\"><\/textarea><\/span><br \/>\n\t<hr \/>\n\t<\/p>\n\t<p>When you enquire, we'll send an email confirming it. If you don't see it, check your 'spam' folder. Sometimes it happens!\n\t<\/p>\n<hr \/>\n\t<p><span class=\"wpcf7-form-control-wrap\" data-name=\"capital-quiz\"><label><span class=\"wpcf7-quiz-label\">Para parar os spammers ... Voc\u00ea poderia nos dizer qual \u00e9 o maior n\u00famero ... 2 ou 8?<\/span> <input size=\"40\" class=\"wpcf7-form-control wpcf7-quiz\" autocomplete=\"off\" aria-required=\"true\" aria-invalid=\"false\" type=\"text\" name=\"capital-quiz\" \/><\/label><input type=\"hidden\" name=\"_wpcf7_quiz_answer_capital-quiz\" value=\"d02d3f117a18702f1aa410c79e23062a\" \/><\/span><br \/>\n\t<div class=\"wpcf7-response-output\" aria-hidden=\"true\"><\/div><br \/>\n<input class=\"wpcf7-form-control wpcf7-submit has-spinner wtc\" type=\"submit\" value=\"Entrar em contato!\" \/>\n\t<\/p>\n<\/div>\n<\/form>\n<\/div>\n\n<h3>Servi\u00e7os de armazenamento de curto e longo prazo<\/h3>\n<p>Como uma empresa de remo\u00e7\u00e3o de muitos anos, estamos acostumados a clientes que desejam armazenamento de longo e curto prazo. Quaisquer que sejam suas necessidades, temos o servi\u00e7o de armazenamento seguro para atender voc\u00ea! Todas as nossas instala\u00e7\u00f5es de armazenamento no Reino Unido, Espanha e Portugal s\u00e3o especialmente projetadas e baseadas em nossa experi\u00eancia sonora. Voc\u00ea pode telefonar a qualquer momento para ver por si mesmo como seus bens est\u00e3o sendo armazenados e tratados (os compromissos sempre s\u00e3o preferidos).<\/p>\n<h3>Solu\u00e7\u00f5es de armazenamento pessoal<\/h3>\n<p>Seus pertences s\u00e3o sempre cuidadosamente inventariados e embalados em cont\u00eaineres e depois lacrados &#8211; para n\u00e3o serem abertos novamente at\u00e9 que voc\u00ea precise devolv\u00ea-los. Durante a estadia em nosso armaz\u00e9m, os cont\u00eaineres numerados s\u00e3o posicionados em fileiras organizadas, garantindo a m\u00e1xima seguran\u00e7a com o m\u00ednimo de manuseio.<\/p>\n<p>Todos os nossos armaz\u00e9ns de armazenamento limpos e projetados para fins espec\u00edficos t\u00eam seguran\u00e7a 24 horas e controle rigoroso de inc\u00eandio, refor\u00e7ado por uma rigorosa pol\u00edtica de n\u00e3o fumantes.<\/p>\n<p>Tamb\u00e9m oferecemos armazenamento de curto prazo, mas n\u00e3o permitimos auto armazenamento ou recupera\u00e7\u00e3o. Isso garante que possamos manter o controle sobre os aspectos importantes de seguran\u00e7a e prote\u00e7\u00e3o necess\u00e1rios para proteger os objetos de valor e outras posses sob nossos cuidados.<\/p>\n<p>Para mais informa\u00e7\u00f5es sobre armazenamento, entre em contato! N\u00f3s estamos aqui para ajudar!<\/p>\n<p>Mudan\u00e7as e servi\u00e7os de transporte &#8211; Reino Unido, Espanha, Portugal<\/p>\n<p>A WanderersTransport.eu \u00e9 realmente uma empresa local! Passamos muitos anos na Costa del Sol na Espanha, no Algarve em Protugal e (predominantemente) no noroeste da Inglaterra, na \u00e1rea de Manchester, transportando mercadorias de clientes por toda a Europa.<\/p>\n<p>Esteja voc\u00ea se aproximando ou longe, o WanderersTransport.eu \u00e9 sua primeira escolha para remo\u00e7\u00f5es locais na Costa del Sol ou transportes europeus entre o Reino Unido, Espanha e Portugal. Desde remo\u00e7\u00f5es menores e cargas de pe\u00e7as a caminh\u00f5es dedicados com cont\u00eaineres completos, oferecemos um servi\u00e7o de transporte econ\u00f4mico com rastreamento completo para remessas menores e um servi\u00e7o de courier confi\u00e1vel para itens \u00fanicos.<\/p>\n<p>&nbsp;<\/p>\n<p>&nbsp;<\/p>\n<h3>WanderersTransport.eu<\/h3>\n<ul>\n<li><a href=\"https:\/\/wandererstransport.eu\/pt\/transporte-de-conteineres\/\">Transporte de Cont\u00eaineres<\/a><\/li>\n<li><a href=\"https:\/\/wandererstransport.eu\/pt\/mudancas-e-armazenamento-reino-unido-espanha-portugal\/\">Reino Unido, Espanha, Portugal Transportes e Mudan\u00e7as<\/a><\/li>\n<li><a href=\"https:\/\/wandererstransport.eu\/pt\/servicos-de-armazenamento\/\">Armazenamento<\/a><\/li>\n<li><a href=\"https:\/\/wandererstransport.eu\/pt\/cotacao\/\">Cota\u00e7\u00e3o<\/a><\/li>\n<\/ul>\n<p><\/p>","protected":false},"excerpt":{"rendered":"<p>[flash]Servi\u00e7os de armazenamento no Reino Unido, Espanha e Portugal. Sempre seguros, nossas instala\u00e7\u00f5es de armazenamento seguras e alarmadas s\u00e3o perfeitas para o curto prazo, \u00e0 medida que voc\u00ea muda de casa ou solu\u00e7\u00f5es de armazenamento de longo prazo! Instala\u00e7\u00f5es de armazenamento seguro &#8211; Reino Unido, Espanha e Portugal A WanderersTransport.eu possui tr\u00eas pontos principais de<\/p>\n<p><a href=\"https:\/\/wandererstransport.eu\/pt\/servicos-de-armazenamento\/\" class=\"more-link themebutton\">Read More<\/a><\/p>\n","protected":false},"author":1,"featured_media":93,"parent":0,"menu_order":0,"comment_status":"closed","ping_status":"closed","template":"","meta":{"yasr_overall_rating":0,"yasr_post_is_review":"","yasr_auto_insert_disabled":"","yasr_review_type":"","footnotes":"","_links_to":"","_links_to_target":""},"class_list":["post-22","page","type-page","status-publish","has-post-thumbnail","hentry"],"yoast_head":"<!-- This site is optimized with the Yoast SEO plugin v27.5 - https:\/\/yoast.com\/product\/yoast-seo-wordpress\/ -->\n<title>Servi\u00e7os de armazenamento, Reino Unido, Espanha, Portugal. WanderersTransport.eu<\/title>\n<meta name=\"description\" content=\"[:en]Storage Services - UK, Spain &amp; Portugal. WanderersTransport.eu have three storage and transport depot pointsin Almeria, Salford and Loule in the Algarve.[:es]Servicios de almacenamiento - Reino Unido, Espa\u00f1a y Portugal. WanderersTransport.eu tiene tres puntos de dep\u00f3sito de almacenamiento y transporte en Almer\u00eda, Salford y Loul\u00e9 en el Algarve.[:pt]Servi\u00e7os de armazenamento - Reino Unido, Espanha e Portugal. A WanderersTransport.eu tem tr\u00eas pontos de armazenamento e transporte em Almeria, Salford e Loule no Algarve.[:]\" \/>\n<meta name=\"robots\" content=\"index, follow, max-snippet:-1, max-image-preview:large, max-video-preview:-1\" \/>\n<link rel=\"canonical\" href=\"https:\/\/wandererstransport.eu\/storage-services-safe-secure\/\" \/>\n<meta property=\"og:locale\" content=\"pt_PT\" \/>\n<meta property=\"og:type\" content=\"article\" \/>\n<meta property=\"og:title\" content=\"[:en]Storage Services, UK, Spain, Portugal. WanderersTransport.eu[:es]Servicios de almacenamiento, Reino Unido, Espa\u00f1a, Portugal. WanderersTransport.eu[:pt]Servi\u00e7os de armazenamento, Reino Unido, Espanha, Portugal. WanderersTransport.eu[:]\" \/>\n<meta property=\"og:description\" content=\"[:en]Storage Services - UK, Spain &amp; Portugal. WanderersTransport.eu have three storage and transport depot pointsin Almeria, Salford and Loule in the Algarve.[:es]Servicios de almacenamiento - Reino Unido, Espa\u00f1a y Portugal. WanderersTransport.eu tiene tres puntos de dep\u00f3sito de almacenamiento y transporte en Almer\u00eda, Salford y Loul\u00e9 en el Algarve.[:pt]Servi\u00e7os de armazenamento - Reino Unido, Espanha e Portugal. A WanderersTransport.eu tem tr\u00eas pontos de armazenamento e transporte em Almeria, Salford e Loule no Algarve.[:]\" \/>\n<meta property=\"og:url\" content=\"https:\/\/wandererstransport.eu\/storage-services-safe-secure\/\" \/>\n<meta property=\"og:site_name\" content=\"WanderersTransport.eu\" \/>\n<meta property=\"article:modified_time\" content=\"2024-04-08T13:10:09+00:00\" \/>\n<meta property=\"og:image\" content=\"https:\/\/wandererstransport.eu\/wp-content\/uploads\/2020\/04\/Storage-Services-Spain-UK-Spain-Portugal-Transports-Wanderers-Transport-OG01.jpg\" \/>\n\t<meta property=\"og:image:width\" content=\"1200\" \/>\n\t<meta property=\"og:image:height\" content=\"630\" \/>\n\t<meta property=\"og:image:type\" content=\"image\/jpeg\" \/>\n<meta name=\"twitter:card\" content=\"summary_large_image\" \/>\n<meta name=\"twitter:label1\" content=\"Tempo estimado de leitura\" \/>\n\t<meta name=\"twitter:data1\" content=\"6 minutos\" \/>\n<script type=\"application\/ld+json\" class=\"yoast-schema-graph\">{\"@context\":\"https:\\\/\\\/schema.org\",\"@graph\":[{\"@type\":\"WebPage\",\"@id\":\"https:\\\/\\\/wandererstransport.eu\\\/storage-services-safe-secure\\\/\",\"url\":\"https:\\\/\\\/wandererstransport.eu\\\/storage-services-safe-secure\\\/\",\"name\":\"[:en]Storage Services, UK, Spain, Portugal. WanderersTransport.eu[:es]Servicios de almacenamiento, Reino Unido, Espa\u00f1a, Portugal. WanderersTransport.eu[:pt]Servi\u00e7os de armazenamento, Reino Unido, Espanha, Portugal. WanderersTransport.eu[:]\",\"isPartOf\":{\"@id\":\"https:\\\/\\\/wandererstransport.eu\\\/#website\"},\"primaryImageOfPage\":{\"@id\":\"https:\\\/\\\/wandererstransport.eu\\\/storage-services-safe-secure\\\/#primaryimage\"},\"image\":{\"@id\":\"https:\\\/\\\/wandererstransport.eu\\\/storage-services-safe-secure\\\/#primaryimage\"},\"thumbnailUrl\":\"https:\\\/\\\/wandererstransport.eu\\\/wp-content\\\/uploads\\\/2020\\\/04\\\/Storage-Services-Spain-UK-Spain-Portugal-Transports-Wanderers-Transport-OG01.jpg\",\"datePublished\":\"2020-04-11T11:35:00+00:00\",\"dateModified\":\"2024-04-08T13:10:09+00:00\",\"description\":\"[:en]Storage Services - UK, Spain & Portugal. WanderersTransport.eu have three storage and transport depot pointsin Almeria, Salford and Loule in the Algarve.[:es]Servicios de almacenamiento - Reino Unido, Espa\u00f1a y Portugal. WanderersTransport.eu tiene tres puntos de dep\u00f3sito de almacenamiento y transporte en Almer\u00eda, Salford y Loul\u00e9 en el Algarve.[:pt]Servi\u00e7os de armazenamento - Reino Unido, Espanha e Portugal. A WanderersTransport.eu tem tr\u00eas pontos de armazenamento e transporte em Almeria, Salford e Loule no Algarve.[:]\",\"breadcrumb\":{\"@id\":\"https:\\\/\\\/wandererstransport.eu\\\/storage-services-safe-secure\\\/#breadcrumb\"},\"inLanguage\":\"pt-PT\",\"potentialAction\":[{\"@type\":\"ReadAction\",\"target\":[\"https:\\\/\\\/wandererstransport.eu\\\/storage-services-safe-secure\\\/\"]}]},{\"@type\":\"ImageObject\",\"inLanguage\":\"pt-PT\",\"@id\":\"https:\\\/\\\/wandererstransport.eu\\\/storage-services-safe-secure\\\/#primaryimage\",\"url\":\"https:\\\/\\\/wandererstransport.eu\\\/wp-content\\\/uploads\\\/2020\\\/04\\\/Storage-Services-Spain-UK-Spain-Portugal-Transports-Wanderers-Transport-OG01.jpg\",\"contentUrl\":\"https:\\\/\\\/wandererstransport.eu\\\/wp-content\\\/uploads\\\/2020\\\/04\\\/Storage-Services-Spain-UK-Spain-Portugal-Transports-Wanderers-Transport-OG01.jpg\",\"width\":1200,\"height\":630,\"caption\":\"Storage Services Spain - UK Spain Portugal Transports - Wanderers Transport OG01\"},{\"@type\":\"BreadcrumbList\",\"@id\":\"https:\\\/\\\/wandererstransport.eu\\\/storage-services-safe-secure\\\/#breadcrumb\",\"itemListElement\":[{\"@type\":\"ListItem\",\"position\":1,\"name\":\"Home\",\"item\":\"https:\\\/\\\/wandererstransport.eu\\\/\"},{\"@type\":\"ListItem\",\"position\":2,\"name\":\"Storage Services. Safe, Secure.\"}]},{\"@type\":\"WebSite\",\"@id\":\"https:\\\/\\\/wandererstransport.eu\\\/#website\",\"url\":\"https:\\\/\\\/wandererstransport.eu\\\/\",\"name\":\"WanderersTransport.eu\",\"description\":\"Mudan\u00e7as dom\u00e9sticas, transporte e armazenamento entre o Reino Unido, Espanha e Portugal.\",\"publisher\":{\"@id\":\"https:\\\/\\\/wandererstransport.eu\\\/#organization\"},\"potentialAction\":[{\"@type\":\"SearchAction\",\"target\":{\"@type\":\"EntryPoint\",\"urlTemplate\":\"https:\\\/\\\/wandererstransport.eu\\\/?s={search_term_string}\"},\"query-input\":{\"@type\":\"PropertyValueSpecification\",\"valueRequired\":true,\"valueName\":\"search_term_string\"}}],\"inLanguage\":\"pt-PT\"},{\"@type\":\"Organization\",\"@id\":\"https:\\\/\\\/wandererstransport.eu\\\/#organization\",\"name\":\"WanderersTransport.eu\",\"url\":\"https:\\\/\\\/wandererstransport.eu\\\/\",\"logo\":{\"@type\":\"ImageObject\",\"inLanguage\":\"pt-PT\",\"@id\":\"https:\\\/\\\/wandererstransport.eu\\\/#\\\/schema\\\/logo\\\/image\\\/\",\"url\":\"https:\\\/\\\/wandererstransport.eu\\\/wp-content\\\/uploads\\\/2020\\\/08\\\/Wanderers-Transport-Storeage-Logo-02.png\",\"contentUrl\":\"https:\\\/\\\/wandererstransport.eu\\\/wp-content\\\/uploads\\\/2020\\\/08\\\/Wanderers-Transport-Storeage-Logo-02.png\",\"width\":490,\"height\":162,\"caption\":\"WanderersTransport.eu\"},\"image\":{\"@id\":\"https:\\\/\\\/wandererstransport.eu\\\/#\\\/schema\\\/logo\\\/image\\\/\"}},false]}<\/script>\n<!-- \/ Yoast SEO plugin. -->","yoast_head_json":{"title":"[:en]Storage Services, UK, Spain, Portugal. WanderersTransport.eu[:es]Servicios de almacenamiento, Reino Unido, Espa\u00f1a, Portugal. WanderersTransport.eu[:pt]Servi\u00e7os de armazenamento, Reino Unido, Espanha, Portugal. WanderersTransport.eu[:]","description":"[:en]Storage Services - UK, Spain & Portugal. WanderersTransport.eu have three storage and transport depot pointsin Almeria, Salford and Loule in the Algarve.[:es]Servicios de almacenamiento - Reino Unido, Espa\u00f1a y Portugal. WanderersTransport.eu tiene tres puntos de dep\u00f3sito de almacenamiento y transporte en Almer\u00eda, Salford y Loul\u00e9 en el Algarve.[:pt]Servi\u00e7os de armazenamento - Reino Unido, Espanha e Portugal. A WanderersTransport.eu tem tr\u00eas pontos de armazenamento e transporte em Almeria, Salford e Loule no Algarve.[:]","robots":{"index":"index","follow":"follow","max-snippet":"max-snippet:-1","max-image-preview":"max-image-preview:large","max-video-preview":"max-video-preview:-1"},"canonical":"https:\/\/wandererstransport.eu\/storage-services-safe-secure\/","og_locale":"pt_PT","og_type":"article","og_title":"[:en]Storage Services, UK, Spain, Portugal. WanderersTransport.eu[:es]Servicios de almacenamiento, Reino Unido, Espa\u00f1a, Portugal. WanderersTransport.eu[:pt]Servi\u00e7os de armazenamento, Reino Unido, Espanha, Portugal. WanderersTransport.eu[:]","og_description":"[:en]Storage Services - UK, Spain & Portugal. WanderersTransport.eu have three storage and transport depot pointsin Almeria, Salford and Loule in the Algarve.[:es]Servicios de almacenamiento - Reino Unido, Espa\u00f1a y Portugal. WanderersTransport.eu tiene tres puntos de dep\u00f3sito de almacenamiento y transporte en Almer\u00eda, Salford y Loul\u00e9 en el Algarve.[:pt]Servi\u00e7os de armazenamento - Reino Unido, Espanha e Portugal. A WanderersTransport.eu tem tr\u00eas pontos de armazenamento e transporte em Almeria, Salford e Loule no Algarve.[:]","og_url":"https:\/\/wandererstransport.eu\/storage-services-safe-secure\/","og_site_name":"WanderersTransport.eu","article_modified_time":"2024-04-08T13:10:09+00:00","og_image":[{"width":1200,"height":630,"url":"https:\/\/wandererstransport.eu\/wp-content\/uploads\/2020\/04\/Storage-Services-Spain-UK-Spain-Portugal-Transports-Wanderers-Transport-OG01.jpg","type":"image\/jpeg"}],"twitter_card":"summary_large_image","twitter_misc":{"Tempo estimado de leitura":"6 minutos"},"schema":{"@context":"https:\/\/schema.org","@graph":[{"@type":"WebPage","@id":"https:\/\/wandererstransport.eu\/storage-services-safe-secure\/","url":"https:\/\/wandererstransport.eu\/storage-services-safe-secure\/","name":"[:en]Storage Services, UK, Spain, Portugal. WanderersTransport.eu[:es]Servicios de almacenamiento, Reino Unido, Espa\u00f1a, Portugal. WanderersTransport.eu[:pt]Servi\u00e7os de armazenamento, Reino Unido, Espanha, Portugal. WanderersTransport.eu[:]","isPartOf":{"@id":"https:\/\/wandererstransport.eu\/#website"},"primaryImageOfPage":{"@id":"https:\/\/wandererstransport.eu\/storage-services-safe-secure\/#primaryimage"},"image":{"@id":"https:\/\/wandererstransport.eu\/storage-services-safe-secure\/#primaryimage"},"thumbnailUrl":"https:\/\/wandererstransport.eu\/wp-content\/uploads\/2020\/04\/Storage-Services-Spain-UK-Spain-Portugal-Transports-Wanderers-Transport-OG01.jpg","datePublished":"2020-04-11T11:35:00+00:00","dateModified":"2024-04-08T13:10:09+00:00","description":"[:en]Storage Services - UK, Spain & Portugal. WanderersTransport.eu have three storage and transport depot pointsin Almeria, Salford and Loule in the Algarve.[:es]Servicios de almacenamiento - Reino Unido, Espa\u00f1a y Portugal. WanderersTransport.eu tiene tres puntos de dep\u00f3sito de almacenamiento y transporte en Almer\u00eda, Salford y Loul\u00e9 en el Algarve.[:pt]Servi\u00e7os de armazenamento - Reino Unido, Espanha e Portugal. A WanderersTransport.eu tem tr\u00eas pontos de armazenamento e transporte em Almeria, Salford e Loule no Algarve.[:]","breadcrumb":{"@id":"https:\/\/wandererstransport.eu\/storage-services-safe-secure\/#breadcrumb"},"inLanguage":"pt-PT","potentialAction":[{"@type":"ReadAction","target":["https:\/\/wandererstransport.eu\/storage-services-safe-secure\/"]}]},{"@type":"ImageObject","inLanguage":"pt-PT","@id":"https:\/\/wandererstransport.eu\/storage-services-safe-secure\/#primaryimage","url":"https:\/\/wandererstransport.eu\/wp-content\/uploads\/2020\/04\/Storage-Services-Spain-UK-Spain-Portugal-Transports-Wanderers-Transport-OG01.jpg","contentUrl":"https:\/\/wandererstransport.eu\/wp-content\/uploads\/2020\/04\/Storage-Services-Spain-UK-Spain-Portugal-Transports-Wanderers-Transport-OG01.jpg","width":1200,"height":630,"caption":"Storage Services Spain - UK Spain Portugal Transports - Wanderers Transport OG01"},{"@type":"BreadcrumbList","@id":"https:\/\/wandererstransport.eu\/storage-services-safe-secure\/#breadcrumb","itemListElement":[{"@type":"ListItem","position":1,"name":"Home","item":"https:\/\/wandererstransport.eu\/"},{"@type":"ListItem","position":2,"name":"Storage Services. Safe, Secure."}]},{"@type":"WebSite","@id":"https:\/\/wandererstransport.eu\/#website","url":"https:\/\/wandererstransport.eu\/","name":"WanderersTransport.eu","description":"Mudan\u00e7as dom\u00e9sticas, transporte e armazenamento entre o Reino Unido, Espanha e Portugal.","publisher":{"@id":"https:\/\/wandererstransport.eu\/#organization"},"potentialAction":[{"@type":"SearchAction","target":{"@type":"EntryPoint","urlTemplate":"https:\/\/wandererstransport.eu\/?s={search_term_string}"},"query-input":{"@type":"PropertyValueSpecification","valueRequired":true,"valueName":"search_term_string"}}],"inLanguage":"pt-PT"},{"@type":"Organization","@id":"https:\/\/wandererstransport.eu\/#organization","name":"WanderersTransport.eu","url":"https:\/\/wandererstransport.eu\/","logo":{"@type":"ImageObject","inLanguage":"pt-PT","@id":"https:\/\/wandererstransport.eu\/#\/schema\/logo\/image\/","url":"https:\/\/wandererstransport.eu\/wp-content\/uploads\/2020\/08\/Wanderers-Transport-Storeage-Logo-02.png","contentUrl":"https:\/\/wandererstransport.eu\/wp-content\/uploads\/2020\/08\/Wanderers-Transport-Storeage-Logo-02.png","width":490,"height":162,"caption":"WanderersTransport.eu"},"image":{"@id":"https:\/\/wandererstransport.eu\/#\/schema\/logo\/image\/"}},false]}},"yasr_visitor_votes":{"stars_attributes":{"read_only":false,"span_bottom":false},"number_of_votes":6,"sum_votes":28},"_links":{"self":[{"href":"https:\/\/wandererstransport.eu\/pt\/wp-json\/wp\/v2\/pages\/22","targetHints":{"allow":["GET"]}}],"collection":[{"href":"https:\/\/wandererstransport.eu\/pt\/wp-json\/wp\/v2\/pages"}],"about":[{"href":"https:\/\/wandererstransport.eu\/pt\/wp-json\/wp\/v2\/types\/page"}],"author":[{"embeddable":true,"href":"https:\/\/wandererstransport.eu\/pt\/wp-json\/wp\/v2\/users\/1"}],"replies":[{"embeddable":true,"href":"https:\/\/wandererstransport.eu\/pt\/wp-json\/wp\/v2\/comments?post=22"}],"version-history":[{"count":0,"href":"https:\/\/wandererstransport.eu\/pt\/wp-json\/wp\/v2\/pages\/22\/revisions"}],"wp:featuredmedia":[{"embeddable":true,"href":"https:\/\/wandererstransport.eu\/pt\/wp-json\/wp\/v2\/media\/93"}],"wp:attachment":[{"href":"https:\/\/wandererstransport.eu\/pt\/wp-json\/wp\/v2\/media?parent=22"}],"curies":[{"name":"wp","href":"https:\/\/api.w.org\/{rel}","templated":true}]}}