{"id":168,"date":"2020-04-23T07:52:14","date_gmt":"2020-04-23T07:52:14","guid":{"rendered":"https:\/\/wandererstransport.eu\/?page_id=168"},"modified":"2024-04-08T13:09:21","modified_gmt":"2024-04-08T13:09:21","slug":"uk-spain-portugal-transport-removals","status":"publish","type":"page","link":"https:\/\/wandererstransport.eu\/pt\/mudancas-e-armazenamento-reino-unido-espanha-portugal\/","title":{"rendered":"Servi\u00e7os de remo\u00e7\u00e3o e armazenamento"},"content":{"rendered":"<p>[flash]<strong>Servi\u00e7os de remo\u00e7\u00e3o e armazenamento. WanderersTransport.eu oferece um servi\u00e7o confi\u00e1vel e profissional de armazenamento e remo\u00e7\u00e3o dentro e entre a Irlanda, Espanha e Portugal. Temos instala\u00e7\u00f5es de armazenamento modernas e seguras em cada dep\u00f3sito e transportamos nossos cont\u00eaineres de 45 p\u00e9s, uma vez por m\u00eas, entre nossas localidades.<\/strong><\/p>\n<div id=\"attachment_463\" style=\"width: 1210px\" class=\"wp-caption alignnone\"><img loading=\"lazy\" decoding=\"async\" aria-describedby=\"caption-attachment-463\" class=\"wp-image-463 size-full\" src=\"https:\/\/wandererstransport.eu\/wp-content\/uploads\/2021\/04\/Remocoes-e-armazenamento.jpg\" alt=\"Remo\u00e7\u00f5es e armazenamento\" width=\"1200\" height=\"630\" srcset=\"https:\/\/wandererstransport.eu\/wp-content\/uploads\/2021\/04\/Remocoes-e-armazenamento.jpg 1200w, https:\/\/wandererstransport.eu\/wp-content\/uploads\/2021\/04\/Remocoes-e-armazenamento-300x158.jpg 300w, https:\/\/wandererstransport.eu\/wp-content\/uploads\/2021\/04\/Remocoes-e-armazenamento-1024x538.jpg 1024w, https:\/\/wandererstransport.eu\/wp-content\/uploads\/2021\/04\/Remocoes-e-armazenamento-768x403.jpg 768w\" sizes=\"auto, (max-width: 1200px) 100vw, 1200px\" \/><p id=\"caption-attachment-463\" class=\"wp-caption-text\">Remo\u00e7\u00f5es e armazenamento &#8211; WanderersTransport.eu<\/p><\/div>\n<h2>Remo\u00e7\u00f5es e armazenamento &#8211; Irlanda, Portugal, Espanha<\/h2>\n<p>WanderersTransport.eu \u00e9 realmente uma empresa local! Passamos muitos anos no Algarve e na Costa Sul de Espanha e agora na Irlanda, transportando mercadorias de clientes por toda a Europa.<\/p>\n<p>Quer se desloque para perto ou para longe, o WanderersTransport.eu \u00e9 a sua primeira escolha para remo\u00e7\u00f5es locais no Algarve ou transportes europeus entre a Irlanda, Espanha e Portugal. De remo\u00e7\u00f5es menores e cargas parciais a caminh\u00f5es dedicados com cont\u00eaineres completos, oferecemos um servi\u00e7o de transporte econ\u00f4mico para remessas menores e um servi\u00e7o de correio confi\u00e1vel para itens individuais.<\/p>\n<h3>Fale conosco! N\u00f3s damos \u00f3timas cota\u00e7\u00f5es!<\/h3>\n\n<div class=\"wpcf7 no-js\" id=\"wpcf7-f117-o3\" lang=\"en-US\" dir=\"ltr\" data-wpcf7-id=\"117\">\n<div class=\"screen-reader-response\"><p role=\"status\" aria-live=\"polite\" aria-atomic=\"true\"><\/p> <ul><\/ul><\/div>\n<form action=\"\/pt\/wp-json\/wp\/v2\/pages\/168#wpcf7-f117-o3\" method=\"post\" class=\"wpcf7-form init\" aria-label=\"Contact form\" novalidate=\"novalidate\" data-status=\"init\">\n<fieldset class=\"hidden-fields-container\"><input type=\"hidden\" name=\"_wpcf7\" value=\"117\" \/><input type=\"hidden\" name=\"_wpcf7_version\" value=\"6.1.5\" \/><input type=\"hidden\" name=\"_wpcf7_locale\" value=\"en_US\" \/><input type=\"hidden\" name=\"_wpcf7_unit_tag\" value=\"wpcf7-f117-o3\" \/><input type=\"hidden\" name=\"_wpcf7_container_post\" value=\"0\" \/><input type=\"hidden\" name=\"_wpcf7_posted_data_hash\" value=\"\" \/>\n<\/fieldset>\n<div class=\"contact01box\">\n\t<p><span class=\"wpcf7-form-control-wrap\" data-name=\"WTCname\"><input size=\"40\" maxlength=\"400\" class=\"wpcf7-form-control wpcf7-text wpcf7-validates-as-required wtc\" aria-required=\"true\" aria-invalid=\"false\" placeholder=\"seu nome\" value=\"\" type=\"text\" name=\"WTCname\" \/><\/span><br \/>\n<span class=\"wpcf7-form-control-wrap\" data-name=\"WTCemail\"><input size=\"40\" maxlength=\"400\" class=\"wpcf7-form-control wpcf7-email wpcf7-validates-as-required wpcf7-text wpcf7-validates-as-email wtc\" aria-required=\"true\" aria-invalid=\"false\" placeholder=\"endere\u00e7o de e-mail\" value=\"\" type=\"email\" name=\"WTCemail\" \/><\/span><br \/>\n<span class=\"wpcf7-form-control-wrap\" data-name=\"WTCphone\"><input size=\"40\" maxlength=\"400\" class=\"wpcf7-form-control wpcf7-tel wpcf7-text wpcf7-validates-as-tel wtc\" aria-invalid=\"false\" placeholder=\"n\u00famero de telefone\" value=\"\" type=\"tel\" name=\"WTCphone\" \/><\/span><br \/>\n\t<hr \/><br \/>\n<span class=\"wpcf7-form-control-wrap\" data-name=\"WTCfrom\"><input size=\"40\" maxlength=\"400\" class=\"wpcf7-form-control wpcf7-text wpcf7-validates-as-required wtc\" aria-required=\"true\" aria-invalid=\"false\" placeholder=\"Transporte DE\" value=\"\" type=\"text\" name=\"WTCfrom\" \/><\/span><br \/>\n<span class=\"wpcf7-form-control-wrap\" data-name=\"WTCto\"><input size=\"40\" maxlength=\"400\" class=\"wpcf7-form-control wpcf7-text wpcf7-validates-as-required wtc\" aria-required=\"true\" aria-invalid=\"false\" placeholder=\"Transporte PARA\" value=\"\" type=\"text\" name=\"WTCto\" \/><\/span><br \/>\n<span class=\"wpcf7-form-control-wrap\" data-name=\"WTCdate\"><input size=\"40\" maxlength=\"400\" class=\"wpcf7-form-control wpcf7-text wpcf7-validates-as-required wtc\" aria-required=\"true\" aria-invalid=\"false\" placeholder=\"Data aproximada\" value=\"\" type=\"text\" name=\"WTCdate\" \/><\/span><br \/>\n\t<hr \/><br \/>\n<span class=\"wpcf7-form-control-wrap\" data-name=\"wtcmessage\"><textarea cols=\"40\" rows=\"10\" maxlength=\"2000\" class=\"wpcf7-form-control wpcf7-textarea wtc\" aria-invalid=\"false\" placeholder=\"Give us a few details!  The more you tell us, the more we&#039;ll be able to help!\" name=\"wtcmessage\"><\/textarea><\/span><br \/>\n\t<hr \/>\n\t<\/p>\n\t<p>When you enquire, we'll send an email confirming it. If you don't see it, check your 'spam' folder. Sometimes it happens!\n\t<\/p>\n<hr \/>\n\t<p><span class=\"wpcf7-form-control-wrap\" data-name=\"capital-quiz\"><label><span class=\"wpcf7-quiz-label\">Para parar os spammers ... Voc\u00ea poderia nos dizer qual \u00e9 o maior n\u00famero ... 2 ou 8?<\/span> <input size=\"40\" class=\"wpcf7-form-control wpcf7-quiz\" autocomplete=\"off\" aria-required=\"true\" aria-invalid=\"false\" type=\"text\" name=\"capital-quiz\" \/><\/label><input type=\"hidden\" name=\"_wpcf7_quiz_answer_capital-quiz\" value=\"d02d3f117a18702f1aa410c79e23062a\" \/><\/span><br \/>\n\t<div class=\"wpcf7-response-output\" aria-hidden=\"true\"><\/div><br \/>\n<input class=\"wpcf7-form-control wpcf7-submit has-spinner wtc\" type=\"submit\" value=\"Entrar em contato!\" \/>\n\t<\/p>\n<\/div>\n<\/form>\n<\/div>\n\n<p>&nbsp;<\/p>\n<h3>Instala\u00e7\u00f5es de armazenamento, Irlanda, Portugal e Espanha<\/h3>\n<p>O WanderersTransport.eu tem tr\u00eas pontos principais de armazenamento e transporte. A nossa sede \u00e9 em Loul\u00e9, Algarve em Portugal, com o dep\u00f3sito da Irlanda em Dublin.<\/p>\n<p><\/p>","protected":false},"excerpt":{"rendered":"<p>[flash]Servi\u00e7os de remo\u00e7\u00e3o e armazenamento. WanderersTransport.eu oferece um servi\u00e7o confi\u00e1vel e profissional de armazenamento e remo\u00e7\u00e3o dentro e entre a Irlanda, Espanha e Portugal. Temos instala\u00e7\u00f5es de armazenamento modernas e seguras em cada dep\u00f3sito e transportamos nossos cont\u00eaineres de 45 p\u00e9s, uma vez por m\u00eas, entre nossas localidades. Remo\u00e7\u00f5es e armazenamento &#8211; Irlanda, Portugal, Espanha<\/p>\n<p><a href=\"https:\/\/wandererstransport.eu\/pt\/mudancas-e-armazenamento-reino-unido-espanha-portugal\/\" class=\"more-link themebutton\">Read More<\/a><\/p>\n","protected":false},"author":1,"featured_media":140,"parent":0,"menu_order":0,"comment_status":"closed","ping_status":"closed","template":"","meta":{"yasr_overall_rating":0,"yasr_post_is_review":"","yasr_auto_insert_disabled":"","yasr_review_type":"","footnotes":"","_links_to":"","_links_to_target":""},"class_list":["post-168","page","type-page","status-publish","has-post-thumbnail","hentry"],"yoast_head":"<!-- This site is optimized with the Yoast SEO plugin v27.5 - https:\/\/yoast.com\/product\/yoast-seo-wordpress\/ -->\n<title>Remo\u00e7\u00f5es e armazenamento. Irlanda, Portugal e Espanha. Confi\u00e1vel, profissional.<\/title>\n<meta name=\"description\" content=\"{:en}Removals &amp; Storage Services.\u00a0 WanderersTransport.eu offer a professional storage &amp; removals service in and between Ireland, Portugal &amp; Spain.{:es}Servicios de mudanzas y almacenamiento. WanderersTransport.eu ofrece un servicio profesional de almacenamiento y mudanzas en Irlanda, Portugal y Espa\u00f1a.{:pt}Servi\u00e7os de remo\u00e7\u00e3o e armazenamento. WanderersTransport.eu oferece um servi\u00e7o profissional de armazenamento e remo\u00e7\u00f5es dentro e entre a Irlanda, Portugal e Espanha.{:}\" \/>\n<meta name=\"robots\" content=\"index, follow, max-snippet:-1, max-image-preview:large, max-video-preview:-1\" \/>\n<link rel=\"canonical\" href=\"https:\/\/wandererstransport.eu\/removals-storage-ireland-portugal-spain\/\" \/>\n<meta property=\"og:locale\" content=\"pt_PT\" \/>\n<meta property=\"og:type\" content=\"article\" \/>\n<meta property=\"og:title\" content=\"[:en]Removals &amp; Storage. Ireland, Portugal &amp; Spain. Reliable, professional.[:es]Mudanzas y Almacenamiento. Irlanda, Portugal y Espa\u00f1a. Confiable, profesional.[:pt]Remo\u00e7\u00f5es e armazenamento. Irlanda, Portugal e Espanha. Confi\u00e1vel, profissional.[:]\" \/>\n<meta property=\"og:description\" content=\"{:en}Removals &amp; Storage Services.\u00a0 WanderersTransport.eu offer a professional storage &amp; removals service in and between Ireland, Portugal &amp; Spain.{:es}Servicios de mudanzas y almacenamiento. WanderersTransport.eu ofrece un servicio profesional de almacenamiento y mudanzas en Irlanda, Portugal y Espa\u00f1a.{:pt}Servi\u00e7os de remo\u00e7\u00e3o e armazenamento. WanderersTransport.eu oferece um servi\u00e7o profissional de armazenamento e remo\u00e7\u00f5es dentro e entre a Irlanda, Portugal e Espanha.{:}\" \/>\n<meta property=\"og:url\" content=\"https:\/\/wandererstransport.eu\/removals-storage-ireland-portugal-spain\/\" \/>\n<meta property=\"og:site_name\" content=\"WanderersTransport.eu\" \/>\n<meta property=\"article:modified_time\" content=\"2024-04-08T13:09:21+00:00\" \/>\n<meta property=\"og:image\" content=\"https:\/\/wandererstransport.eu\/wp-content\/uploads\/2020\/04\/Slider01.jpg\" \/>\n\t<meta property=\"og:image:width\" content=\"1920\" \/>\n\t<meta property=\"og:image:height\" content=\"1080\" \/>\n\t<meta property=\"og:image:type\" content=\"image\/jpeg\" \/>\n<meta name=\"twitter:card\" content=\"summary_large_image\" \/>\n<meta name=\"twitter:label1\" content=\"Tempo estimado de leitura\" \/>\n\t<meta name=\"twitter:data1\" content=\"4 minutos\" \/>\n<script type=\"application\/ld+json\" class=\"yoast-schema-graph\">{\"@context\":\"https:\\\/\\\/schema.org\",\"@graph\":[{\"@type\":\"WebPage\",\"@id\":\"https:\\\/\\\/wandererstransport.eu\\\/removals-storage-ireland-portugal-spain\\\/\",\"url\":\"https:\\\/\\\/wandererstransport.eu\\\/removals-storage-ireland-portugal-spain\\\/\",\"name\":\"[:en]Removals & Storage. Ireland, Portugal & Spain. Reliable, professional.[:es]Mudanzas y Almacenamiento. Irlanda, Portugal y Espa\u00f1a. Confiable, profesional.[:pt]Remo\u00e7\u00f5es e armazenamento. Irlanda, Portugal e Espanha. Confi\u00e1vel, profissional.[:]\",\"isPartOf\":{\"@id\":\"https:\\\/\\\/wandererstransport.eu\\\/#website\"},\"primaryImageOfPage\":{\"@id\":\"https:\\\/\\\/wandererstransport.eu\\\/removals-storage-ireland-portugal-spain\\\/#primaryimage\"},\"image\":{\"@id\":\"https:\\\/\\\/wandererstransport.eu\\\/removals-storage-ireland-portugal-spain\\\/#primaryimage\"},\"thumbnailUrl\":\"https:\\\/\\\/wandererstransport.eu\\\/wp-content\\\/uploads\\\/2020\\\/04\\\/Slider01.jpg\",\"datePublished\":\"2020-04-23T07:52:14+00:00\",\"dateModified\":\"2024-04-08T13:09:21+00:00\",\"description\":\"{:en}Removals & Storage Services.\u00a0 WanderersTransport.eu offer a professional storage & removals service in and between Ireland, Portugal & Spain.{:es}Servicios de mudanzas y almacenamiento. WanderersTransport.eu ofrece un servicio profesional de almacenamiento y mudanzas en Irlanda, Portugal y Espa\u00f1a.{:pt}Servi\u00e7os de remo\u00e7\u00e3o e armazenamento. WanderersTransport.eu oferece um servi\u00e7o profissional de armazenamento e remo\u00e7\u00f5es dentro e entre a Irlanda, Portugal e Espanha.{:}\",\"breadcrumb\":{\"@id\":\"https:\\\/\\\/wandererstransport.eu\\\/removals-storage-ireland-portugal-spain\\\/#breadcrumb\"},\"inLanguage\":\"pt-PT\",\"potentialAction\":[{\"@type\":\"ReadAction\",\"target\":[\"https:\\\/\\\/wandererstransport.eu\\\/removals-storage-ireland-portugal-spain\\\/\"]}]},{\"@type\":\"ImageObject\",\"inLanguage\":\"pt-PT\",\"@id\":\"https:\\\/\\\/wandererstransport.eu\\\/removals-storage-ireland-portugal-spain\\\/#primaryimage\",\"url\":\"https:\\\/\\\/wandererstransport.eu\\\/wp-content\\\/uploads\\\/2020\\\/04\\\/Slider01.jpg\",\"contentUrl\":\"https:\\\/\\\/wandererstransport.eu\\\/wp-content\\\/uploads\\\/2020\\\/04\\\/Slider01.jpg\",\"width\":1920,\"height\":1080},{\"@type\":\"BreadcrumbList\",\"@id\":\"https:\\\/\\\/wandererstransport.eu\\\/removals-storage-ireland-portugal-spain\\\/#breadcrumb\",\"itemListElement\":[{\"@type\":\"ListItem\",\"position\":1,\"name\":\"Home\",\"item\":\"https:\\\/\\\/wandererstransport.eu\\\/\"},{\"@type\":\"ListItem\",\"position\":2,\"name\":\"Removals &#038; Storage &#8211; Ireland, Portugal, Spain\"}]},{\"@type\":\"WebSite\",\"@id\":\"https:\\\/\\\/wandererstransport.eu\\\/#website\",\"url\":\"https:\\\/\\\/wandererstransport.eu\\\/\",\"name\":\"WanderersTransport.eu\",\"description\":\"Mudan\u00e7as dom\u00e9sticas, transporte e armazenamento entre o Reino Unido, Espanha e Portugal.\",\"publisher\":{\"@id\":\"https:\\\/\\\/wandererstransport.eu\\\/#organization\"},\"potentialAction\":[{\"@type\":\"SearchAction\",\"target\":{\"@type\":\"EntryPoint\",\"urlTemplate\":\"https:\\\/\\\/wandererstransport.eu\\\/?s={search_term_string}\"},\"query-input\":{\"@type\":\"PropertyValueSpecification\",\"valueRequired\":true,\"valueName\":\"search_term_string\"}}],\"inLanguage\":\"pt-PT\"},{\"@type\":\"Organization\",\"@id\":\"https:\\\/\\\/wandererstransport.eu\\\/#organization\",\"name\":\"WanderersTransport.eu\",\"url\":\"https:\\\/\\\/wandererstransport.eu\\\/\",\"logo\":{\"@type\":\"ImageObject\",\"inLanguage\":\"pt-PT\",\"@id\":\"https:\\\/\\\/wandererstransport.eu\\\/#\\\/schema\\\/logo\\\/image\\\/\",\"url\":\"https:\\\/\\\/wandererstransport.eu\\\/wp-content\\\/uploads\\\/2020\\\/08\\\/Wanderers-Transport-Storeage-Logo-02.png\",\"contentUrl\":\"https:\\\/\\\/wandererstransport.eu\\\/wp-content\\\/uploads\\\/2020\\\/08\\\/Wanderers-Transport-Storeage-Logo-02.png\",\"width\":490,\"height\":162,\"caption\":\"WanderersTransport.eu\"},\"image\":{\"@id\":\"https:\\\/\\\/wandererstransport.eu\\\/#\\\/schema\\\/logo\\\/image\\\/\"}},false]}<\/script>\n<!-- \/ Yoast SEO plugin. -->","yoast_head_json":{"title":"[:en]Removals & Storage. Ireland, Portugal & Spain. Reliable, professional.[:es]Mudanzas y Almacenamiento. Irlanda, Portugal y Espa\u00f1a. Confiable, profesional.[:pt]Remo\u00e7\u00f5es e armazenamento. Irlanda, Portugal e Espanha. Confi\u00e1vel, profissional.[:]","description":"{:en}Removals & Storage Services.\u00a0 WanderersTransport.eu offer a professional storage & removals service in and between Ireland, Portugal & Spain.{:es}Servicios de mudanzas y almacenamiento. WanderersTransport.eu ofrece un servicio profesional de almacenamiento y mudanzas en Irlanda, Portugal y Espa\u00f1a.{:pt}Servi\u00e7os de remo\u00e7\u00e3o e armazenamento. WanderersTransport.eu oferece um servi\u00e7o profissional de armazenamento e remo\u00e7\u00f5es dentro e entre a Irlanda, Portugal e Espanha.{:}","robots":{"index":"index","follow":"follow","max-snippet":"max-snippet:-1","max-image-preview":"max-image-preview:large","max-video-preview":"max-video-preview:-1"},"canonical":"https:\/\/wandererstransport.eu\/removals-storage-ireland-portugal-spain\/","og_locale":"pt_PT","og_type":"article","og_title":"[:en]Removals & Storage. Ireland, Portugal & Spain. Reliable, professional.[:es]Mudanzas y Almacenamiento. Irlanda, Portugal y Espa\u00f1a. Confiable, profesional.[:pt]Remo\u00e7\u00f5es e armazenamento. Irlanda, Portugal e Espanha. Confi\u00e1vel, profissional.[:]","og_description":"{:en}Removals & Storage Services.\u00a0 WanderersTransport.eu offer a professional storage & removals service in and between Ireland, Portugal & Spain.{:es}Servicios de mudanzas y almacenamiento. WanderersTransport.eu ofrece un servicio profesional de almacenamiento y mudanzas en Irlanda, Portugal y Espa\u00f1a.{:pt}Servi\u00e7os de remo\u00e7\u00e3o e armazenamento. WanderersTransport.eu oferece um servi\u00e7o profissional de armazenamento e remo\u00e7\u00f5es dentro e entre a Irlanda, Portugal e Espanha.{:}","og_url":"https:\/\/wandererstransport.eu\/removals-storage-ireland-portugal-spain\/","og_site_name":"WanderersTransport.eu","article_modified_time":"2024-04-08T13:09:21+00:00","og_image":[{"width":1920,"height":1080,"url":"https:\/\/wandererstransport.eu\/wp-content\/uploads\/2020\/04\/Slider01.jpg","type":"image\/jpeg"}],"twitter_card":"summary_large_image","twitter_misc":{"Tempo estimado de leitura":"4 minutos"},"schema":{"@context":"https:\/\/schema.org","@graph":[{"@type":"WebPage","@id":"https:\/\/wandererstransport.eu\/removals-storage-ireland-portugal-spain\/","url":"https:\/\/wandererstransport.eu\/removals-storage-ireland-portugal-spain\/","name":"[:en]Removals & Storage. Ireland, Portugal & Spain. Reliable, professional.[:es]Mudanzas y Almacenamiento. Irlanda, Portugal y Espa\u00f1a. Confiable, profesional.[:pt]Remo\u00e7\u00f5es e armazenamento. Irlanda, Portugal e Espanha. Confi\u00e1vel, profissional.[:]","isPartOf":{"@id":"https:\/\/wandererstransport.eu\/#website"},"primaryImageOfPage":{"@id":"https:\/\/wandererstransport.eu\/removals-storage-ireland-portugal-spain\/#primaryimage"},"image":{"@id":"https:\/\/wandererstransport.eu\/removals-storage-ireland-portugal-spain\/#primaryimage"},"thumbnailUrl":"https:\/\/wandererstransport.eu\/wp-content\/uploads\/2020\/04\/Slider01.jpg","datePublished":"2020-04-23T07:52:14+00:00","dateModified":"2024-04-08T13:09:21+00:00","description":"{:en}Removals & Storage Services.\u00a0 WanderersTransport.eu offer a professional storage & removals service in and between Ireland, Portugal & Spain.{:es}Servicios de mudanzas y almacenamiento. WanderersTransport.eu ofrece un servicio profesional de almacenamiento y mudanzas en Irlanda, Portugal y Espa\u00f1a.{:pt}Servi\u00e7os de remo\u00e7\u00e3o e armazenamento. WanderersTransport.eu oferece um servi\u00e7o profissional de armazenamento e remo\u00e7\u00f5es dentro e entre a Irlanda, Portugal e Espanha.{:}","breadcrumb":{"@id":"https:\/\/wandererstransport.eu\/removals-storage-ireland-portugal-spain\/#breadcrumb"},"inLanguage":"pt-PT","potentialAction":[{"@type":"ReadAction","target":["https:\/\/wandererstransport.eu\/removals-storage-ireland-portugal-spain\/"]}]},{"@type":"ImageObject","inLanguage":"pt-PT","@id":"https:\/\/wandererstransport.eu\/removals-storage-ireland-portugal-spain\/#primaryimage","url":"https:\/\/wandererstransport.eu\/wp-content\/uploads\/2020\/04\/Slider01.jpg","contentUrl":"https:\/\/wandererstransport.eu\/wp-content\/uploads\/2020\/04\/Slider01.jpg","width":1920,"height":1080},{"@type":"BreadcrumbList","@id":"https:\/\/wandererstransport.eu\/removals-storage-ireland-portugal-spain\/#breadcrumb","itemListElement":[{"@type":"ListItem","position":1,"name":"Home","item":"https:\/\/wandererstransport.eu\/"},{"@type":"ListItem","position":2,"name":"Removals &#038; Storage &#8211; Ireland, Portugal, Spain"}]},{"@type":"WebSite","@id":"https:\/\/wandererstransport.eu\/#website","url":"https:\/\/wandererstransport.eu\/","name":"WanderersTransport.eu","description":"Mudan\u00e7as dom\u00e9sticas, transporte e armazenamento entre o Reino Unido, Espanha e Portugal.","publisher":{"@id":"https:\/\/wandererstransport.eu\/#organization"},"potentialAction":[{"@type":"SearchAction","target":{"@type":"EntryPoint","urlTemplate":"https:\/\/wandererstransport.eu\/?s={search_term_string}"},"query-input":{"@type":"PropertyValueSpecification","valueRequired":true,"valueName":"search_term_string"}}],"inLanguage":"pt-PT"},{"@type":"Organization","@id":"https:\/\/wandererstransport.eu\/#organization","name":"WanderersTransport.eu","url":"https:\/\/wandererstransport.eu\/","logo":{"@type":"ImageObject","inLanguage":"pt-PT","@id":"https:\/\/wandererstransport.eu\/#\/schema\/logo\/image\/","url":"https:\/\/wandererstransport.eu\/wp-content\/uploads\/2020\/08\/Wanderers-Transport-Storeage-Logo-02.png","contentUrl":"https:\/\/wandererstransport.eu\/wp-content\/uploads\/2020\/08\/Wanderers-Transport-Storeage-Logo-02.png","width":490,"height":162,"caption":"WanderersTransport.eu"},"image":{"@id":"https:\/\/wandererstransport.eu\/#\/schema\/logo\/image\/"}},false]}},"yasr_visitor_votes":{"stars_attributes":{"read_only":false,"span_bottom":false},"number_of_votes":4,"sum_votes":20},"_links":{"self":[{"href":"https:\/\/wandererstransport.eu\/pt\/wp-json\/wp\/v2\/pages\/168","targetHints":{"allow":["GET"]}}],"collection":[{"href":"https:\/\/wandererstransport.eu\/pt\/wp-json\/wp\/v2\/pages"}],"about":[{"href":"https:\/\/wandererstransport.eu\/pt\/wp-json\/wp\/v2\/types\/page"}],"author":[{"embeddable":true,"href":"https:\/\/wandererstransport.eu\/pt\/wp-json\/wp\/v2\/users\/1"}],"replies":[{"embeddable":true,"href":"https:\/\/wandererstransport.eu\/pt\/wp-json\/wp\/v2\/comments?post=168"}],"version-history":[{"count":0,"href":"https:\/\/wandererstransport.eu\/pt\/wp-json\/wp\/v2\/pages\/168\/revisions"}],"wp:featuredmedia":[{"embeddable":true,"href":"https:\/\/wandererstransport.eu\/pt\/wp-json\/wp\/v2\/media\/140"}],"wp:attachment":[{"href":"https:\/\/wandererstransport.eu\/pt\/wp-json\/wp\/v2\/media?parent=168"}],"curies":[{"name":"wp","href":"https:\/\/api.w.org\/{rel}","templated":true}]}}