{"id":13,"date":"2020-04-11T11:25:54","date_gmt":"2020-04-11T11:25:54","guid":{"rendered":"https:\/\/wandererstransport.eu\/?page_id=13"},"modified":"2025-10-20T11:07:20","modified_gmt":"2025-10-20T11:07:20","slug":"wanderers-transport","status":"publish","type":"page","link":"https:\/\/wandererstransport.eu\/pt\/","title":{"rendered":"WanderersTransport.eu"},"content":{"rendered":"<p><\/p>\n<p>[flash]<\/p>\n<h1>WanderersTransport.eu<\/h1>\n<p><strong><span style=\"color: #ff0000;\">WanderersTransport.eu &#8211; Especialistas em Remo\u00e7\u00f5es, Irlanda e Portugal \/ Espanha.<\/span> Bem-vindo ao Wanderers Transport Removals &amp; Storage! Com sede no Algarve, em Portugal, a Wanderers Transport opera um servi\u00e7o regular de transporte mar\u00edtimo de contentores entre a Irlanda e Espanha e Portugal. Deixe-nos citar antes de decidir!<\/strong><\/p>\n<div id=\"attachment_53\" style=\"width: 1210px\" class=\"wp-caption alignnone\"><img loading=\"lazy\" decoding=\"async\" aria-describedby=\"caption-attachment-53\" class=\"wp-image-53 size-full\" src=\"https:\/\/wandererstransport.eu\/wp-content\/uploads\/2020\/04\/Wanderers-Transport-UK-Spain-Removals-SOG02.jpg\" alt=\"Wanderers Transport UK Spain Removals SOG02\" width=\"1200\" height=\"630\" srcset=\"https:\/\/wandererstransport.eu\/wp-content\/uploads\/2020\/04\/Wanderers-Transport-UK-Spain-Removals-SOG02.jpg 1200w, https:\/\/wandererstransport.eu\/wp-content\/uploads\/2020\/04\/Wanderers-Transport-UK-Spain-Removals-SOG02-300x158.jpg 300w, https:\/\/wandererstransport.eu\/wp-content\/uploads\/2020\/04\/Wanderers-Transport-UK-Spain-Removals-SOG02-1024x538.jpg 1024w, https:\/\/wandererstransport.eu\/wp-content\/uploads\/2020\/04\/Wanderers-Transport-UK-Spain-Removals-SOG02-768x403.jpg 768w, https:\/\/wandererstransport.eu\/wp-content\/uploads\/2020\/04\/Wanderers-Transport-UK-Spain-Removals-SOG02-1x1.jpg 1w\" sizes=\"auto, (max-width: 1200px) 100vw, 1200px\" \/><p id=\"caption-attachment-53\" class=\"wp-caption-text\">WanderersTransport.eu &#8211; Irlanda, Espanha, Portugal Transporte, Remo\u00e7\u00f5es e Armazenamento.<\/p><\/div>\n<h2>Wanderers Transport &#8211; Especialistas em Remo\u00e7\u00f5es Europ\u00e9ias<\/h2>\n<p>Ol\u00e1! Somos a Wanderers Transport, uma empresa de transportes, mudan\u00e7as e armazenamento, com sede em Portugal h\u00e1 mais de 5 anos. Se voc\u00ea est\u00e1 se mudando entre a Irlanda, Espanha ou Portugal, fale conosco!<\/p>\n<p>Se voc\u00ea \u00e9 como a maioria de nossos clientes que se mudam da Irlanda para a Espanha ou Portugal, deseja obter o melhor pre\u00e7o de remo\u00e7\u00e3o poss\u00edvel, mas n\u00e3o quer sacrificar a seguran\u00e7a ou a confiabilidade. No WanderersTransport, n\u00f3s ajudamos voc\u00ea. No WanderersTransport, nossas tr\u00eas considera\u00e7\u00f5es mais importantes s\u00e3o:<\/p>\n<ul>\n<li>Para fornecer um servi\u00e7o fant\u00e1stico aos nossos clientes.<\/li>\n<li>Ter o m\u00e1ximo cuidado ao transportar seus pertences.<\/li>\n<li>E para dar o melhor pre\u00e7o para uma mudan\u00e7a para Portugal ou Espanha da Irlanda.<\/li>\n<\/ul>\n<p><em><strong>Ent\u00e3o, basta preencher o formul\u00e1rio de cota\u00e7\u00e3o r\u00e1pido!<\/strong><\/em><\/p>\n<h3>OBTENHA SUA CITA\u00c7\u00c3O!<\/h3>\n\n<div class=\"wpcf7 no-js\" id=\"wpcf7-f117-o3\" lang=\"en-US\" dir=\"ltr\" data-wpcf7-id=\"117\">\n<div class=\"screen-reader-response\"><p role=\"status\" aria-live=\"polite\" aria-atomic=\"true\"><\/p> <ul><\/ul><\/div>\n<form action=\"\/pt\/wp-json\/wp\/v2\/pages\/13#wpcf7-f117-o3\" method=\"post\" class=\"wpcf7-form init\" aria-label=\"Contact form\" novalidate=\"novalidate\" data-status=\"init\">\n<fieldset class=\"hidden-fields-container\"><input type=\"hidden\" name=\"_wpcf7\" value=\"117\" \/><input type=\"hidden\" name=\"_wpcf7_version\" value=\"6.1.5\" \/><input type=\"hidden\" name=\"_wpcf7_locale\" value=\"en_US\" \/><input type=\"hidden\" name=\"_wpcf7_unit_tag\" value=\"wpcf7-f117-o3\" \/><input type=\"hidden\" name=\"_wpcf7_container_post\" value=\"0\" \/><input type=\"hidden\" name=\"_wpcf7_posted_data_hash\" value=\"\" \/>\n<\/fieldset>\n<div class=\"contact01box\">\n\t<p><span class=\"wpcf7-form-control-wrap\" data-name=\"WTCname\"><input size=\"40\" maxlength=\"400\" class=\"wpcf7-form-control wpcf7-text wpcf7-validates-as-required wtc\" aria-required=\"true\" aria-invalid=\"false\" placeholder=\"seu nome\" value=\"\" type=\"text\" name=\"WTCname\" \/><\/span><br \/>\n<span class=\"wpcf7-form-control-wrap\" data-name=\"WTCemail\"><input size=\"40\" maxlength=\"400\" class=\"wpcf7-form-control wpcf7-email wpcf7-validates-as-required wpcf7-text wpcf7-validates-as-email wtc\" aria-required=\"true\" aria-invalid=\"false\" placeholder=\"endere\u00e7o de e-mail\" value=\"\" type=\"email\" name=\"WTCemail\" \/><\/span><br \/>\n<span class=\"wpcf7-form-control-wrap\" data-name=\"WTCphone\"><input size=\"40\" maxlength=\"400\" class=\"wpcf7-form-control wpcf7-tel wpcf7-text wpcf7-validates-as-tel wtc\" aria-invalid=\"false\" placeholder=\"n\u00famero de telefone\" value=\"\" type=\"tel\" name=\"WTCphone\" \/><\/span><br \/>\n\t<hr \/><br \/>\n<span class=\"wpcf7-form-control-wrap\" data-name=\"WTCfrom\"><input size=\"40\" maxlength=\"400\" class=\"wpcf7-form-control wpcf7-text wpcf7-validates-as-required wtc\" aria-required=\"true\" aria-invalid=\"false\" placeholder=\"Transporte DE\" value=\"\" type=\"text\" name=\"WTCfrom\" \/><\/span><br \/>\n<span class=\"wpcf7-form-control-wrap\" data-name=\"WTCto\"><input size=\"40\" maxlength=\"400\" class=\"wpcf7-form-control wpcf7-text wpcf7-validates-as-required wtc\" aria-required=\"true\" aria-invalid=\"false\" placeholder=\"Transporte PARA\" value=\"\" type=\"text\" name=\"WTCto\" \/><\/span><br \/>\n<span class=\"wpcf7-form-control-wrap\" data-name=\"WTCdate\"><input size=\"40\" maxlength=\"400\" class=\"wpcf7-form-control wpcf7-text wpcf7-validates-as-required wtc\" aria-required=\"true\" aria-invalid=\"false\" placeholder=\"Data aproximada\" value=\"\" type=\"text\" name=\"WTCdate\" \/><\/span><br \/>\n\t<hr \/><br \/>\n<span class=\"wpcf7-form-control-wrap\" data-name=\"wtcmessage\"><textarea cols=\"40\" rows=\"10\" maxlength=\"2000\" class=\"wpcf7-form-control wpcf7-textarea wtc\" aria-invalid=\"false\" placeholder=\"Give us a few details!  The more you tell us, the more we&#039;ll be able to help!\" name=\"wtcmessage\"><\/textarea><\/span><br \/>\n\t<hr \/>\n\t<\/p>\n\t<p>When you enquire, we'll send an email confirming it. If you don't see it, check your 'spam' folder. Sometimes it happens!\n\t<\/p>\n<hr \/>\n\t<p><span class=\"wpcf7-form-control-wrap\" data-name=\"capital-quiz\"><label><span class=\"wpcf7-quiz-label\">Para parar os spammers ... Voc\u00ea poderia nos dizer qual \u00e9 o maior n\u00famero ... 2 ou 8?<\/span> <input size=\"40\" class=\"wpcf7-form-control wpcf7-quiz\" autocomplete=\"off\" aria-required=\"true\" aria-invalid=\"false\" type=\"text\" name=\"capital-quiz\" \/><\/label><input type=\"hidden\" name=\"_wpcf7_quiz_answer_capital-quiz\" value=\"d02d3f117a18702f1aa410c79e23062a\" \/><\/span><br \/>\n\t<div class=\"wpcf7-response-output\" aria-hidden=\"true\"><\/div><br \/>\n<input class=\"wpcf7-form-control wpcf7-submit has-spinner wtc\" type=\"submit\" value=\"Entrar em contato!\" \/>\n\t<\/p>\n<\/div>\n<\/form>\n<\/div>\n\n<p>&nbsp;<\/p>\n<h3>Transporte e Armazenamento da Irlanda, Portugal e Espanha<\/h3>\n<p>A WanderersTransport opera um excelente servi\u00e7o de transporte e armazenamento com bases no Algarve e Dublin. Todos os dep\u00f3sitos t\u00eam instala\u00e7\u00f5es seguras de armazenamento e s\u00e3o usados \u200b\u200bpara pontos de entrega e coleta.<\/p>\n<p>A cada m\u00eas, enviamos um cont\u00eainer de transporte de 45 p\u00e9s da Irlanda para nossas bases em Portugal e Espanha. Tamb\u00e9m enviamos cont\u00eaineres e cargas parciais de volta para a Irlanda de ambos os dep\u00f3sitos. Em Loul\u00e9, tamb\u00e9m podemos oferecer unidades de armazenamento seguras especificamente constru\u00eddas, de todos os tamanhos, em nosso armaz\u00e9m seguro.<\/p>\n<h3>Servi\u00e7o de entrega<\/h3>\n<p>Podemos transportar itens menores e \u00fanicos para remo\u00e7\u00f5es completas, junto com transporte comercial e agenciamento de carga. Para uma cota\u00e7\u00e3o verdadeira, entre em contato, mas o pre\u00e7o pode ser de apenas \u20ac 70,00 por m3 (mais I.V.A.), dep\u00f3sito para dep\u00f3sito. Temos vans de 3,5 t e 7,5 t, portanto, a coleta e a entrega podem ser organizadas. Ideal para compras online, onde a maioria das empresas no Reino Unido oferece entrega gratuita em um endere\u00e7o no Reino Unido.<\/p>\n<h3>Mudan\u00e7a para Espanha ou Portugal<\/h3>\n<p>Deixe-nos ajud\u00e1-lo a se preparar para uma mudan\u00e7a tranquila e bem-sucedida. Esteja voc\u00ea se mudando de ou para a Irlanda, estaremos com voc\u00ea desde a partida at\u00e9 a chegada. Nossa extensa rede e recursos locais nos permitem fornecer servi\u00e7os da mais alta qualidade do in\u00edcio ao fim.<\/p>\n<h3>Qualidade e Satisfa\u00e7\u00e3o<\/h3>\n<p>N\u00f3s mantemos um padr\u00e3o muito alto e aderimos a termos e procedimentos estritos para fornecer a melhor qualidade de nossos servi\u00e7os de transporte.<\/p>\n<h3>Seguran\u00e7a e confiabilidade<\/h3>\n<p>A seguran\u00e7a de seus pertences \u00e9 nossa prioridade. N\u00e3o importa aonde voc\u00ea v\u00e1, mova-se com tranquilidade com o Wanderers Transport. Adaptamo-nos a qualquer situa\u00e7\u00e3o e constru\u00edmos as solu\u00e7\u00f5es que procura. Aconselhamos e temos o compromisso de oferecer aos nossos clientes taxas competitivas, mantendo os melhores padr\u00f5es de qualidade e aderindo \u00e0s pol\u00edticas de compliance.<\/p>","protected":false},"excerpt":{"rendered":"<p>[flash] WanderersTransport.eu WanderersTransport.eu &#8211; Especialistas em Remo\u00e7\u00f5es, Irlanda e Portugal \/ Espanha. Bem-vindo ao Wanderers Transport Removals &amp; Storage! Com sede no Algarve, em Portugal, a Wanderers Transport opera um servi\u00e7o regular de transporte mar\u00edtimo de contentores entre a Irlanda e Espanha e Portugal. Deixe-nos citar antes de decidir! Wanderers Transport &#8211; Especialistas em Remo\u00e7\u00f5es<\/p>\n<p><a href=\"https:\/\/wandererstransport.eu\/pt\/\" class=\"more-link themebutton\">Read More<\/a><\/p>\n","protected":false},"author":1,"featured_media":0,"parent":0,"menu_order":0,"comment_status":"closed","ping_status":"closed","template":"","meta":{"yasr_overall_rating":0,"yasr_post_is_review":"","yasr_auto_insert_disabled":"","yasr_review_type":"","footnotes":"","_links_to":"","_links_to_target":""},"class_list":["post-13","page","type-page","status-publish","hentry"],"yoast_head":"<!-- This site is optimized with the Yoast SEO plugin v27.5 - https:\/\/yoast.com\/product\/yoast-seo-wordpress\/ -->\n<title>WanderersTransport.eu - Mudan\u00e7as e Transportes.<\/title>\n<meta name=\"description\" content=\"{:en}WanderersTransport.eu - Removals, Transport &amp; Storage.\u00a0Regular shipping container service between Ireland, Portugal &amp; Spain. Get your Free Quote!{:es}WanderersTransport.eu - Mudanzas, Transporte y Almacenamiento. Servicio de env\u00edo regular de contenedores entre Irlanda, Portugal y Espa\u00f1a. Obtenga su cotizaci\u00f3n gratis!{:pt}WanderersTransport.eu - Remo\u00e7\u00f5es, transporte e armazenamento. Servi\u00e7o de transporte regular de cont\u00eaineres entre Irlanda, Portugal e Espanha. Obtenha seu Or\u00e7amento Gr\u00e1tis!{:}\" \/>\n<meta name=\"robots\" content=\"index, follow, max-snippet:-1, max-image-preview:large, max-video-preview:-1\" \/>\n<link rel=\"canonical\" href=\"https:\/\/wandererstransport.eu\/\" \/>\n<meta property=\"og:locale\" content=\"pt_PT\" \/>\n<meta property=\"og:type\" content=\"article\" \/>\n<meta property=\"og:title\" content=\"WanderersTransport.eu\" \/>\n<meta property=\"og:description\" content=\"Shipping container transports and storage. Removals specialists!\" \/>\n<meta property=\"og:url\" content=\"https:\/\/wandererstransport.eu\/\" \/>\n<meta property=\"og:site_name\" content=\"WanderersTransport.eu\" \/>\n<meta property=\"article:modified_time\" content=\"2025-10-20T11:07:20+00:00\" \/>\n<meta property=\"og:image\" content=\"https:\/\/wandererstransport.eu\/wp-content\/uploads\/2020\/05\/Wanderers-Transport-OG01.jpg\" \/>\n\t<meta property=\"og:image:width\" content=\"1200\" \/>\n\t<meta property=\"og:image:height\" content=\"630\" \/>\n\t<meta property=\"og:image:type\" content=\"image\/jpeg\" \/>\n<meta name=\"twitter:card\" content=\"summary_large_image\" \/>\n<meta name=\"twitter:label1\" content=\"Tempo estimado de leitura\" \/>\n\t<meta name=\"twitter:data1\" content=\"8 minutos\" \/>\n<script type=\"application\/ld+json\" class=\"yoast-schema-graph\">{\"@context\":\"https:\\\/\\\/schema.org\",\"@graph\":[{\"@type\":\"WebPage\",\"@id\":\"https:\\\/\\\/wandererstransport.eu\\\/\",\"url\":\"https:\\\/\\\/wandererstransport.eu\\\/\",\"name\":\"[:en]Wanderers Transport - Removals, Storage & Transport.[:es]WanderersTransport.eu - Mudanzas y Transporte.[:pt]WanderersTransport.eu - Mudan\u00e7as e Transportes.\",\"isPartOf\":{\"@id\":\"https:\\\/\\\/wandererstransport.eu\\\/#website\"},\"primaryImageOfPage\":{\"@id\":\"https:\\\/\\\/wandererstransport.eu\\\/#primaryimage\"},\"image\":{\"@id\":\"https:\\\/\\\/wandererstransport.eu\\\/#primaryimage\"},\"thumbnailUrl\":\"https:\\\/\\\/wandererstransport.eu\\\/wp-content\\\/uploads\\\/2020\\\/04\\\/Wanderers-Transport-UK-Spain-Removals-SOG02.jpg\",\"datePublished\":\"2020-04-11T11:25:54+00:00\",\"dateModified\":\"2025-10-20T11:07:20+00:00\",\"description\":\"{:en}WanderersTransport.eu - Removals, Transport & Storage.\u00a0Regular shipping container service between Ireland, Portugal & Spain. Get your Free Quote!{:es}WanderersTransport.eu - Mudanzas, Transporte y Almacenamiento. Servicio de env\u00edo regular de contenedores entre Irlanda, Portugal y Espa\u00f1a. Obtenga su cotizaci\u00f3n gratis!{:pt}WanderersTransport.eu - Remo\u00e7\u00f5es, transporte e armazenamento. Servi\u00e7o de transporte regular de cont\u00eaineres entre Irlanda, Portugal e Espanha. Obtenha seu Or\u00e7amento Gr\u00e1tis!{:}\",\"breadcrumb\":{\"@id\":\"https:\\\/\\\/wandererstransport.eu\\\/#breadcrumb\"},\"inLanguage\":\"pt-PT\",\"potentialAction\":[{\"@type\":\"ReadAction\",\"target\":[\"https:\\\/\\\/wandererstransport.eu\\\/\"]}]},{\"@type\":\"ImageObject\",\"inLanguage\":\"pt-PT\",\"@id\":\"https:\\\/\\\/wandererstransport.eu\\\/#primaryimage\",\"url\":\"https:\\\/\\\/wandererstransport.eu\\\/wp-content\\\/uploads\\\/2020\\\/04\\\/Wanderers-Transport-UK-Spain-Removals-SOG02.jpg\",\"contentUrl\":\"https:\\\/\\\/wandererstransport.eu\\\/wp-content\\\/uploads\\\/2020\\\/04\\\/Wanderers-Transport-UK-Spain-Removals-SOG02.jpg\"},{\"@type\":\"BreadcrumbList\",\"@id\":\"https:\\\/\\\/wandererstransport.eu\\\/#breadcrumb\",\"itemListElement\":[{\"@type\":\"ListItem\",\"position\":1,\"name\":\"Home\",\"item\":\"https:\\\/\\\/wandererstransport.eu\\\/\"},{\"@type\":\"ListItem\",\"position\":2,\"name\":\"WanderersTransport.eu\"}]},{\"@type\":\"WebSite\",\"@id\":\"https:\\\/\\\/wandererstransport.eu\\\/#website\",\"url\":\"https:\\\/\\\/wandererstransport.eu\\\/\",\"name\":\"WanderersTransport.eu\",\"description\":\"Mudan\u00e7as dom\u00e9sticas, transporte e armazenamento entre o Reino Unido, Espanha e Portugal.\",\"publisher\":{\"@id\":\"https:\\\/\\\/wandererstransport.eu\\\/#organization\"},\"potentialAction\":[{\"@type\":\"SearchAction\",\"target\":{\"@type\":\"EntryPoint\",\"urlTemplate\":\"https:\\\/\\\/wandererstransport.eu\\\/?s={search_term_string}\"},\"query-input\":{\"@type\":\"PropertyValueSpecification\",\"valueRequired\":true,\"valueName\":\"search_term_string\"}}],\"inLanguage\":\"pt-PT\"},{\"@type\":\"Organization\",\"@id\":\"https:\\\/\\\/wandererstransport.eu\\\/#organization\",\"name\":\"WanderersTransport.eu\",\"url\":\"https:\\\/\\\/wandererstransport.eu\\\/\",\"logo\":{\"@type\":\"ImageObject\",\"inLanguage\":\"pt-PT\",\"@id\":\"https:\\\/\\\/wandererstransport.eu\\\/#\\\/schema\\\/logo\\\/image\\\/\",\"url\":\"https:\\\/\\\/wandererstransport.eu\\\/wp-content\\\/uploads\\\/2020\\\/08\\\/Wanderers-Transport-Storeage-Logo-02.png\",\"contentUrl\":\"https:\\\/\\\/wandererstransport.eu\\\/wp-content\\\/uploads\\\/2020\\\/08\\\/Wanderers-Transport-Storeage-Logo-02.png\",\"width\":490,\"height\":162,\"caption\":\"WanderersTransport.eu\"},\"image\":{\"@id\":\"https:\\\/\\\/wandererstransport.eu\\\/#\\\/schema\\\/logo\\\/image\\\/\"}},false]}<\/script>\n<!-- \/ Yoast SEO plugin. -->","yoast_head_json":{"title":"[:en]Wanderers Transport - Removals, Storage & Transport.[:es]WanderersTransport.eu - Mudanzas y Transporte.[:pt]WanderersTransport.eu - Mudan\u00e7as e Transportes.","description":"{:en}WanderersTransport.eu - Removals, Transport & Storage.\u00a0Regular shipping container service between Ireland, Portugal & Spain. Get your Free Quote!{:es}WanderersTransport.eu - Mudanzas, Transporte y Almacenamiento. Servicio de env\u00edo regular de contenedores entre Irlanda, Portugal y Espa\u00f1a. Obtenga su cotizaci\u00f3n gratis!{:pt}WanderersTransport.eu - Remo\u00e7\u00f5es, transporte e armazenamento. Servi\u00e7o de transporte regular de cont\u00eaineres entre Irlanda, Portugal e Espanha. Obtenha seu Or\u00e7amento Gr\u00e1tis!{:}","robots":{"index":"index","follow":"follow","max-snippet":"max-snippet:-1","max-image-preview":"max-image-preview:large","max-video-preview":"max-video-preview:-1"},"canonical":"https:\/\/wandererstransport.eu\/","og_locale":"pt_PT","og_type":"article","og_title":"WanderersTransport.eu","og_description":"Shipping container transports and storage. Removals specialists!","og_url":"https:\/\/wandererstransport.eu\/","og_site_name":"WanderersTransport.eu","article_modified_time":"2025-10-20T11:07:20+00:00","og_image":[{"width":1200,"height":630,"url":"https:\/\/wandererstransport.eu\/wp-content\/uploads\/2020\/05\/Wanderers-Transport-OG01.jpg","type":"image\/jpeg"}],"twitter_card":"summary_large_image","twitter_misc":{"Tempo estimado de leitura":"8 minutos"},"schema":{"@context":"https:\/\/schema.org","@graph":[{"@type":"WebPage","@id":"https:\/\/wandererstransport.eu\/","url":"https:\/\/wandererstransport.eu\/","name":"[:en]Wanderers Transport - Removals, Storage & Transport.[:es]WanderersTransport.eu - Mudanzas y Transporte.[:pt]WanderersTransport.eu - Mudan\u00e7as e Transportes.","isPartOf":{"@id":"https:\/\/wandererstransport.eu\/#website"},"primaryImageOfPage":{"@id":"https:\/\/wandererstransport.eu\/#primaryimage"},"image":{"@id":"https:\/\/wandererstransport.eu\/#primaryimage"},"thumbnailUrl":"https:\/\/wandererstransport.eu\/wp-content\/uploads\/2020\/04\/Wanderers-Transport-UK-Spain-Removals-SOG02.jpg","datePublished":"2020-04-11T11:25:54+00:00","dateModified":"2025-10-20T11:07:20+00:00","description":"{:en}WanderersTransport.eu - Removals, Transport & Storage.\u00a0Regular shipping container service between Ireland, Portugal & Spain. Get your Free Quote!{:es}WanderersTransport.eu - Mudanzas, Transporte y Almacenamiento. Servicio de env\u00edo regular de contenedores entre Irlanda, Portugal y Espa\u00f1a. Obtenga su cotizaci\u00f3n gratis!{:pt}WanderersTransport.eu - Remo\u00e7\u00f5es, transporte e armazenamento. Servi\u00e7o de transporte regular de cont\u00eaineres entre Irlanda, Portugal e Espanha. Obtenha seu Or\u00e7amento Gr\u00e1tis!{:}","breadcrumb":{"@id":"https:\/\/wandererstransport.eu\/#breadcrumb"},"inLanguage":"pt-PT","potentialAction":[{"@type":"ReadAction","target":["https:\/\/wandererstransport.eu\/"]}]},{"@type":"ImageObject","inLanguage":"pt-PT","@id":"https:\/\/wandererstransport.eu\/#primaryimage","url":"https:\/\/wandererstransport.eu\/wp-content\/uploads\/2020\/04\/Wanderers-Transport-UK-Spain-Removals-SOG02.jpg","contentUrl":"https:\/\/wandererstransport.eu\/wp-content\/uploads\/2020\/04\/Wanderers-Transport-UK-Spain-Removals-SOG02.jpg"},{"@type":"BreadcrumbList","@id":"https:\/\/wandererstransport.eu\/#breadcrumb","itemListElement":[{"@type":"ListItem","position":1,"name":"Home","item":"https:\/\/wandererstransport.eu\/"},{"@type":"ListItem","position":2,"name":"WanderersTransport.eu"}]},{"@type":"WebSite","@id":"https:\/\/wandererstransport.eu\/#website","url":"https:\/\/wandererstransport.eu\/","name":"WanderersTransport.eu","description":"Mudan\u00e7as dom\u00e9sticas, transporte e armazenamento entre o Reino Unido, Espanha e Portugal.","publisher":{"@id":"https:\/\/wandererstransport.eu\/#organization"},"potentialAction":[{"@type":"SearchAction","target":{"@type":"EntryPoint","urlTemplate":"https:\/\/wandererstransport.eu\/?s={search_term_string}"},"query-input":{"@type":"PropertyValueSpecification","valueRequired":true,"valueName":"search_term_string"}}],"inLanguage":"pt-PT"},{"@type":"Organization","@id":"https:\/\/wandererstransport.eu\/#organization","name":"WanderersTransport.eu","url":"https:\/\/wandererstransport.eu\/","logo":{"@type":"ImageObject","inLanguage":"pt-PT","@id":"https:\/\/wandererstransport.eu\/#\/schema\/logo\/image\/","url":"https:\/\/wandererstransport.eu\/wp-content\/uploads\/2020\/08\/Wanderers-Transport-Storeage-Logo-02.png","contentUrl":"https:\/\/wandererstransport.eu\/wp-content\/uploads\/2020\/08\/Wanderers-Transport-Storeage-Logo-02.png","width":490,"height":162,"caption":"WanderersTransport.eu"},"image":{"@id":"https:\/\/wandererstransport.eu\/#\/schema\/logo\/image\/"}},false]}},"yasr_visitor_votes":{"stars_attributes":{"read_only":false,"span_bottom":false},"number_of_votes":10,"sum_votes":40},"_links":{"self":[{"href":"https:\/\/wandererstransport.eu\/pt\/wp-json\/wp\/v2\/pages\/13","targetHints":{"allow":["GET"]}}],"collection":[{"href":"https:\/\/wandererstransport.eu\/pt\/wp-json\/wp\/v2\/pages"}],"about":[{"href":"https:\/\/wandererstransport.eu\/pt\/wp-json\/wp\/v2\/types\/page"}],"author":[{"embeddable":true,"href":"https:\/\/wandererstransport.eu\/pt\/wp-json\/wp\/v2\/users\/1"}],"replies":[{"embeddable":true,"href":"https:\/\/wandererstransport.eu\/pt\/wp-json\/wp\/v2\/comments?post=13"}],"version-history":[{"count":1,"href":"https:\/\/wandererstransport.eu\/pt\/wp-json\/wp\/v2\/pages\/13\/revisions"}],"predecessor-version":[{"id":615,"href":"https:\/\/wandererstransport.eu\/pt\/wp-json\/wp\/v2\/pages\/13\/revisions\/615"}],"wp:attachment":[{"href":"https:\/\/wandererstransport.eu\/pt\/wp-json\/wp\/v2\/media?parent=13"}],"curies":[{"name":"wp","href":"https:\/\/api.w.org\/{rel}","templated":true}]}}