{"id":312,"date":"2020-06-23T12:27:22","date_gmt":"2020-06-23T12:27:22","guid":{"rendered":"https:\/\/wandererstransport.eu\/?page_id=312"},"modified":"2024-04-08T13:08:30","modified_gmt":"2024-04-08T13:08:30","slug":"international-removals","status":"publish","type":"page","link":"https:\/\/wandererstransport.eu\/es\/mudanzas-internacionales\/","title":{"rendered":"Mudanzas Internacionales"},"content":{"rendered":"<p>[flash]<strong>Mudanzas internacionales con WanderersTransport.eu. \u00a1Estamos aqu\u00ed para ayudarlo si necesita servicios de mudanzas entre Irlanda y Portugal o Espa\u00f1a! \u00a1Realizamos contenedores mensuales regulares que ofrecen un servicio de mudanzas europeas confiable y profesional! \u00a1Habla con nosotros! \u00a1Grandes citas!<\/strong><\/p>\n<h2>Mudanzas internacionales de WanderersTransport.eu<\/h2>\n<div id=\"attachment_458\" style=\"width: 1210px\" class=\"wp-caption alignnone\"><img loading=\"lazy\" decoding=\"async\" aria-describedby=\"caption-attachment-458\" class=\"wp-image-458 size-full\" src=\"https:\/\/wandererstransport.eu\/wp-content\/uploads\/2021\/04\/Mudanzas-internacionales.jpg\" alt=\"Mudanzas internacionales\" width=\"1200\" height=\"630\" srcset=\"https:\/\/wandererstransport.eu\/wp-content\/uploads\/2021\/04\/Mudanzas-internacionales.jpg 1200w, https:\/\/wandererstransport.eu\/wp-content\/uploads\/2021\/04\/Mudanzas-internacionales-300x158.jpg 300w, https:\/\/wandererstransport.eu\/wp-content\/uploads\/2021\/04\/Mudanzas-internacionales-1024x538.jpg 1024w, https:\/\/wandererstransport.eu\/wp-content\/uploads\/2021\/04\/Mudanzas-internacionales-768x403.jpg 768w\" sizes=\"auto, (max-width: 1200px) 100vw, 1200px\" \/><p id=\"caption-attachment-458\" class=\"wp-caption-text\">Mudanzas internacionales &#8211; WanderersTransport.eu<\/p><\/div>\n<h3>Mudanzas europeas &#8211; Irlanda, Espa\u00f1a, Portugal<\/h3>\n<p><strong>Mudanzas internacionales entre Irlanda, Espa\u00f1a y Portugal, transporte de motos y muebles, embalaje y desembalaje.<\/strong> Si necesita hacer una mudanza internacional, \u00a1podemos ayudarlo! Somos expertos en el campo de las mudanzas internacionales a Europa. Ofrecemos nuestro servicio de mudanzas con total profesionalidad para su completa satisfacci\u00f3n.<\/p>\n<p>\u00bfPlanea mudarse desde o hacia Irlanda, Espa\u00f1a o Portugal? \u00a1WanderersTransport.eu puede ayudar! \u00a1Hacemos que mudarse al extranjero sea f\u00e1cil! Desde la planificaci\u00f3n hasta la entrega, \u00a1deje que nuestro equipo se encargue de todo!<\/p>\n<p><em><strong>\u00a1Motocicletas una especialidad!<\/strong><\/em><\/p>\n<ul>\n<li><a href=\"https:\/\/wandererstransport.eu\/international-removals\/dublin-ireland\/\">Dublin, Ireland<\/a><\/li>\n<li><a href=\"https:\/\/wandererstransport.eu\/the-algarve\/\">Loule, Algarve, Portugal<\/a><\/li>\n<\/ul>\n<h3>Cotizaci\u00f3n de mudanzas europeas<\/h3>\n\n<div class=\"wpcf7 no-js\" id=\"wpcf7-f117-o2\" lang=\"en-US\" dir=\"ltr\" data-wpcf7-id=\"117\">\n<div class=\"screen-reader-response\"><p role=\"status\" aria-live=\"polite\" aria-atomic=\"true\"><\/p> <ul><\/ul><\/div>\n<form action=\"\/es\/wp-json\/wp\/v2\/pages\/312#wpcf7-f117-o2\" method=\"post\" class=\"wpcf7-form init\" aria-label=\"Contact form\" novalidate=\"novalidate\" data-status=\"init\">\n<fieldset class=\"hidden-fields-container\"><input type=\"hidden\" name=\"_wpcf7\" value=\"117\" \/><input type=\"hidden\" name=\"_wpcf7_version\" value=\"6.1.5\" \/><input type=\"hidden\" name=\"_wpcf7_locale\" value=\"en_US\" \/><input type=\"hidden\" name=\"_wpcf7_unit_tag\" value=\"wpcf7-f117-o2\" \/><input type=\"hidden\" name=\"_wpcf7_container_post\" value=\"0\" \/><input type=\"hidden\" name=\"_wpcf7_posted_data_hash\" value=\"\" \/>\n<\/fieldset>\n<div class=\"contact01box\">\n\t<p><span class=\"wpcf7-form-control-wrap\" data-name=\"WTCname\"><input size=\"40\" maxlength=\"400\" class=\"wpcf7-form-control wpcf7-text wpcf7-validates-as-required wtc\" aria-required=\"true\" aria-invalid=\"false\" placeholder=\"su nombre\" value=\"\" type=\"text\" name=\"WTCname\" \/><\/span><br \/>\n<span class=\"wpcf7-form-control-wrap\" data-name=\"WTCemail\"><input size=\"40\" maxlength=\"400\" class=\"wpcf7-form-control wpcf7-email wpcf7-validates-as-required wpcf7-text wpcf7-validates-as-email wtc\" aria-required=\"true\" aria-invalid=\"false\" placeholder=\"correo electronico\" value=\"\" type=\"email\" name=\"WTCemail\" \/><\/span><br \/>\n<span class=\"wpcf7-form-control-wrap\" data-name=\"WTCphone\"><input size=\"40\" maxlength=\"400\" class=\"wpcf7-form-control wpcf7-tel wpcf7-text wpcf7-validates-as-tel wtc\" aria-invalid=\"false\" placeholder=\"n\u00famero de tel\u00e9fono\" value=\"\" type=\"tel\" name=\"WTCphone\" \/><\/span><br \/>\n\t<hr \/><br \/>\n<span class=\"wpcf7-form-control-wrap\" data-name=\"WTCfrom\"><input size=\"40\" maxlength=\"400\" class=\"wpcf7-form-control wpcf7-text wpcf7-validates-as-required wtc\" aria-required=\"true\" aria-invalid=\"false\" placeholder=\"Transporte DESDE\" value=\"\" type=\"text\" name=\"WTCfrom\" \/><\/span><br \/>\n<span class=\"wpcf7-form-control-wrap\" data-name=\"WTCto\"><input size=\"40\" maxlength=\"400\" class=\"wpcf7-form-control wpcf7-text wpcf7-validates-as-required wtc\" aria-required=\"true\" aria-invalid=\"false\" placeholder=\"Transportar A\" value=\"\" type=\"text\" name=\"WTCto\" \/><\/span><br \/>\n<span class=\"wpcf7-form-control-wrap\" data-name=\"WTCdate\"><input size=\"40\" maxlength=\"400\" class=\"wpcf7-form-control wpcf7-text wpcf7-validates-as-required wtc\" aria-required=\"true\" aria-invalid=\"false\" placeholder=\"Fecha aproximada\" value=\"\" type=\"text\" name=\"WTCdate\" \/><\/span><br \/>\n\t<hr \/><br \/>\n<span class=\"wpcf7-form-control-wrap\" data-name=\"wtcmessage\"><textarea cols=\"40\" rows=\"10\" maxlength=\"2000\" class=\"wpcf7-form-control wpcf7-textarea wtc\" aria-invalid=\"false\" placeholder=\"Give us a few details!  The more you tell us, the more we&#039;ll be able to help!\" name=\"wtcmessage\"><\/textarea><\/span><br \/>\n\t<hr \/>\n\t<\/p>\n\t<p>When you enquire, we'll send an email confirming it. If you don't see it, check your 'spam' folder. Sometimes it happens!\n\t<\/p>\n<hr \/>\n\t<p><span class=\"wpcf7-form-control-wrap\" data-name=\"capital-quiz\"><label><span class=\"wpcf7-quiz-label\">Para detener a los spammers ... \u00bfPodr\u00eda decirnos cu\u00e1l es el n\u00famero m\u00e1s grande ... 2 u 8?<\/span> <input size=\"40\" class=\"wpcf7-form-control wpcf7-quiz\" autocomplete=\"off\" aria-required=\"true\" aria-invalid=\"false\" type=\"text\" name=\"capital-quiz\" \/><\/label><input type=\"hidden\" name=\"_wpcf7_quiz_answer_capital-quiz\" value=\"d02d3f117a18702f1aa410c79e23062a\" \/><\/span><br \/>\n\t<div class=\"wpcf7-response-output\" aria-hidden=\"true\"><\/div><br \/>\n<input class=\"wpcf7-form-control wpcf7-submit has-spinner wtc\" type=\"submit\" value=\"\u00a1Ponerse en contacto!\" \/>\n\t<\/p>\n<\/div>\n<\/form>\n<\/div>\n\n<p>&nbsp;<\/p>\n<h3>WanderersTransport.eu<\/h3>\n<p>Empresa de mudanzas internacionales, con sede en Dubl\u00edn, Portugal y Espa\u00f1a. Servicio de mudanza y embalaje a domicilio, con salidas regulares. Obtenga cotizaciones r\u00e1pidas para mudanzas en el extranjero. \u00a1Ahorre dinero en su mudanza al extranjero!<\/p>\n<h3>Transportes europeos de contenedores. \u00a1Mudanzas rentables, profesionales y fiables!<\/h3>\n<p>WanderersTransport.eu le ofrece un servicio de contenedores profesional y rentable entre Irlanda, Portugal y Espa\u00f1a.<\/p>\n<p>Nos complace ofrecer a todos nuestros clientes de contenedores de env\u00edo las soluciones de transporte perfectas para carga general y a granel. Manejamos un contenedor de 45 pies desde nuestro dep\u00f3sito en Dubl\u00edn hacia y desde Espa\u00f1a y Portugal. Una vez que est\u00e9 de acuerdo con los costos estimados, transportaremos r\u00e1pidamente sus pertenencias al punto de entrega acordado. Siempre crearemos un plan de transporte, para que usted, el cliente, sepa d\u00f3nde se encuentra en cada etapa de nuestro transporte.<\/p>\n<h3>Dep\u00f3sitos europeos de transporte, almacenamiento y mudanza<\/h3>\n<p>Adem\u00e1s, a la hora de transportar y entregar contenedores de env\u00edo, nos encargamos de todos los tr\u00e1mites necesarios, incluidas las declaraciones aduaneras. Contamos con una extensa red internacional, o socios, lo que nos permite ofrecerle un servicio confiable y rentable. \u00a1Ofrecemos un excelente servicio log\u00edstico de contenedores perfecto para su pr\u00f3ximo movimiento!<\/p>\n<p>Nuestros servicios de transporte de contenedores funcionan bien en conjunto con nuestro socio, Cars-Go-Transport, lo que le permitir\u00e1 ahorrar una cantidad considerable de tiempo y dinero.<\/p>\n<p>Si es como la mayor\u00eda de nuestros clientes que se mudan a Espa\u00f1a o Portugal, desea obtener el precio de mudanza m\u00e1s econ\u00f3mico posible, pero no quiere sacrificar la seguridad o la confiabilidad. En WanderersTransport.eu, lo tenemos cubierto. En WanderersTransport.eu nuestras tres consideraciones m\u00e1s importantes son:<\/p>\n<ul>\n<li>Brindar un servicio fant\u00e1stico a nuestros clientes.<\/li>\n<li>Tener el m\u00e1ximo cuidado a la hora de trasladar sus pertenencias.<\/li>\n<li>Y para darles el precio m\u00e1s barato para una mudanza a Portugal o Espa\u00f1a desde Irlanda.<\/li>\n<\/ul>\n<h3>Calidad y satisfacci\u00f3n<\/h3>\n<p>Mantenemos un est\u00e1ndar muy alto y nos adherimos a t\u00e9rminos y procedimientos estrictos para brindar la mejor calidad de nuestros servicios de transporte. Nuestro departamento de atenci\u00f3n al cliente nos permite garantizar su completa satisfacci\u00f3n.<\/p>\n<h3>Seguridad y confiabilidad<\/h3>\n<p>La seguridad de sus pertenencias es nuestra m\u00e1xima prioridad. No importa a d\u00f3nde vaya, mu\u00e9vase con tranquilidad con Wanderers Transport. Nos adaptamos a cualquier situaci\u00f3n y construimos las soluciones que buscas. Asesoramos y nos comprometemos a ofrecer a nuestros clientes tarifas competitivas manteniendo los mejores est\u00e1ndares de calidad y apeg\u00e1ndonos a las pol\u00edticas de cumplimiento.<\/p>","protected":false},"excerpt":{"rendered":"<p>[flash]Mudanzas internacionales con WanderersTransport.eu. \u00a1Estamos aqu\u00ed para ayudarlo si necesita servicios de mudanzas entre Irlanda y Portugal o Espa\u00f1a! \u00a1Realizamos contenedores mensuales regulares que ofrecen un servicio de mudanzas europeas confiable y profesional! \u00a1Habla con nosotros! \u00a1Grandes citas! Mudanzas internacionales de WanderersTransport.eu Mudanzas europeas &#8211; Irlanda, Espa\u00f1a, Portugal Mudanzas internacionales entre Irlanda, Espa\u00f1a y Portugal,<\/p>\n<p><a href=\"https:\/\/wandererstransport.eu\/es\/mudanzas-internacionales\/\" class=\"more-link themebutton\">Leer m\u00e1s<\/a><\/p>\n","protected":false},"author":1,"featured_media":20,"parent":0,"menu_order":0,"comment_status":"closed","ping_status":"closed","template":"","meta":{"yasr_overall_rating":0,"yasr_post_is_review":"","yasr_auto_insert_disabled":"","yasr_review_type":"","footnotes":"","_links_to":"","_links_to_target":""},"class_list":["post-312","page","type-page","status-publish","has-post-thumbnail","hentry"],"yoast_head":"<!-- This site is optimized with the Yoast SEO plugin v27.5 - https:\/\/yoast.com\/product\/yoast-seo-wordpress\/ -->\n<title>International Removals. Ireland, Spain, Portugal. WanderersTransport.eu.<\/title>\n<meta name=\"description\" content=\"International removals with WanderersTransport.eu.\u00a0 Removals services between Dublin, Ireland and Spain &amp; Portugal! Speak to us!\u00a0 Great quotes!\" \/>\n<meta name=\"robots\" content=\"index, follow, max-snippet:-1, max-image-preview:large, max-video-preview:-1\" \/>\n<link rel=\"canonical\" href=\"https:\/\/wandererstransport.eu\/international-removals\/\" \/>\n<meta property=\"og:locale\" content=\"es_ES\" \/>\n<meta property=\"og:type\" content=\"article\" \/>\n<meta property=\"og:title\" content=\"International Removals. Ireland, Spain, Portugal. WanderersTransport.eu.\" \/>\n<meta property=\"og:description\" content=\"International removals with WanderersTransport.eu.\u00a0 Removals services between Dublin, Ireland and Spain &amp; Portugal! Speak to us!\u00a0 Great quotes!\" \/>\n<meta property=\"og:url\" content=\"https:\/\/wandererstransport.eu\/international-removals\/\" \/>\n<meta property=\"og:site_name\" content=\"WanderersTransport.eu\" \/>\n<meta property=\"article:modified_time\" content=\"2024-04-08T13:08:30+00:00\" \/>\n<meta property=\"og:image\" content=\"https:\/\/wandererstransport.eu\/wp-content\/uploads\/2020\/04\/shutterstock_1077208466-scaled.jpg\" \/>\n\t<meta property=\"og:image:width\" content=\"2560\" \/>\n\t<meta property=\"og:image:height\" content=\"1054\" \/>\n\t<meta property=\"og:image:type\" content=\"image\/jpeg\" \/>\n<meta name=\"twitter:card\" content=\"summary_large_image\" \/>\n<meta name=\"twitter:label1\" content=\"Tiempo de lectura\" \/>\n\t<meta name=\"twitter:data1\" content=\"9 minutos\" \/>\n<script type=\"application\/ld+json\" class=\"yoast-schema-graph\">{\"@context\":\"https:\\\/\\\/schema.org\",\"@graph\":[{\"@type\":\"WebPage\",\"@id\":\"https:\\\/\\\/wandererstransport.eu\\\/international-removals\\\/\",\"url\":\"https:\\\/\\\/wandererstransport.eu\\\/international-removals\\\/\",\"name\":\"International Removals. Ireland, Spain, Portugal. WanderersTransport.eu.\",\"isPartOf\":{\"@id\":\"https:\\\/\\\/wandererstransport.eu\\\/#website\"},\"primaryImageOfPage\":{\"@id\":\"https:\\\/\\\/wandererstransport.eu\\\/international-removals\\\/#primaryimage\"},\"image\":{\"@id\":\"https:\\\/\\\/wandererstransport.eu\\\/international-removals\\\/#primaryimage\"},\"thumbnailUrl\":\"https:\\\/\\\/wandererstransport.eu\\\/wp-content\\\/uploads\\\/2020\\\/04\\\/shutterstock_1077208466-scaled.jpg\",\"datePublished\":\"2020-06-23T12:27:22+00:00\",\"dateModified\":\"2024-04-08T13:08:30+00:00\",\"description\":\"International removals with WanderersTransport.eu.\u00a0 Removals services between Dublin, Ireland and Spain & Portugal! Speak to us!\u00a0 Great quotes!\",\"breadcrumb\":{\"@id\":\"https:\\\/\\\/wandererstransport.eu\\\/international-removals\\\/#breadcrumb\"},\"inLanguage\":\"es\",\"potentialAction\":[{\"@type\":\"ReadAction\",\"target\":[\"https:\\\/\\\/wandererstransport.eu\\\/international-removals\\\/\"]}]},{\"@type\":\"ImageObject\",\"inLanguage\":\"es\",\"@id\":\"https:\\\/\\\/wandererstransport.eu\\\/international-removals\\\/#primaryimage\",\"url\":\"https:\\\/\\\/wandererstransport.eu\\\/wp-content\\\/uploads\\\/2020\\\/04\\\/shutterstock_1077208466-scaled.jpg\",\"contentUrl\":\"https:\\\/\\\/wandererstransport.eu\\\/wp-content\\\/uploads\\\/2020\\\/04\\\/shutterstock_1077208466-scaled.jpg\",\"width\":2560,\"height\":1054},{\"@type\":\"BreadcrumbList\",\"@id\":\"https:\\\/\\\/wandererstransport.eu\\\/international-removals\\\/#breadcrumb\",\"itemListElement\":[{\"@type\":\"ListItem\",\"position\":1,\"name\":\"Home\",\"item\":\"https:\\\/\\\/wandererstransport.eu\\\/\"},{\"@type\":\"ListItem\",\"position\":2,\"name\":\"International Removals\"}]},{\"@type\":\"WebSite\",\"@id\":\"https:\\\/\\\/wandererstransport.eu\\\/#website\",\"url\":\"https:\\\/\\\/wandererstransport.eu\\\/\",\"name\":\"WanderersTransport.eu\",\"description\":\"Mudanzas dom\u00e9sticas, transporte y almacenamiento entre el Reino Unido, Espa\u00f1a y Portugal.\",\"publisher\":{\"@id\":\"https:\\\/\\\/wandererstransport.eu\\\/#organization\"},\"potentialAction\":[{\"@type\":\"SearchAction\",\"target\":{\"@type\":\"EntryPoint\",\"urlTemplate\":\"https:\\\/\\\/wandererstransport.eu\\\/?s={search_term_string}\"},\"query-input\":{\"@type\":\"PropertyValueSpecification\",\"valueRequired\":true,\"valueName\":\"search_term_string\"}}],\"inLanguage\":\"es\"},{\"@type\":\"Organization\",\"@id\":\"https:\\\/\\\/wandererstransport.eu\\\/#organization\",\"name\":\"WanderersTransport.eu\",\"url\":\"https:\\\/\\\/wandererstransport.eu\\\/\",\"logo\":{\"@type\":\"ImageObject\",\"inLanguage\":\"es\",\"@id\":\"https:\\\/\\\/wandererstransport.eu\\\/#\\\/schema\\\/logo\\\/image\\\/\",\"url\":\"https:\\\/\\\/wandererstransport.eu\\\/wp-content\\\/uploads\\\/2020\\\/08\\\/Wanderers-Transport-Storeage-Logo-02.png\",\"contentUrl\":\"https:\\\/\\\/wandererstransport.eu\\\/wp-content\\\/uploads\\\/2020\\\/08\\\/Wanderers-Transport-Storeage-Logo-02.png\",\"width\":490,\"height\":162,\"caption\":\"WanderersTransport.eu\"},\"image\":{\"@id\":\"https:\\\/\\\/wandererstransport.eu\\\/#\\\/schema\\\/logo\\\/image\\\/\"}},false]}<\/script>\n<!-- \/ Yoast SEO plugin. -->","yoast_head_json":{"title":"International Removals. Ireland, Spain, Portugal. WanderersTransport.eu.","description":"International removals with WanderersTransport.eu.\u00a0 Removals services between Dublin, Ireland and Spain & Portugal! Speak to us!\u00a0 Great quotes!","robots":{"index":"index","follow":"follow","max-snippet":"max-snippet:-1","max-image-preview":"max-image-preview:large","max-video-preview":"max-video-preview:-1"},"canonical":"https:\/\/wandererstransport.eu\/international-removals\/","og_locale":"es_ES","og_type":"article","og_title":"International Removals. Ireland, Spain, Portugal. WanderersTransport.eu.","og_description":"International removals with WanderersTransport.eu.\u00a0 Removals services between Dublin, Ireland and Spain & Portugal! Speak to us!\u00a0 Great quotes!","og_url":"https:\/\/wandererstransport.eu\/international-removals\/","og_site_name":"WanderersTransport.eu","article_modified_time":"2024-04-08T13:08:30+00:00","og_image":[{"width":2560,"height":1054,"url":"https:\/\/wandererstransport.eu\/wp-content\/uploads\/2020\/04\/shutterstock_1077208466-scaled.jpg","type":"image\/jpeg"}],"twitter_card":"summary_large_image","twitter_misc":{"Tiempo de lectura":"9 minutos"},"schema":{"@context":"https:\/\/schema.org","@graph":[{"@type":"WebPage","@id":"https:\/\/wandererstransport.eu\/international-removals\/","url":"https:\/\/wandererstransport.eu\/international-removals\/","name":"International Removals. Ireland, Spain, Portugal. WanderersTransport.eu.","isPartOf":{"@id":"https:\/\/wandererstransport.eu\/#website"},"primaryImageOfPage":{"@id":"https:\/\/wandererstransport.eu\/international-removals\/#primaryimage"},"image":{"@id":"https:\/\/wandererstransport.eu\/international-removals\/#primaryimage"},"thumbnailUrl":"https:\/\/wandererstransport.eu\/wp-content\/uploads\/2020\/04\/shutterstock_1077208466-scaled.jpg","datePublished":"2020-06-23T12:27:22+00:00","dateModified":"2024-04-08T13:08:30+00:00","description":"International removals with WanderersTransport.eu.\u00a0 Removals services between Dublin, Ireland and Spain & Portugal! Speak to us!\u00a0 Great quotes!","breadcrumb":{"@id":"https:\/\/wandererstransport.eu\/international-removals\/#breadcrumb"},"inLanguage":"es","potentialAction":[{"@type":"ReadAction","target":["https:\/\/wandererstransport.eu\/international-removals\/"]}]},{"@type":"ImageObject","inLanguage":"es","@id":"https:\/\/wandererstransport.eu\/international-removals\/#primaryimage","url":"https:\/\/wandererstransport.eu\/wp-content\/uploads\/2020\/04\/shutterstock_1077208466-scaled.jpg","contentUrl":"https:\/\/wandererstransport.eu\/wp-content\/uploads\/2020\/04\/shutterstock_1077208466-scaled.jpg","width":2560,"height":1054},{"@type":"BreadcrumbList","@id":"https:\/\/wandererstransport.eu\/international-removals\/#breadcrumb","itemListElement":[{"@type":"ListItem","position":1,"name":"Home","item":"https:\/\/wandererstransport.eu\/"},{"@type":"ListItem","position":2,"name":"International Removals"}]},{"@type":"WebSite","@id":"https:\/\/wandererstransport.eu\/#website","url":"https:\/\/wandererstransport.eu\/","name":"WanderersTransport.eu","description":"Mudanzas dom\u00e9sticas, transporte y almacenamiento entre el Reino Unido, Espa\u00f1a y Portugal.","publisher":{"@id":"https:\/\/wandererstransport.eu\/#organization"},"potentialAction":[{"@type":"SearchAction","target":{"@type":"EntryPoint","urlTemplate":"https:\/\/wandererstransport.eu\/?s={search_term_string}"},"query-input":{"@type":"PropertyValueSpecification","valueRequired":true,"valueName":"search_term_string"}}],"inLanguage":"es"},{"@type":"Organization","@id":"https:\/\/wandererstransport.eu\/#organization","name":"WanderersTransport.eu","url":"https:\/\/wandererstransport.eu\/","logo":{"@type":"ImageObject","inLanguage":"es","@id":"https:\/\/wandererstransport.eu\/#\/schema\/logo\/image\/","url":"https:\/\/wandererstransport.eu\/wp-content\/uploads\/2020\/08\/Wanderers-Transport-Storeage-Logo-02.png","contentUrl":"https:\/\/wandererstransport.eu\/wp-content\/uploads\/2020\/08\/Wanderers-Transport-Storeage-Logo-02.png","width":490,"height":162,"caption":"WanderersTransport.eu"},"image":{"@id":"https:\/\/wandererstransport.eu\/#\/schema\/logo\/image\/"}},false]}},"yasr_visitor_votes":{"stars_attributes":{"read_only":false,"span_bottom":false},"number_of_votes":6,"sum_votes":27},"_links":{"self":[{"href":"https:\/\/wandererstransport.eu\/es\/wp-json\/wp\/v2\/pages\/312","targetHints":{"allow":["GET"]}}],"collection":[{"href":"https:\/\/wandererstransport.eu\/es\/wp-json\/wp\/v2\/pages"}],"about":[{"href":"https:\/\/wandererstransport.eu\/es\/wp-json\/wp\/v2\/types\/page"}],"author":[{"embeddable":true,"href":"https:\/\/wandererstransport.eu\/es\/wp-json\/wp\/v2\/users\/1"}],"replies":[{"embeddable":true,"href":"https:\/\/wandererstransport.eu\/es\/wp-json\/wp\/v2\/comments?post=312"}],"version-history":[{"count":0,"href":"https:\/\/wandererstransport.eu\/es\/wp-json\/wp\/v2\/pages\/312\/revisions"}],"wp:featuredmedia":[{"embeddable":true,"href":"https:\/\/wandererstransport.eu\/es\/wp-json\/wp\/v2\/media\/20"}],"wp:attachment":[{"href":"https:\/\/wandererstransport.eu\/es\/wp-json\/wp\/v2\/media?parent=312"}],"curies":[{"name":"wp","href":"https:\/\/api.w.org\/{rel}","templated":true}]}}