{"id":308,"date":"2020-06-23T12:15:18","date_gmt":"2020-06-23T12:15:18","guid":{"rendered":"https:\/\/wandererstransport.eu\/?page_id=308"},"modified":"2024-04-08T16:15:21","modified_gmt":"2024-04-08T16:15:21","slug":"almeria-spain","status":"publish","type":"page","link":"https:\/\/wandererstransport.eu\/es\/mudanzas-internacionales\/almeria-espana\/","title":{"rendered":"Almer\u00eda Espa\u00f1a, Servicios de mudanzas y almacenamiento"},"content":{"rendered":"<p>[flash]<strong><span style=\"color: #ff0000;\">WanderersTransport.eu ya no opera un dep\u00f3sito en Almer\u00eda. Env\u00ede un correo electr\u00f3nico a <a style=\"color: #ff0000;\" href=\"mailto:info@wandererstransport.eu\">info@wandererstransport.eu<\/a> o llame al +351\u00a0930\u00a0658\u00a0660\u00a0en relaci\u00f3n con las mudanzas y el almacenamiento en Costa Almer\u00eda.<\/span> Mudanzas internacionales con WanderersTransport.eu. Estamos aqu\u00ed para ayudarlo si necesita servicios de mudanza entre Portugal, el sur de Espa\u00f1a e Irlanda. \u00a1Manejamos contenedores regulares ofreciendo un servicio de mudanza europeo confiable y profesional! \u00a1Habla con nosotros! \u00a1Grandes citas!<\/strong><\/p>\n<div id=\"attachment_493\" style=\"width: 1210px\" class=\"wp-caption alignnone\"><img loading=\"lazy\" decoding=\"async\" aria-describedby=\"caption-attachment-493\" class=\"wp-image-493 size-full\" src=\"https:\/\/wandererstransport.eu\/wp-content\/uploads\/2021\/04\/Almeria-Transport-Removals-and-Storage-Wanderers-Transport.jpg\" alt=\"Almer\u00eda Transport, Removals and Storage - Wanderers Transport\" width=\"1200\" height=\"630\" srcset=\"https:\/\/wandererstransport.eu\/wp-content\/uploads\/2021\/04\/Almeria-Transport-Removals-and-Storage-Wanderers-Transport.jpg 1200w, https:\/\/wandererstransport.eu\/wp-content\/uploads\/2021\/04\/Almeria-Transport-Removals-and-Storage-Wanderers-Transport-300x158.jpg 300w, https:\/\/wandererstransport.eu\/wp-content\/uploads\/2021\/04\/Almeria-Transport-Removals-and-Storage-Wanderers-Transport-1024x538.jpg 1024w, https:\/\/wandererstransport.eu\/wp-content\/uploads\/2021\/04\/Almeria-Transport-Removals-and-Storage-Wanderers-Transport-768x403.jpg 768w\" sizes=\"auto, (max-width: 1200px) 100vw, 1200px\" \/><p id=\"caption-attachment-493\" class=\"wp-caption-text\">Transporte, Mudanzas y Almacenaje Almer\u00eda &#8211; Transporte Wanderers<\/p><\/div>\n<h3>Mudanzas internacionales, Espa\u00f1a a Irlanda y Portugal<\/h3>\n<p>WanderersTransport.eu ofrece un servicio de mudanzas internacional confiable y eficiente entre Espa\u00f1a, Irlanda y Portugal (la regi\u00f3n del Algarve). Podemos ofrecer excelentes cotizaciones sobre mudanzas de casas en Europa, transportes de motocicletas, reubicaciones y m\u00e1s. Tenemos dep\u00f3sitos en Loule en el sur de Portugal y Dubl\u00edn, Irlanda.<\/p>\n<h3>\u00a1Habla con nosotros! \u00a1Damos Grandes Cotizaciones!<\/h3>\n\n<div class=\"wpcf7 no-js\" id=\"wpcf7-f117-o2\" lang=\"en-US\" dir=\"ltr\" data-wpcf7-id=\"117\">\n<div class=\"screen-reader-response\"><p role=\"status\" aria-live=\"polite\" aria-atomic=\"true\"><\/p> <ul><\/ul><\/div>\n<form action=\"\/es\/wp-json\/wp\/v2\/pages\/308#wpcf7-f117-o2\" method=\"post\" class=\"wpcf7-form init\" aria-label=\"Contact form\" novalidate=\"novalidate\" data-status=\"init\">\n<fieldset class=\"hidden-fields-container\"><input type=\"hidden\" name=\"_wpcf7\" value=\"117\" \/><input type=\"hidden\" name=\"_wpcf7_version\" value=\"6.1.5\" \/><input type=\"hidden\" name=\"_wpcf7_locale\" value=\"en_US\" \/><input type=\"hidden\" name=\"_wpcf7_unit_tag\" value=\"wpcf7-f117-o2\" \/><input type=\"hidden\" name=\"_wpcf7_container_post\" value=\"0\" \/><input type=\"hidden\" name=\"_wpcf7_posted_data_hash\" value=\"\" \/>\n<\/fieldset>\n<div class=\"contact01box\">\n\t<p><span class=\"wpcf7-form-control-wrap\" data-name=\"WTCname\"><input size=\"40\" maxlength=\"400\" class=\"wpcf7-form-control wpcf7-text wpcf7-validates-as-required wtc\" aria-required=\"true\" aria-invalid=\"false\" placeholder=\"su nombre\" value=\"\" type=\"text\" name=\"WTCname\" \/><\/span><br \/>\n<span class=\"wpcf7-form-control-wrap\" data-name=\"WTCemail\"><input size=\"40\" maxlength=\"400\" class=\"wpcf7-form-control wpcf7-email wpcf7-validates-as-required wpcf7-text wpcf7-validates-as-email wtc\" aria-required=\"true\" aria-invalid=\"false\" placeholder=\"correo electronico\" value=\"\" type=\"email\" name=\"WTCemail\" \/><\/span><br \/>\n<span class=\"wpcf7-form-control-wrap\" data-name=\"WTCphone\"><input size=\"40\" maxlength=\"400\" class=\"wpcf7-form-control wpcf7-tel wpcf7-text wpcf7-validates-as-tel wtc\" aria-invalid=\"false\" placeholder=\"n\u00famero de tel\u00e9fono\" value=\"\" type=\"tel\" name=\"WTCphone\" \/><\/span><br \/>\n\t<hr \/><br \/>\n<span class=\"wpcf7-form-control-wrap\" data-name=\"WTCfrom\"><input size=\"40\" maxlength=\"400\" class=\"wpcf7-form-control wpcf7-text wpcf7-validates-as-required wtc\" aria-required=\"true\" aria-invalid=\"false\" placeholder=\"Transporte DESDE\" value=\"\" type=\"text\" name=\"WTCfrom\" \/><\/span><br \/>\n<span class=\"wpcf7-form-control-wrap\" data-name=\"WTCto\"><input size=\"40\" maxlength=\"400\" class=\"wpcf7-form-control wpcf7-text wpcf7-validates-as-required wtc\" aria-required=\"true\" aria-invalid=\"false\" placeholder=\"Transportar A\" value=\"\" type=\"text\" name=\"WTCto\" \/><\/span><br \/>\n<span class=\"wpcf7-form-control-wrap\" data-name=\"WTCdate\"><input size=\"40\" maxlength=\"400\" class=\"wpcf7-form-control wpcf7-text wpcf7-validates-as-required wtc\" aria-required=\"true\" aria-invalid=\"false\" placeholder=\"Fecha aproximada\" value=\"\" type=\"text\" name=\"WTCdate\" \/><\/span><br \/>\n\t<hr \/><br \/>\n<span class=\"wpcf7-form-control-wrap\" data-name=\"wtcmessage\"><textarea cols=\"40\" rows=\"10\" maxlength=\"2000\" class=\"wpcf7-form-control wpcf7-textarea wtc\" aria-invalid=\"false\" placeholder=\"Give us a few details!  The more you tell us, the more we&#039;ll be able to help!\" name=\"wtcmessage\"><\/textarea><\/span><br \/>\n\t<hr \/>\n\t<\/p>\n\t<p>When you enquire, we'll send an email confirming it. If you don't see it, check your 'spam' folder. Sometimes it happens!\n\t<\/p>\n<hr \/>\n\t<p><span class=\"wpcf7-form-control-wrap\" data-name=\"capital-quiz\"><label><span class=\"wpcf7-quiz-label\">Para detener a los spammers ... \u00bfPodr\u00eda decirnos cu\u00e1l es el n\u00famero m\u00e1s grande ... 2 u 8?<\/span> <input size=\"40\" class=\"wpcf7-form-control wpcf7-quiz\" autocomplete=\"off\" aria-required=\"true\" aria-invalid=\"false\" type=\"text\" name=\"capital-quiz\" \/><\/label><input type=\"hidden\" name=\"_wpcf7_quiz_answer_capital-quiz\" value=\"d02d3f117a18702f1aa410c79e23062a\" \/><\/span><br \/>\n\t<div class=\"wpcf7-response-output\" aria-hidden=\"true\"><\/div><br \/>\n<input class=\"wpcf7-form-control wpcf7-submit has-spinner wtc\" type=\"submit\" value=\"\u00a1Ponerse en contacto!\" \/>\n\t<\/p>\n<\/div>\n<\/form>\n<\/div>\n\n<p>&nbsp;<\/p>\n<h3>Instalaciones de almacenamiento, Irlanda, Espa\u00f1a, Portugal<\/h3>\n<p>WanderersTransport.eu tiene puntos de dep\u00f3sito de almacenamiento y transporte en Loule en el Algarve y Dubl\u00edn, Irlanda.<\/p>\n<h3>&#8216;\u00bfMudarse de Espa\u00f1a o Portugal a Irlanda?<\/h3>\n<p>Perm\u00edtanos ayudarlo a prepararse para una mudanza fluida y exitosa. Ya sea que se mude desde o hacia Irlanda, estaremos con usted desde la salida hasta la llegada. Nuestra extensa red y recursos locales nos permiten brindar servicios de la m\u00e1s alta calidad de principio a fin.<\/p>\n<h3>Irlanda &#8211; Algarve, Portugal Mudanzas<\/h3>\n<p>Cada mes, enviamos un contenedor de env\u00edo de 45 pies desde Irlanda a nuestras bases en Loule en El Algarve. Tambi\u00e9n enviamos contenedores y cargas parciales a Irlanda desde nuestro dep\u00f3sito de Portugal. En Loule podemos ofrecer unidades de almacenamiento seguras construidas especialmente en nuestro almac\u00e9n.<\/p>\n<p>La seguridad de sus pertenencias es nuestra m\u00e1xima prioridad. No importa a d\u00f3nde vaya, mu\u00e9vase con tranquilidad con Wanderers Transport. Nos adaptamos a cualquier situaci\u00f3n y construimos las soluciones que buscas. Asesoramos y nos comprometemos a ofrecer a nuestros clientes tarifas competitivas manteniendo los mejores est\u00e1ndares de calidad y apegados a las pol\u00edticas de cumplimiento.<\/p>","protected":false},"excerpt":{"rendered":"<p>[flash]WanderersTransport.eu ya no opera un dep\u00f3sito en Almer\u00eda. Env\u00ede un correo electr\u00f3nico a info@wandererstransport.eu o llame al +351\u00a0930\u00a0658\u00a0660\u00a0en relaci\u00f3n con las mudanzas y el almacenamiento en Costa Almer\u00eda. Mudanzas internacionales con WanderersTransport.eu. Estamos aqu\u00ed para ayudarlo si necesita servicios de mudanza entre Portugal, el sur de Espa\u00f1a e Irlanda. \u00a1Manejamos contenedores regulares ofreciendo un servicio<\/p>\n<p><a href=\"https:\/\/wandererstransport.eu\/es\/mudanzas-internacionales\/almeria-espana\/\" class=\"more-link themebutton\">Leer m\u00e1s<\/a><\/p>\n","protected":false},"author":1,"featured_media":346,"parent":312,"menu_order":0,"comment_status":"closed","ping_status":"closed","template":"","meta":{"yasr_overall_rating":0,"yasr_post_is_review":"","yasr_auto_insert_disabled":"","yasr_review_type":"","footnotes":"","_links_to":"","_links_to_target":""},"class_list":["post-308","page","type-page","status-publish","has-post-thumbnail","hentry"],"yoast_head":"<!-- This site is optimized with the Yoast SEO plugin v27.5 - https:\/\/yoast.com\/product\/yoast-seo-wordpress\/ -->\n<title>Servicios profesionales de mudanzas y almacenamiento, Irlanda, Portugal, Espa\u00f1a.<\/title>\n<meta name=\"description\" content=\"{:en}Wanderers Transport offer a reliable and professional removals and storage service between Ireland, Portugal and southern Spain.{:es}Wanderers Transport ofrece un servicio de mudanzas y almacenamiento confiable y profesional entre Irlanda, Portugal y el sur de Espa\u00f1a.{:pt}A Wanderers Transport oferece um servi\u00e7o confi\u00e1vel e profissional de mudan\u00e7as e armazenamento entre a Irlanda, Portugal e o sul da Espanha.{:}\" \/>\n<meta name=\"robots\" content=\"index, follow, max-snippet:-1, max-image-preview:large, max-video-preview:-1\" \/>\n<link rel=\"canonical\" href=\"https:\/\/wandererstransport.eu\/international-removals\/almeria-spain\/\" \/>\n<meta property=\"og:locale\" content=\"es_ES\" \/>\n<meta property=\"og:type\" content=\"article\" \/>\n<meta property=\"og:title\" content=\"[:en]Professional Removals &amp; Storage Services, Ireland, Portugal, Spain.[:es]Servicios profesionales de mudanzas y almacenamiento, Irlanda, Portugal, Espa\u00f1a.[:pt]Servi\u00e7os de remo\u00e7\u00f5es e armazenamento profissionais, Irlanda, Portugal, Espanha.[:]\" \/>\n<meta property=\"og:description\" content=\"{:en}Wanderers Transport offer a reliable and professional removals and storage service between Ireland, Portugal and southern Spain.{:es}Wanderers Transport ofrece un servicio de mudanzas y almacenamiento confiable y profesional entre Irlanda, Portugal y el sur de Espa\u00f1a.{:pt}A Wanderers Transport oferece um servi\u00e7o confi\u00e1vel e profissional de mudan\u00e7as e armazenamento entre a Irlanda, Portugal e o sul da Espanha.{:}\" \/>\n<meta property=\"og:url\" content=\"https:\/\/wandererstransport.eu\/international-removals\/almeria-spain\/\" \/>\n<meta property=\"og:site_name\" content=\"WanderersTransport.eu\" \/>\n<meta property=\"article:modified_time\" content=\"2024-04-08T16:15:21+00:00\" \/>\n<meta property=\"og:image\" content=\"https:\/\/wandererstransport.eu\/wp-content\/uploads\/2020\/06\/Almeria-Depot-Removals-Storage-Wanderers-Transport-OG02.jpg\" \/>\n\t<meta property=\"og:image:width\" content=\"1200\" \/>\n\t<meta property=\"og:image:height\" content=\"630\" \/>\n\t<meta property=\"og:image:type\" content=\"image\/jpeg\" \/>\n<meta name=\"twitter:card\" content=\"summary_large_image\" \/>\n<meta name=\"twitter:label1\" content=\"Tiempo de lectura\" \/>\n\t<meta name=\"twitter:data1\" content=\"6 minutos\" \/>\n<script type=\"application\/ld+json\" class=\"yoast-schema-graph\">{\"@context\":\"https:\\\/\\\/schema.org\",\"@graph\":[{\"@type\":\"WebPage\",\"@id\":\"https:\\\/\\\/wandererstransport.eu\\\/international-removals\\\/almeria-spain\\\/\",\"url\":\"https:\\\/\\\/wandererstransport.eu\\\/international-removals\\\/almeria-spain\\\/\",\"name\":\"[:en]Professional Removals & Storage Services, Ireland, Portugal, Spain.[:es]Servicios profesionales de mudanzas y almacenamiento, Irlanda, Portugal, Espa\u00f1a.[:pt]Servi\u00e7os de remo\u00e7\u00f5es e armazenamento profissionais, Irlanda, Portugal, Espanha.[:]\",\"isPartOf\":{\"@id\":\"https:\\\/\\\/wandererstransport.eu\\\/#website\"},\"primaryImageOfPage\":{\"@id\":\"https:\\\/\\\/wandererstransport.eu\\\/international-removals\\\/almeria-spain\\\/#primaryimage\"},\"image\":{\"@id\":\"https:\\\/\\\/wandererstransport.eu\\\/international-removals\\\/almeria-spain\\\/#primaryimage\"},\"thumbnailUrl\":\"https:\\\/\\\/wandererstransport.eu\\\/wp-content\\\/uploads\\\/2020\\\/06\\\/Almeria-Depot-Removals-Storage-Wanderers-Transport-OG02.jpg\",\"datePublished\":\"2020-06-23T12:15:18+00:00\",\"dateModified\":\"2024-04-08T16:15:21+00:00\",\"description\":\"{:en}Wanderers Transport offer a reliable and professional removals and storage service between Ireland, Portugal and southern Spain.{:es}Wanderers Transport ofrece un servicio de mudanzas y almacenamiento confiable y profesional entre Irlanda, Portugal y el sur de Espa\u00f1a.{:pt}A Wanderers Transport oferece um servi\u00e7o confi\u00e1vel e profissional de mudan\u00e7as e armazenamento entre a Irlanda, Portugal e o sul da Espanha.{:}\",\"breadcrumb\":{\"@id\":\"https:\\\/\\\/wandererstransport.eu\\\/international-removals\\\/almeria-spain\\\/#breadcrumb\"},\"inLanguage\":\"es\",\"potentialAction\":[{\"@type\":\"ReadAction\",\"target\":[\"https:\\\/\\\/wandererstransport.eu\\\/international-removals\\\/almeria-spain\\\/\"]}]},{\"@type\":\"ImageObject\",\"inLanguage\":\"es\",\"@id\":\"https:\\\/\\\/wandererstransport.eu\\\/international-removals\\\/almeria-spain\\\/#primaryimage\",\"url\":\"https:\\\/\\\/wandererstransport.eu\\\/wp-content\\\/uploads\\\/2020\\\/06\\\/Almeria-Depot-Removals-Storage-Wanderers-Transport-OG02.jpg\",\"contentUrl\":\"https:\\\/\\\/wandererstransport.eu\\\/wp-content\\\/uploads\\\/2020\\\/06\\\/Almeria-Depot-Removals-Storage-Wanderers-Transport-OG02.jpg\",\"width\":1200,\"height\":630,\"caption\":\"Almeria Depot Removals Storage Wanderers Transport OG02\"},{\"@type\":\"BreadcrumbList\",\"@id\":\"https:\\\/\\\/wandererstransport.eu\\\/international-removals\\\/almeria-spain\\\/#breadcrumb\",\"itemListElement\":[{\"@type\":\"ListItem\",\"position\":1,\"name\":\"Home\",\"item\":\"https:\\\/\\\/wandererstransport.eu\\\/\"},{\"@type\":\"ListItem\",\"position\":2,\"name\":\"International Removals\",\"item\":\"https:\\\/\\\/wandererstransport.eu\\\/international-removals\\\/\"},{\"@type\":\"ListItem\",\"position\":3,\"name\":\"Almer\u00eda, Spain &#8211; Removals &#038; Storage Services\"}]},{\"@type\":\"WebSite\",\"@id\":\"https:\\\/\\\/wandererstransport.eu\\\/#website\",\"url\":\"https:\\\/\\\/wandererstransport.eu\\\/\",\"name\":\"WanderersTransport.eu\",\"description\":\"Mudanzas dom\u00e9sticas, transporte y almacenamiento entre el Reino Unido, Espa\u00f1a y Portugal.\",\"publisher\":{\"@id\":\"https:\\\/\\\/wandererstransport.eu\\\/#organization\"},\"potentialAction\":[{\"@type\":\"SearchAction\",\"target\":{\"@type\":\"EntryPoint\",\"urlTemplate\":\"https:\\\/\\\/wandererstransport.eu\\\/?s={search_term_string}\"},\"query-input\":{\"@type\":\"PropertyValueSpecification\",\"valueRequired\":true,\"valueName\":\"search_term_string\"}}],\"inLanguage\":\"es\"},{\"@type\":\"Organization\",\"@id\":\"https:\\\/\\\/wandererstransport.eu\\\/#organization\",\"name\":\"WanderersTransport.eu\",\"url\":\"https:\\\/\\\/wandererstransport.eu\\\/\",\"logo\":{\"@type\":\"ImageObject\",\"inLanguage\":\"es\",\"@id\":\"https:\\\/\\\/wandererstransport.eu\\\/#\\\/schema\\\/logo\\\/image\\\/\",\"url\":\"https:\\\/\\\/wandererstransport.eu\\\/wp-content\\\/uploads\\\/2020\\\/08\\\/Wanderers-Transport-Storeage-Logo-02.png\",\"contentUrl\":\"https:\\\/\\\/wandererstransport.eu\\\/wp-content\\\/uploads\\\/2020\\\/08\\\/Wanderers-Transport-Storeage-Logo-02.png\",\"width\":490,\"height\":162,\"caption\":\"WanderersTransport.eu\"},\"image\":{\"@id\":\"https:\\\/\\\/wandererstransport.eu\\\/#\\\/schema\\\/logo\\\/image\\\/\"}},false]}<\/script>\n<!-- \/ Yoast SEO plugin. -->","yoast_head_json":{"title":"[:en]Professional Removals & Storage Services, Ireland, Portugal, Spain.[:es]Servicios profesionales de mudanzas y almacenamiento, Irlanda, Portugal, Espa\u00f1a.[:pt]Servi\u00e7os de remo\u00e7\u00f5es e armazenamento profissionais, Irlanda, Portugal, Espanha.[:]","description":"{:en}Wanderers Transport offer a reliable and professional removals and storage service between Ireland, Portugal and southern Spain.{:es}Wanderers Transport ofrece un servicio de mudanzas y almacenamiento confiable y profesional entre Irlanda, Portugal y el sur de Espa\u00f1a.{:pt}A Wanderers Transport oferece um servi\u00e7o confi\u00e1vel e profissional de mudan\u00e7as e armazenamento entre a Irlanda, Portugal e o sul da Espanha.{:}","robots":{"index":"index","follow":"follow","max-snippet":"max-snippet:-1","max-image-preview":"max-image-preview:large","max-video-preview":"max-video-preview:-1"},"canonical":"https:\/\/wandererstransport.eu\/international-removals\/almeria-spain\/","og_locale":"es_ES","og_type":"article","og_title":"[:en]Professional Removals & Storage Services, Ireland, Portugal, Spain.[:es]Servicios profesionales de mudanzas y almacenamiento, Irlanda, Portugal, Espa\u00f1a.[:pt]Servi\u00e7os de remo\u00e7\u00f5es e armazenamento profissionais, Irlanda, Portugal, Espanha.[:]","og_description":"{:en}Wanderers Transport offer a reliable and professional removals and storage service between Ireland, Portugal and southern Spain.{:es}Wanderers Transport ofrece un servicio de mudanzas y almacenamiento confiable y profesional entre Irlanda, Portugal y el sur de Espa\u00f1a.{:pt}A Wanderers Transport oferece um servi\u00e7o confi\u00e1vel e profissional de mudan\u00e7as e armazenamento entre a Irlanda, Portugal e o sul da Espanha.{:}","og_url":"https:\/\/wandererstransport.eu\/international-removals\/almeria-spain\/","og_site_name":"WanderersTransport.eu","article_modified_time":"2024-04-08T16:15:21+00:00","og_image":[{"width":1200,"height":630,"url":"https:\/\/wandererstransport.eu\/wp-content\/uploads\/2020\/06\/Almeria-Depot-Removals-Storage-Wanderers-Transport-OG02.jpg","type":"image\/jpeg"}],"twitter_card":"summary_large_image","twitter_misc":{"Tiempo de lectura":"6 minutos"},"schema":{"@context":"https:\/\/schema.org","@graph":[{"@type":"WebPage","@id":"https:\/\/wandererstransport.eu\/international-removals\/almeria-spain\/","url":"https:\/\/wandererstransport.eu\/international-removals\/almeria-spain\/","name":"[:en]Professional Removals & Storage Services, Ireland, Portugal, Spain.[:es]Servicios profesionales de mudanzas y almacenamiento, Irlanda, Portugal, Espa\u00f1a.[:pt]Servi\u00e7os de remo\u00e7\u00f5es e armazenamento profissionais, Irlanda, Portugal, Espanha.[:]","isPartOf":{"@id":"https:\/\/wandererstransport.eu\/#website"},"primaryImageOfPage":{"@id":"https:\/\/wandererstransport.eu\/international-removals\/almeria-spain\/#primaryimage"},"image":{"@id":"https:\/\/wandererstransport.eu\/international-removals\/almeria-spain\/#primaryimage"},"thumbnailUrl":"https:\/\/wandererstransport.eu\/wp-content\/uploads\/2020\/06\/Almeria-Depot-Removals-Storage-Wanderers-Transport-OG02.jpg","datePublished":"2020-06-23T12:15:18+00:00","dateModified":"2024-04-08T16:15:21+00:00","description":"{:en}Wanderers Transport offer a reliable and professional removals and storage service between Ireland, Portugal and southern Spain.{:es}Wanderers Transport ofrece un servicio de mudanzas y almacenamiento confiable y profesional entre Irlanda, Portugal y el sur de Espa\u00f1a.{:pt}A Wanderers Transport oferece um servi\u00e7o confi\u00e1vel e profissional de mudan\u00e7as e armazenamento entre a Irlanda, Portugal e o sul da Espanha.{:}","breadcrumb":{"@id":"https:\/\/wandererstransport.eu\/international-removals\/almeria-spain\/#breadcrumb"},"inLanguage":"es","potentialAction":[{"@type":"ReadAction","target":["https:\/\/wandererstransport.eu\/international-removals\/almeria-spain\/"]}]},{"@type":"ImageObject","inLanguage":"es","@id":"https:\/\/wandererstransport.eu\/international-removals\/almeria-spain\/#primaryimage","url":"https:\/\/wandererstransport.eu\/wp-content\/uploads\/2020\/06\/Almeria-Depot-Removals-Storage-Wanderers-Transport-OG02.jpg","contentUrl":"https:\/\/wandererstransport.eu\/wp-content\/uploads\/2020\/06\/Almeria-Depot-Removals-Storage-Wanderers-Transport-OG02.jpg","width":1200,"height":630,"caption":"Almeria Depot Removals Storage Wanderers Transport OG02"},{"@type":"BreadcrumbList","@id":"https:\/\/wandererstransport.eu\/international-removals\/almeria-spain\/#breadcrumb","itemListElement":[{"@type":"ListItem","position":1,"name":"Home","item":"https:\/\/wandererstransport.eu\/"},{"@type":"ListItem","position":2,"name":"International Removals","item":"https:\/\/wandererstransport.eu\/international-removals\/"},{"@type":"ListItem","position":3,"name":"Almer\u00eda, Spain &#8211; Removals &#038; Storage Services"}]},{"@type":"WebSite","@id":"https:\/\/wandererstransport.eu\/#website","url":"https:\/\/wandererstransport.eu\/","name":"WanderersTransport.eu","description":"Mudanzas dom\u00e9sticas, transporte y almacenamiento entre el Reino Unido, Espa\u00f1a y Portugal.","publisher":{"@id":"https:\/\/wandererstransport.eu\/#organization"},"potentialAction":[{"@type":"SearchAction","target":{"@type":"EntryPoint","urlTemplate":"https:\/\/wandererstransport.eu\/?s={search_term_string}"},"query-input":{"@type":"PropertyValueSpecification","valueRequired":true,"valueName":"search_term_string"}}],"inLanguage":"es"},{"@type":"Organization","@id":"https:\/\/wandererstransport.eu\/#organization","name":"WanderersTransport.eu","url":"https:\/\/wandererstransport.eu\/","logo":{"@type":"ImageObject","inLanguage":"es","@id":"https:\/\/wandererstransport.eu\/#\/schema\/logo\/image\/","url":"https:\/\/wandererstransport.eu\/wp-content\/uploads\/2020\/08\/Wanderers-Transport-Storeage-Logo-02.png","contentUrl":"https:\/\/wandererstransport.eu\/wp-content\/uploads\/2020\/08\/Wanderers-Transport-Storeage-Logo-02.png","width":490,"height":162,"caption":"WanderersTransport.eu"},"image":{"@id":"https:\/\/wandererstransport.eu\/#\/schema\/logo\/image\/"}},false]}},"yasr_visitor_votes":{"stars_attributes":{"read_only":false,"span_bottom":false},"number_of_votes":1,"sum_votes":5},"_links":{"self":[{"href":"https:\/\/wandererstransport.eu\/es\/wp-json\/wp\/v2\/pages\/308","targetHints":{"allow":["GET"]}}],"collection":[{"href":"https:\/\/wandererstransport.eu\/es\/wp-json\/wp\/v2\/pages"}],"about":[{"href":"https:\/\/wandererstransport.eu\/es\/wp-json\/wp\/v2\/types\/page"}],"author":[{"embeddable":true,"href":"https:\/\/wandererstransport.eu\/es\/wp-json\/wp\/v2\/users\/1"}],"replies":[{"embeddable":true,"href":"https:\/\/wandererstransport.eu\/es\/wp-json\/wp\/v2\/comments?post=308"}],"version-history":[{"count":0,"href":"https:\/\/wandererstransport.eu\/es\/wp-json\/wp\/v2\/pages\/308\/revisions"}],"up":[{"embeddable":true,"href":"https:\/\/wandererstransport.eu\/es\/wp-json\/wp\/v2\/pages\/312"}],"wp:featuredmedia":[{"embeddable":true,"href":"https:\/\/wandererstransport.eu\/es\/wp-json\/wp\/v2\/media\/346"}],"wp:attachment":[{"href":"https:\/\/wandererstransport.eu\/es\/wp-json\/wp\/v2\/media?parent=308"}],"curies":[{"name":"wp","href":"https:\/\/api.w.org\/{rel}","templated":true}]}}