{"id":22,"date":"2020-04-11T11:35:00","date_gmt":"2020-04-11T11:35:00","guid":{"rendered":"https:\/\/wandererstransport.eu\/?page_id=22"},"modified":"2024-04-08T13:10:09","modified_gmt":"2024-04-08T13:10:09","slug":"storage","status":"publish","type":"page","link":"https:\/\/wandererstransport.eu\/es\/servicios-de-almacenamiento\/","title":{"rendered":"Almacenamiento"},"content":{"rendered":"<p>[flash]<strong>Servicios de almacenamiento en el Reino Unido, Espa\u00f1a y Portugal. Siempre seguras y protegidas, nuestras instalaciones de almacenamiento seguras y alarmadas son perfectas a corto plazo, a medida que se muda de casa, o soluciones de almacenamiento a largo plazo.<\/strong><\/p>\n<div id=\"attachment_145\" style=\"width: 1210px\" class=\"wp-caption alignnone\"><img loading=\"lazy\" decoding=\"async\" aria-describedby=\"caption-attachment-145\" class=\"wp-image-145 size-full\" src=\"https:\/\/wandererstransport.eu\/wp-content\/uploads\/2020\/04\/Storage-Services-Spain-UK-Spain-Portugal-Transports-Wanderers-Transport-OG02.jpg\" alt=\"Storage Services, UK, Spain, Portugal. WanderersTransport.eu\" width=\"1200\" height=\"630\" srcset=\"https:\/\/wandererstransport.eu\/wp-content\/uploads\/2020\/04\/Storage-Services-Spain-UK-Spain-Portugal-Transports-Wanderers-Transport-OG02.jpg 1200w, https:\/\/wandererstransport.eu\/wp-content\/uploads\/2020\/04\/Storage-Services-Spain-UK-Spain-Portugal-Transports-Wanderers-Transport-OG02-300x158.jpg 300w, https:\/\/wandererstransport.eu\/wp-content\/uploads\/2020\/04\/Storage-Services-Spain-UK-Spain-Portugal-Transports-Wanderers-Transport-OG02-1024x538.jpg 1024w, https:\/\/wandererstransport.eu\/wp-content\/uploads\/2020\/04\/Storage-Services-Spain-UK-Spain-Portugal-Transports-Wanderers-Transport-OG02-768x403.jpg 768w\" sizes=\"auto, (max-width: 1200px) 100vw, 1200px\" \/><p id=\"caption-attachment-145\" class=\"wp-caption-text\">Storage Services, UK, Spain, Portugal. WanderersTransport.eu<\/p><\/div>\n<h2>Instalaciones de almacenamiento seguro: Reino Unido, Espa\u00f1a y Portugal<\/h2>\n<p>WanderersTransport.eu tiene tres puntos principales de almacenamiento y dep\u00f3sito de transporte. Nuestra oficina central est\u00e1 en Antas, Almer\u00eda en Espa\u00f1a, con el dep\u00f3sito del Reino Unido en Salford y el dep\u00f3sito de Portugal en Loul\u00e9 en el Algarve.<\/p>\n<h3>Hable con nosotros \u00a1Damos grandes cotizaciones!<\/h3>\n\n<div class=\"wpcf7 no-js\" id=\"wpcf7-f117-o2\" lang=\"en-US\" dir=\"ltr\" data-wpcf7-id=\"117\">\n<div class=\"screen-reader-response\"><p role=\"status\" aria-live=\"polite\" aria-atomic=\"true\"><\/p> <ul><\/ul><\/div>\n<form action=\"\/es\/wp-json\/wp\/v2\/pages\/22#wpcf7-f117-o2\" method=\"post\" class=\"wpcf7-form init\" aria-label=\"Contact form\" novalidate=\"novalidate\" data-status=\"init\">\n<fieldset class=\"hidden-fields-container\"><input type=\"hidden\" name=\"_wpcf7\" value=\"117\" \/><input type=\"hidden\" name=\"_wpcf7_version\" value=\"6.1.5\" \/><input type=\"hidden\" name=\"_wpcf7_locale\" value=\"en_US\" \/><input type=\"hidden\" name=\"_wpcf7_unit_tag\" value=\"wpcf7-f117-o2\" \/><input type=\"hidden\" name=\"_wpcf7_container_post\" value=\"0\" \/><input type=\"hidden\" name=\"_wpcf7_posted_data_hash\" value=\"\" \/>\n<\/fieldset>\n<div class=\"contact01box\">\n\t<p><span class=\"wpcf7-form-control-wrap\" data-name=\"WTCname\"><input size=\"40\" maxlength=\"400\" class=\"wpcf7-form-control wpcf7-text wpcf7-validates-as-required wtc\" aria-required=\"true\" aria-invalid=\"false\" placeholder=\"su nombre\" value=\"\" type=\"text\" name=\"WTCname\" \/><\/span><br \/>\n<span class=\"wpcf7-form-control-wrap\" data-name=\"WTCemail\"><input size=\"40\" maxlength=\"400\" class=\"wpcf7-form-control wpcf7-email wpcf7-validates-as-required wpcf7-text wpcf7-validates-as-email wtc\" aria-required=\"true\" aria-invalid=\"false\" placeholder=\"correo electronico\" value=\"\" type=\"email\" name=\"WTCemail\" \/><\/span><br \/>\n<span class=\"wpcf7-form-control-wrap\" data-name=\"WTCphone\"><input size=\"40\" maxlength=\"400\" class=\"wpcf7-form-control wpcf7-tel wpcf7-text wpcf7-validates-as-tel wtc\" aria-invalid=\"false\" placeholder=\"n\u00famero de tel\u00e9fono\" value=\"\" type=\"tel\" name=\"WTCphone\" \/><\/span><br \/>\n\t<hr \/><br \/>\n<span class=\"wpcf7-form-control-wrap\" data-name=\"WTCfrom\"><input size=\"40\" maxlength=\"400\" class=\"wpcf7-form-control wpcf7-text wpcf7-validates-as-required wtc\" aria-required=\"true\" aria-invalid=\"false\" placeholder=\"Transporte DESDE\" value=\"\" type=\"text\" name=\"WTCfrom\" \/><\/span><br \/>\n<span class=\"wpcf7-form-control-wrap\" data-name=\"WTCto\"><input size=\"40\" maxlength=\"400\" class=\"wpcf7-form-control wpcf7-text wpcf7-validates-as-required wtc\" aria-required=\"true\" aria-invalid=\"false\" placeholder=\"Transportar A\" value=\"\" type=\"text\" name=\"WTCto\" \/><\/span><br \/>\n<span class=\"wpcf7-form-control-wrap\" data-name=\"WTCdate\"><input size=\"40\" maxlength=\"400\" class=\"wpcf7-form-control wpcf7-text wpcf7-validates-as-required wtc\" aria-required=\"true\" aria-invalid=\"false\" placeholder=\"Fecha aproximada\" value=\"\" type=\"text\" name=\"WTCdate\" \/><\/span><br \/>\n\t<hr \/><br \/>\n<span class=\"wpcf7-form-control-wrap\" data-name=\"wtcmessage\"><textarea cols=\"40\" rows=\"10\" maxlength=\"2000\" class=\"wpcf7-form-control wpcf7-textarea wtc\" aria-invalid=\"false\" placeholder=\"Give us a few details!  The more you tell us, the more we&#039;ll be able to help!\" name=\"wtcmessage\"><\/textarea><\/span><br \/>\n\t<hr \/>\n\t<\/p>\n\t<p>When you enquire, we'll send an email confirming it. If you don't see it, check your 'spam' folder. Sometimes it happens!\n\t<\/p>\n<hr \/>\n\t<p><span class=\"wpcf7-form-control-wrap\" data-name=\"capital-quiz\"><label><span class=\"wpcf7-quiz-label\">Para detener a los spammers ... \u00bfPodr\u00eda decirnos cu\u00e1l es el n\u00famero m\u00e1s grande ... 2 u 8?<\/span> <input size=\"40\" class=\"wpcf7-form-control wpcf7-quiz\" autocomplete=\"off\" aria-required=\"true\" aria-invalid=\"false\" type=\"text\" name=\"capital-quiz\" \/><\/label><input type=\"hidden\" name=\"_wpcf7_quiz_answer_capital-quiz\" value=\"d02d3f117a18702f1aa410c79e23062a\" \/><\/span><br \/>\n\t<div class=\"wpcf7-response-output\" aria-hidden=\"true\"><\/div><br \/>\n<input class=\"wpcf7-form-control wpcf7-submit has-spinner wtc\" type=\"submit\" value=\"\u00a1Ponerse en contacto!\" \/>\n\t<\/p>\n<\/div>\n<\/form>\n<\/div>\n\n<h3>Servicios de almacenamiento a corto y largo plazo<\/h3>\n<p>Como empresa de mudanzas de muchos a\u00f1os, estamos acostumbrados a clientes que desean almacenamiento a corto y largo plazo. \u00a1Sean cuales sean sus necesidades, tenemos el servicio de almacenamiento seguro para usted! Todas nuestras instalaciones de almacenamiento en el Reino Unido, Espa\u00f1a y Portugal est\u00e1n especialmente dise\u00f1adas y basadas en nuestra s\u00f3lida experiencia. Le invitamos a llamar en cualquier momento para ver por usted mismo c\u00f3mo se almacenan y cuidan sus pertenencias (siempre se prefieren las citas).<\/p>\n<h3>Soluciones de almacenamiento personal<\/h3>\n<p>Sus pertenencias siempre se inventarian cuidadosamente y se empaquetan en contenedores y luego se sellan, para que no se vuelvan a abrir hasta que requiera su devoluci\u00f3n. Durante la duraci\u00f3n de su estad\u00eda en nuestro almac\u00e9n de almacenamiento, los contenedores numerados se colocan en filas ordenadas para garantizar la m\u00e1xima seguridad con el m\u00ednimo de manipulaci\u00f3n.<\/p>\n<p>Todos nuestros almacenes de almacenamiento limpios y dise\u00f1ados especialmente tienen seguridad las 24 horas y cuentan con un estricto control de incendios en el lugar reforzado por una estricta pol\u00edtica de no fumar.<\/p>\n<p>Tambi\u00e9n ofrecemos almacenamiento a corto plazo, pero no permitimos el autoalmacenamiento ni la recuperaci\u00f3n. Esto garantiza que podamos mantener el control sobre los aspectos importantes de seguridad necesarios para proteger los objetos de valor y otras posesiones bajo nuestro cuidado.<\/p>\n<p>Para obtener m\u00e1s informaci\u00f3n sobre el almacenamiento, p\u00f3ngase en contacto. \u00a1Estamos aqu\u00ed para ayudar!<\/p>\n<h3>Mudanzas y servicios de transporte &#8211; Reino Unido, Espa\u00f1a, Portugal<\/h3>\n<p>\u00a1WanderersTransport.eu realmente es una empresa local! Hemos pasado muchos a\u00f1os en la Costa del Sol en Espa\u00f1a, en el Algarve en Protugal y (predominantemente) en el noroeste de Inglaterra, en el \u00e1rea de Manchester, transportando los bienes de los clientes en toda Europa.<\/p>\n<p>Ya sea que se mueva cerca o lejos, WanderersTransport.eu es su primera opci\u00f3n para mudanzas locales en la Costa del Sol o transportes europeos entre el Reino Unido, Espa\u00f1a y Portugal. Desde extracciones m\u00e1s peque\u00f1as y cargas parciales hasta camiones dedicados de contenedores completos, ofrecemos un servicio de transporte econ\u00f3mico con seguimiento completo para env\u00edos m\u00e1s peque\u00f1os y un servicio de mensajer\u00eda confiable para art\u00edculos individuales.<\/p>\n<p>&nbsp;<\/p>\n<h3>WanderersTransport.eu<\/h3>\n<ul>\n<li><a href=\"https:\/\/wandererstransport.eu\/es\/container-transport\/\">Servicios de Transporte de Contenedores<\/a><\/li>\n<li><a href=\"https:\/\/wandererstransport.eu\/es\/uk-spain-portugal-transport-removals\/\">Mudanzas y Almacenamiento \u2013 Reino Unido, Espa\u00f1a, Portugal<\/a><\/li>\n<li><a href=\"https:\/\/wandererstransport.eu\/es\/almacenamiento\/\">Almacenamiento<\/a><\/li>\n<li><a href=\"https:\/\/wandererstransport.eu\/es\/cotizacion\/\">Cotizaci\u00f3n<\/a><\/li>\n<\/ul>\n<p><\/p>","protected":false},"excerpt":{"rendered":"<p>[flash]Servicios de almacenamiento en el Reino Unido, Espa\u00f1a y Portugal. Siempre seguras y protegidas, nuestras instalaciones de almacenamiento seguras y alarmadas son perfectas a corto plazo, a medida que se muda de casa, o soluciones de almacenamiento a largo plazo. Instalaciones de almacenamiento seguro: Reino Unido, Espa\u00f1a y Portugal WanderersTransport.eu tiene tres puntos principales de<\/p>\n<p><a href=\"https:\/\/wandererstransport.eu\/es\/servicios-de-almacenamiento\/\" class=\"more-link themebutton\">Leer m\u00e1s<\/a><\/p>\n","protected":false},"author":1,"featured_media":93,"parent":0,"menu_order":0,"comment_status":"closed","ping_status":"closed","template":"","meta":{"yasr_overall_rating":0,"yasr_post_is_review":"","yasr_auto_insert_disabled":"","yasr_review_type":"","footnotes":"","_links_to":"","_links_to_target":""},"class_list":["post-22","page","type-page","status-publish","has-post-thumbnail","hentry"],"yoast_head":"<!-- This site is optimized with the Yoast SEO plugin v27.5 - https:\/\/yoast.com\/product\/yoast-seo-wordpress\/ -->\n<title>Servicios de almacenamiento, Reino Unido, Espa\u00f1a, Portugal. WanderersTransport.eu<\/title>\n<meta name=\"description\" content=\"[:en]Storage Services - UK, Spain &amp; Portugal. WanderersTransport.eu have three storage and transport depot pointsin Almeria, Salford and Loule in the Algarve.[:es]Servicios de almacenamiento - Reino Unido, Espa\u00f1a y Portugal. WanderersTransport.eu tiene tres puntos de dep\u00f3sito de almacenamiento y transporte en Almer\u00eda, Salford y Loul\u00e9 en el Algarve.[:pt]Servi\u00e7os de armazenamento - Reino Unido, Espanha e Portugal. A WanderersTransport.eu tem tr\u00eas pontos de armazenamento e transporte em Almeria, Salford e Loule no Algarve.[:]\" \/>\n<meta name=\"robots\" content=\"index, follow, max-snippet:-1, max-image-preview:large, max-video-preview:-1\" \/>\n<link rel=\"canonical\" href=\"https:\/\/wandererstransport.eu\/storage-services-safe-secure\/\" \/>\n<meta property=\"og:locale\" content=\"es_ES\" \/>\n<meta property=\"og:type\" content=\"article\" \/>\n<meta property=\"og:title\" content=\"[:en]Storage Services, UK, Spain, Portugal. WanderersTransport.eu[:es]Servicios de almacenamiento, Reino Unido, Espa\u00f1a, Portugal. WanderersTransport.eu[:pt]Servi\u00e7os de armazenamento, Reino Unido, Espanha, Portugal. WanderersTransport.eu[:]\" \/>\n<meta property=\"og:description\" content=\"[:en]Storage Services - UK, Spain &amp; Portugal. WanderersTransport.eu have three storage and transport depot pointsin Almeria, Salford and Loule in the Algarve.[:es]Servicios de almacenamiento - Reino Unido, Espa\u00f1a y Portugal. WanderersTransport.eu tiene tres puntos de dep\u00f3sito de almacenamiento y transporte en Almer\u00eda, Salford y Loul\u00e9 en el Algarve.[:pt]Servi\u00e7os de armazenamento - Reino Unido, Espanha e Portugal. A WanderersTransport.eu tem tr\u00eas pontos de armazenamento e transporte em Almeria, Salford e Loule no Algarve.[:]\" \/>\n<meta property=\"og:url\" content=\"https:\/\/wandererstransport.eu\/storage-services-safe-secure\/\" \/>\n<meta property=\"og:site_name\" content=\"WanderersTransport.eu\" \/>\n<meta property=\"article:modified_time\" content=\"2024-04-08T13:10:09+00:00\" \/>\n<meta property=\"og:image\" content=\"https:\/\/wandererstransport.eu\/wp-content\/uploads\/2020\/04\/Storage-Services-Spain-UK-Spain-Portugal-Transports-Wanderers-Transport-OG01.jpg\" \/>\n\t<meta property=\"og:image:width\" content=\"1200\" \/>\n\t<meta property=\"og:image:height\" content=\"630\" \/>\n\t<meta property=\"og:image:type\" content=\"image\/jpeg\" \/>\n<meta name=\"twitter:card\" content=\"summary_large_image\" \/>\n<meta name=\"twitter:label1\" content=\"Tiempo de lectura\" \/>\n\t<meta name=\"twitter:data1\" content=\"6 minutos\" \/>\n<script type=\"application\/ld+json\" class=\"yoast-schema-graph\">{\"@context\":\"https:\\\/\\\/schema.org\",\"@graph\":[{\"@type\":\"WebPage\",\"@id\":\"https:\\\/\\\/wandererstransport.eu\\\/storage-services-safe-secure\\\/\",\"url\":\"https:\\\/\\\/wandererstransport.eu\\\/storage-services-safe-secure\\\/\",\"name\":\"[:en]Storage Services, UK, Spain, Portugal. WanderersTransport.eu[:es]Servicios de almacenamiento, Reino Unido, Espa\u00f1a, Portugal. WanderersTransport.eu[:pt]Servi\u00e7os de armazenamento, Reino Unido, Espanha, Portugal. WanderersTransport.eu[:]\",\"isPartOf\":{\"@id\":\"https:\\\/\\\/wandererstransport.eu\\\/#website\"},\"primaryImageOfPage\":{\"@id\":\"https:\\\/\\\/wandererstransport.eu\\\/storage-services-safe-secure\\\/#primaryimage\"},\"image\":{\"@id\":\"https:\\\/\\\/wandererstransport.eu\\\/storage-services-safe-secure\\\/#primaryimage\"},\"thumbnailUrl\":\"https:\\\/\\\/wandererstransport.eu\\\/wp-content\\\/uploads\\\/2020\\\/04\\\/Storage-Services-Spain-UK-Spain-Portugal-Transports-Wanderers-Transport-OG01.jpg\",\"datePublished\":\"2020-04-11T11:35:00+00:00\",\"dateModified\":\"2024-04-08T13:10:09+00:00\",\"description\":\"[:en]Storage Services - UK, Spain & Portugal. WanderersTransport.eu have three storage and transport depot pointsin Almeria, Salford and Loule in the Algarve.[:es]Servicios de almacenamiento - Reino Unido, Espa\u00f1a y Portugal. WanderersTransport.eu tiene tres puntos de dep\u00f3sito de almacenamiento y transporte en Almer\u00eda, Salford y Loul\u00e9 en el Algarve.[:pt]Servi\u00e7os de armazenamento - Reino Unido, Espanha e Portugal. A WanderersTransport.eu tem tr\u00eas pontos de armazenamento e transporte em Almeria, Salford e Loule no Algarve.[:]\",\"breadcrumb\":{\"@id\":\"https:\\\/\\\/wandererstransport.eu\\\/storage-services-safe-secure\\\/#breadcrumb\"},\"inLanguage\":\"es\",\"potentialAction\":[{\"@type\":\"ReadAction\",\"target\":[\"https:\\\/\\\/wandererstransport.eu\\\/storage-services-safe-secure\\\/\"]}]},{\"@type\":\"ImageObject\",\"inLanguage\":\"es\",\"@id\":\"https:\\\/\\\/wandererstransport.eu\\\/storage-services-safe-secure\\\/#primaryimage\",\"url\":\"https:\\\/\\\/wandererstransport.eu\\\/wp-content\\\/uploads\\\/2020\\\/04\\\/Storage-Services-Spain-UK-Spain-Portugal-Transports-Wanderers-Transport-OG01.jpg\",\"contentUrl\":\"https:\\\/\\\/wandererstransport.eu\\\/wp-content\\\/uploads\\\/2020\\\/04\\\/Storage-Services-Spain-UK-Spain-Portugal-Transports-Wanderers-Transport-OG01.jpg\",\"width\":1200,\"height\":630,\"caption\":\"Storage Services Spain - UK Spain Portugal Transports - Wanderers Transport OG01\"},{\"@type\":\"BreadcrumbList\",\"@id\":\"https:\\\/\\\/wandererstransport.eu\\\/storage-services-safe-secure\\\/#breadcrumb\",\"itemListElement\":[{\"@type\":\"ListItem\",\"position\":1,\"name\":\"Home\",\"item\":\"https:\\\/\\\/wandererstransport.eu\\\/\"},{\"@type\":\"ListItem\",\"position\":2,\"name\":\"Storage Services. Safe, Secure.\"}]},{\"@type\":\"WebSite\",\"@id\":\"https:\\\/\\\/wandererstransport.eu\\\/#website\",\"url\":\"https:\\\/\\\/wandererstransport.eu\\\/\",\"name\":\"WanderersTransport.eu\",\"description\":\"Mudanzas dom\u00e9sticas, transporte y almacenamiento entre el Reino Unido, Espa\u00f1a y Portugal.\",\"publisher\":{\"@id\":\"https:\\\/\\\/wandererstransport.eu\\\/#organization\"},\"potentialAction\":[{\"@type\":\"SearchAction\",\"target\":{\"@type\":\"EntryPoint\",\"urlTemplate\":\"https:\\\/\\\/wandererstransport.eu\\\/?s={search_term_string}\"},\"query-input\":{\"@type\":\"PropertyValueSpecification\",\"valueRequired\":true,\"valueName\":\"search_term_string\"}}],\"inLanguage\":\"es\"},{\"@type\":\"Organization\",\"@id\":\"https:\\\/\\\/wandererstransport.eu\\\/#organization\",\"name\":\"WanderersTransport.eu\",\"url\":\"https:\\\/\\\/wandererstransport.eu\\\/\",\"logo\":{\"@type\":\"ImageObject\",\"inLanguage\":\"es\",\"@id\":\"https:\\\/\\\/wandererstransport.eu\\\/#\\\/schema\\\/logo\\\/image\\\/\",\"url\":\"https:\\\/\\\/wandererstransport.eu\\\/wp-content\\\/uploads\\\/2020\\\/08\\\/Wanderers-Transport-Storeage-Logo-02.png\",\"contentUrl\":\"https:\\\/\\\/wandererstransport.eu\\\/wp-content\\\/uploads\\\/2020\\\/08\\\/Wanderers-Transport-Storeage-Logo-02.png\",\"width\":490,\"height\":162,\"caption\":\"WanderersTransport.eu\"},\"image\":{\"@id\":\"https:\\\/\\\/wandererstransport.eu\\\/#\\\/schema\\\/logo\\\/image\\\/\"}},false]}<\/script>\n<!-- \/ Yoast SEO plugin. -->","yoast_head_json":{"title":"[:en]Storage Services, UK, Spain, Portugal. WanderersTransport.eu[:es]Servicios de almacenamiento, Reino Unido, Espa\u00f1a, Portugal. WanderersTransport.eu[:pt]Servi\u00e7os de armazenamento, Reino Unido, Espanha, Portugal. WanderersTransport.eu[:]","description":"[:en]Storage Services - UK, Spain & Portugal. WanderersTransport.eu have three storage and transport depot pointsin Almeria, Salford and Loule in the Algarve.[:es]Servicios de almacenamiento - Reino Unido, Espa\u00f1a y Portugal. WanderersTransport.eu tiene tres puntos de dep\u00f3sito de almacenamiento y transporte en Almer\u00eda, Salford y Loul\u00e9 en el Algarve.[:pt]Servi\u00e7os de armazenamento - Reino Unido, Espanha e Portugal. A WanderersTransport.eu tem tr\u00eas pontos de armazenamento e transporte em Almeria, Salford e Loule no Algarve.[:]","robots":{"index":"index","follow":"follow","max-snippet":"max-snippet:-1","max-image-preview":"max-image-preview:large","max-video-preview":"max-video-preview:-1"},"canonical":"https:\/\/wandererstransport.eu\/storage-services-safe-secure\/","og_locale":"es_ES","og_type":"article","og_title":"[:en]Storage Services, UK, Spain, Portugal. WanderersTransport.eu[:es]Servicios de almacenamiento, Reino Unido, Espa\u00f1a, Portugal. WanderersTransport.eu[:pt]Servi\u00e7os de armazenamento, Reino Unido, Espanha, Portugal. WanderersTransport.eu[:]","og_description":"[:en]Storage Services - UK, Spain & Portugal. WanderersTransport.eu have three storage and transport depot pointsin Almeria, Salford and Loule in the Algarve.[:es]Servicios de almacenamiento - Reino Unido, Espa\u00f1a y Portugal. WanderersTransport.eu tiene tres puntos de dep\u00f3sito de almacenamiento y transporte en Almer\u00eda, Salford y Loul\u00e9 en el Algarve.[:pt]Servi\u00e7os de armazenamento - Reino Unido, Espanha e Portugal. A WanderersTransport.eu tem tr\u00eas pontos de armazenamento e transporte em Almeria, Salford e Loule no Algarve.[:]","og_url":"https:\/\/wandererstransport.eu\/storage-services-safe-secure\/","og_site_name":"WanderersTransport.eu","article_modified_time":"2024-04-08T13:10:09+00:00","og_image":[{"width":1200,"height":630,"url":"https:\/\/wandererstransport.eu\/wp-content\/uploads\/2020\/04\/Storage-Services-Spain-UK-Spain-Portugal-Transports-Wanderers-Transport-OG01.jpg","type":"image\/jpeg"}],"twitter_card":"summary_large_image","twitter_misc":{"Tiempo de lectura":"6 minutos"},"schema":{"@context":"https:\/\/schema.org","@graph":[{"@type":"WebPage","@id":"https:\/\/wandererstransport.eu\/storage-services-safe-secure\/","url":"https:\/\/wandererstransport.eu\/storage-services-safe-secure\/","name":"[:en]Storage Services, UK, Spain, Portugal. WanderersTransport.eu[:es]Servicios de almacenamiento, Reino Unido, Espa\u00f1a, Portugal. WanderersTransport.eu[:pt]Servi\u00e7os de armazenamento, Reino Unido, Espanha, Portugal. WanderersTransport.eu[:]","isPartOf":{"@id":"https:\/\/wandererstransport.eu\/#website"},"primaryImageOfPage":{"@id":"https:\/\/wandererstransport.eu\/storage-services-safe-secure\/#primaryimage"},"image":{"@id":"https:\/\/wandererstransport.eu\/storage-services-safe-secure\/#primaryimage"},"thumbnailUrl":"https:\/\/wandererstransport.eu\/wp-content\/uploads\/2020\/04\/Storage-Services-Spain-UK-Spain-Portugal-Transports-Wanderers-Transport-OG01.jpg","datePublished":"2020-04-11T11:35:00+00:00","dateModified":"2024-04-08T13:10:09+00:00","description":"[:en]Storage Services - UK, Spain & Portugal. WanderersTransport.eu have three storage and transport depot pointsin Almeria, Salford and Loule in the Algarve.[:es]Servicios de almacenamiento - Reino Unido, Espa\u00f1a y Portugal. WanderersTransport.eu tiene tres puntos de dep\u00f3sito de almacenamiento y transporte en Almer\u00eda, Salford y Loul\u00e9 en el Algarve.[:pt]Servi\u00e7os de armazenamento - Reino Unido, Espanha e Portugal. A WanderersTransport.eu tem tr\u00eas pontos de armazenamento e transporte em Almeria, Salford e Loule no Algarve.[:]","breadcrumb":{"@id":"https:\/\/wandererstransport.eu\/storage-services-safe-secure\/#breadcrumb"},"inLanguage":"es","potentialAction":[{"@type":"ReadAction","target":["https:\/\/wandererstransport.eu\/storage-services-safe-secure\/"]}]},{"@type":"ImageObject","inLanguage":"es","@id":"https:\/\/wandererstransport.eu\/storage-services-safe-secure\/#primaryimage","url":"https:\/\/wandererstransport.eu\/wp-content\/uploads\/2020\/04\/Storage-Services-Spain-UK-Spain-Portugal-Transports-Wanderers-Transport-OG01.jpg","contentUrl":"https:\/\/wandererstransport.eu\/wp-content\/uploads\/2020\/04\/Storage-Services-Spain-UK-Spain-Portugal-Transports-Wanderers-Transport-OG01.jpg","width":1200,"height":630,"caption":"Storage Services Spain - UK Spain Portugal Transports - Wanderers Transport OG01"},{"@type":"BreadcrumbList","@id":"https:\/\/wandererstransport.eu\/storage-services-safe-secure\/#breadcrumb","itemListElement":[{"@type":"ListItem","position":1,"name":"Home","item":"https:\/\/wandererstransport.eu\/"},{"@type":"ListItem","position":2,"name":"Storage Services. Safe, Secure."}]},{"@type":"WebSite","@id":"https:\/\/wandererstransport.eu\/#website","url":"https:\/\/wandererstransport.eu\/","name":"WanderersTransport.eu","description":"Mudanzas dom\u00e9sticas, transporte y almacenamiento entre el Reino Unido, Espa\u00f1a y Portugal.","publisher":{"@id":"https:\/\/wandererstransport.eu\/#organization"},"potentialAction":[{"@type":"SearchAction","target":{"@type":"EntryPoint","urlTemplate":"https:\/\/wandererstransport.eu\/?s={search_term_string}"},"query-input":{"@type":"PropertyValueSpecification","valueRequired":true,"valueName":"search_term_string"}}],"inLanguage":"es"},{"@type":"Organization","@id":"https:\/\/wandererstransport.eu\/#organization","name":"WanderersTransport.eu","url":"https:\/\/wandererstransport.eu\/","logo":{"@type":"ImageObject","inLanguage":"es","@id":"https:\/\/wandererstransport.eu\/#\/schema\/logo\/image\/","url":"https:\/\/wandererstransport.eu\/wp-content\/uploads\/2020\/08\/Wanderers-Transport-Storeage-Logo-02.png","contentUrl":"https:\/\/wandererstransport.eu\/wp-content\/uploads\/2020\/08\/Wanderers-Transport-Storeage-Logo-02.png","width":490,"height":162,"caption":"WanderersTransport.eu"},"image":{"@id":"https:\/\/wandererstransport.eu\/#\/schema\/logo\/image\/"}},false]}},"yasr_visitor_votes":{"stars_attributes":{"read_only":false,"span_bottom":false},"number_of_votes":6,"sum_votes":28},"_links":{"self":[{"href":"https:\/\/wandererstransport.eu\/es\/wp-json\/wp\/v2\/pages\/22","targetHints":{"allow":["GET"]}}],"collection":[{"href":"https:\/\/wandererstransport.eu\/es\/wp-json\/wp\/v2\/pages"}],"about":[{"href":"https:\/\/wandererstransport.eu\/es\/wp-json\/wp\/v2\/types\/page"}],"author":[{"embeddable":true,"href":"https:\/\/wandererstransport.eu\/es\/wp-json\/wp\/v2\/users\/1"}],"replies":[{"embeddable":true,"href":"https:\/\/wandererstransport.eu\/es\/wp-json\/wp\/v2\/comments?post=22"}],"version-history":[{"count":0,"href":"https:\/\/wandererstransport.eu\/es\/wp-json\/wp\/v2\/pages\/22\/revisions"}],"wp:featuredmedia":[{"embeddable":true,"href":"https:\/\/wandererstransport.eu\/es\/wp-json\/wp\/v2\/media\/93"}],"wp:attachment":[{"href":"https:\/\/wandererstransport.eu\/es\/wp-json\/wp\/v2\/media?parent=22"}],"curies":[{"name":"wp","href":"https:\/\/api.w.org\/{rel}","templated":true}]}}