{"id":13,"date":"2020-04-11T11:25:54","date_gmt":"2020-04-11T11:25:54","guid":{"rendered":"https:\/\/wandererstransport.eu\/?page_id=13"},"modified":"2025-10-20T11:07:20","modified_gmt":"2025-10-20T11:07:20","slug":"wanderers-transport","status":"publish","type":"page","link":"https:\/\/wandererstransport.eu\/es\/","title":{"rendered":"WanderersTransport.eu"},"content":{"rendered":"<p><\/p>\n<p>[flash]<\/p>\n<h1>WanderersTransport.eu<\/h1>\n<p><strong><span style=\"color: #ff0000;\">WanderersTransport.eu &#8211; Especialistas en mudanzas, Irlanda y Portugal \/ Espa\u00f1a.<\/span> \u00a1Bienvenido a Wanderers Transport Mudanzas y almacenamiento! Con sede en El Algarve en Portugal, Wanderers Transport ofrece un servicio de transporte de contenedores de transporte regular entre Irlanda y Espa\u00f1a y Portugal. \u00a1D\u00e9janos cotizar antes de que te decidas!<\/strong><\/p>\n<div id=\"attachment_53\" style=\"width: 1210px\" class=\"wp-caption alignnone\"><img loading=\"lazy\" decoding=\"async\" aria-describedby=\"caption-attachment-53\" class=\"wp-image-53 size-full\" src=\"https:\/\/wandererstransport.eu\/wp-content\/uploads\/2020\/04\/Wanderers-Transport-UK-Spain-Removals-SOG02.jpg\" alt=\"Wanderers Transport UK Spain Removals SOG02\" width=\"1200\" height=\"630\" srcset=\"https:\/\/wandererstransport.eu\/wp-content\/uploads\/2020\/04\/Wanderers-Transport-UK-Spain-Removals-SOG02.jpg 1200w, https:\/\/wandererstransport.eu\/wp-content\/uploads\/2020\/04\/Wanderers-Transport-UK-Spain-Removals-SOG02-300x158.jpg 300w, https:\/\/wandererstransport.eu\/wp-content\/uploads\/2020\/04\/Wanderers-Transport-UK-Spain-Removals-SOG02-1024x538.jpg 1024w, https:\/\/wandererstransport.eu\/wp-content\/uploads\/2020\/04\/Wanderers-Transport-UK-Spain-Removals-SOG02-768x403.jpg 768w, https:\/\/wandererstransport.eu\/wp-content\/uploads\/2020\/04\/Wanderers-Transport-UK-Spain-Removals-SOG02-1x1.jpg 1w\" sizes=\"auto, (max-width: 1200px) 100vw, 1200px\" \/><p id=\"caption-attachment-53\" class=\"wp-caption-text\">WanderersTransport.eu &#8211; Irlanda, Espa\u00f1a, Portugal Transporte, mudanzas y almacenamiento.<\/p><\/div>\n<h2>Wanderers Transport &#8211; Especialistas en mudanzas europeas<\/h2>\n<p><strong>\u00a1Hola! Somos Wanderers Transport, una empresa de transporte, mudanzas y almacenamiento, con sede en Portugal desde hace m\u00e1s de 5 a\u00f1os. Si te mudas entre Irlanda, Espa\u00f1a o Portugal, \u00a1habla con nosotros!<\/strong><\/p>\n<p>Si es como la mayor\u00eda de nuestros clientes que se mudan a Espa\u00f1a o Portugal desde Irlanda, desea obtener el mejor precio de mudanza posible, pero no quiere sacrificar la seguridad o la confiabilidad. En WanderersTransport, lo tenemos cubierto. En WanderersTransport, nuestras tres consideraciones m\u00e1s importantes son:<\/p>\n<ul>\n<li>Brindar un servicio fant\u00e1stico a nuestros clientes.<\/li>\n<li>Tener el m\u00e1ximo cuidado a la hora de trasladar sus pertenencias.<\/li>\n<li>Y para dar el mejor precio para una mudanza a Portugal o Espa\u00f1a desde Irlanda.<\/li>\n<\/ul>\n<p>Entonces, solo complete el formulario de cotizaci\u00f3n r\u00e1pido<\/p>\n<h3>OBTENGA SU COTIZACI\u00d3N!<\/h3>\n\n<div class=\"wpcf7 no-js\" id=\"wpcf7-f117-o2\" lang=\"en-US\" dir=\"ltr\" data-wpcf7-id=\"117\">\n<div class=\"screen-reader-response\"><p role=\"status\" aria-live=\"polite\" aria-atomic=\"true\"><\/p> <ul><\/ul><\/div>\n<form action=\"\/es\/wp-json\/wp\/v2\/pages\/13#wpcf7-f117-o2\" method=\"post\" class=\"wpcf7-form init\" aria-label=\"Contact form\" novalidate=\"novalidate\" data-status=\"init\">\n<fieldset class=\"hidden-fields-container\"><input type=\"hidden\" name=\"_wpcf7\" value=\"117\" \/><input type=\"hidden\" name=\"_wpcf7_version\" value=\"6.1.5\" \/><input type=\"hidden\" name=\"_wpcf7_locale\" value=\"en_US\" \/><input type=\"hidden\" name=\"_wpcf7_unit_tag\" value=\"wpcf7-f117-o2\" \/><input type=\"hidden\" name=\"_wpcf7_container_post\" value=\"0\" \/><input type=\"hidden\" name=\"_wpcf7_posted_data_hash\" value=\"\" \/>\n<\/fieldset>\n<div class=\"contact01box\">\n\t<p><span class=\"wpcf7-form-control-wrap\" data-name=\"WTCname\"><input size=\"40\" maxlength=\"400\" class=\"wpcf7-form-control wpcf7-text wpcf7-validates-as-required wtc\" aria-required=\"true\" aria-invalid=\"false\" placeholder=\"su nombre\" value=\"\" type=\"text\" name=\"WTCname\" \/><\/span><br \/>\n<span class=\"wpcf7-form-control-wrap\" data-name=\"WTCemail\"><input size=\"40\" maxlength=\"400\" class=\"wpcf7-form-control wpcf7-email wpcf7-validates-as-required wpcf7-text wpcf7-validates-as-email wtc\" aria-required=\"true\" aria-invalid=\"false\" placeholder=\"correo electronico\" value=\"\" type=\"email\" name=\"WTCemail\" \/><\/span><br \/>\n<span class=\"wpcf7-form-control-wrap\" data-name=\"WTCphone\"><input size=\"40\" maxlength=\"400\" class=\"wpcf7-form-control wpcf7-tel wpcf7-text wpcf7-validates-as-tel wtc\" aria-invalid=\"false\" placeholder=\"n\u00famero de tel\u00e9fono\" value=\"\" type=\"tel\" name=\"WTCphone\" \/><\/span><br \/>\n\t<hr \/><br \/>\n<span class=\"wpcf7-form-control-wrap\" data-name=\"WTCfrom\"><input size=\"40\" maxlength=\"400\" class=\"wpcf7-form-control wpcf7-text wpcf7-validates-as-required wtc\" aria-required=\"true\" aria-invalid=\"false\" placeholder=\"Transporte DESDE\" value=\"\" type=\"text\" name=\"WTCfrom\" \/><\/span><br \/>\n<span class=\"wpcf7-form-control-wrap\" data-name=\"WTCto\"><input size=\"40\" maxlength=\"400\" class=\"wpcf7-form-control wpcf7-text wpcf7-validates-as-required wtc\" aria-required=\"true\" aria-invalid=\"false\" placeholder=\"Transportar A\" value=\"\" type=\"text\" name=\"WTCto\" \/><\/span><br \/>\n<span class=\"wpcf7-form-control-wrap\" data-name=\"WTCdate\"><input size=\"40\" maxlength=\"400\" class=\"wpcf7-form-control wpcf7-text wpcf7-validates-as-required wtc\" aria-required=\"true\" aria-invalid=\"false\" placeholder=\"Fecha aproximada\" value=\"\" type=\"text\" name=\"WTCdate\" \/><\/span><br \/>\n\t<hr \/><br \/>\n<span class=\"wpcf7-form-control-wrap\" data-name=\"wtcmessage\"><textarea cols=\"40\" rows=\"10\" maxlength=\"2000\" class=\"wpcf7-form-control wpcf7-textarea wtc\" aria-invalid=\"false\" placeholder=\"Give us a few details!  The more you tell us, the more we&#039;ll be able to help!\" name=\"wtcmessage\"><\/textarea><\/span><br \/>\n\t<hr \/>\n\t<\/p>\n\t<p>When you enquire, we'll send an email confirming it. If you don't see it, check your 'spam' folder. Sometimes it happens!\n\t<\/p>\n<hr \/>\n\t<p><span class=\"wpcf7-form-control-wrap\" data-name=\"capital-quiz\"><label><span class=\"wpcf7-quiz-label\">Para detener a los spammers ... \u00bfPodr\u00eda decirnos cu\u00e1l es el n\u00famero m\u00e1s grande ... 2 u 8?<\/span> <input size=\"40\" class=\"wpcf7-form-control wpcf7-quiz\" autocomplete=\"off\" aria-required=\"true\" aria-invalid=\"false\" type=\"text\" name=\"capital-quiz\" \/><\/label><input type=\"hidden\" name=\"_wpcf7_quiz_answer_capital-quiz\" value=\"d02d3f117a18702f1aa410c79e23062a\" \/><\/span><br \/>\n\t<div class=\"wpcf7-response-output\" aria-hidden=\"true\"><\/div><br \/>\n<input class=\"wpcf7-form-control wpcf7-submit has-spinner wtc\" type=\"submit\" value=\"\u00a1Ponerse en contacto!\" \/>\n\t<\/p>\n<\/div>\n<\/form>\n<\/div>\n\n<p>&nbsp;<\/p>\n<h3>Transporte y almacenamiento en Irlanda, Portugal y Espa\u00f1a<\/h3>\n<p>WanderersTransport opera un excelente servicio de transporte y almacenamiento con bases en el Algarve y Dubl\u00edn. Todos los dep\u00f3sitos tienen instalaciones de almacenamiento seguras y se utilizan como puntos de entrega y recogida.<\/p>\n<p>Cada mes, enviamos un contenedor de env\u00edo de 45 pies desde Irlanda a nuestras bases en Portugal y Espa\u00f1a. Tambi\u00e9n enviamos contenedores y cargas parciales a Irlanda desde ambos dep\u00f3sitos. En Loule, tambi\u00e9n podemos ofrecer unidades de almacenamiento seguras especialmente dise\u00f1adas, de todos los tama\u00f1os, en nuestro almac\u00e9n seguro.<\/p>\n<h3>Servicio de mensajer\u00eda<\/h3>\n<p>Podemos transportar art\u00edculos individuales m\u00e1s peque\u00f1os a mudanzas completas, junto con transporte comercial y env\u00edo de carga. Para obtener una cotizaci\u00f3n real, p\u00f3ngase en contacto, pero el precio puede ser desde tan solo 70,00 \u20ac por m3 (m\u00e1s I.V.A.), de dep\u00f3sito a dep\u00f3sito. Disponemos de furgonetas de 3,5 y 7,5 t, por lo que se pueden organizar la recogida y la entrega. Ideal para compras en l\u00ednea, donde la mayor\u00eda de las empresas del Reino Unido ofrecen env\u00edo gratuito a una direcci\u00f3n del Reino Unido.<\/p>\n<h3>Mudarse a Espa\u00f1a o Portugal<\/h3>\n<p>Perm\u00edtanos ayudarlo a prepararse para una mudanza fluida y exitosa. Ya sea que se mude desde o hacia Irlanda, le acompa\u00f1amos desde la salida hasta la llegada. Nuestra extensa red y recursos locales nos permiten brindar servicios de la m\u00e1s alta calidad de principio a fin.<\/p>\n<h3>Calidad y satisfacci\u00f3n<\/h3>\n<p>Mantenemos un est\u00e1ndar muy alto y nos adherimos a t\u00e9rminos y procedimientos estrictos para brindar la mejor calidad de nuestros servicios de transporte.<\/p>\n<h3>Seguridad y confiabilidad<\/h3>\n<p>La seguridad de sus pertenencias es nuestra m\u00e1xima prioridad. No importa a d\u00f3nde vaya, mu\u00e9vase con tranquilidad con Wanderers Transport. Nos adaptamos a cualquier situaci\u00f3n y construimos las soluciones que buscas. Asesoramos y nos comprometemos a ofrecer a nuestros clientes tarifas competitivas manteniendo los mejores est\u00e1ndares de calidad y apegados a las pol\u00edticas de cumplimiento.<\/p>\n<h3><\/h3>\n<p><\/p>","protected":false},"excerpt":{"rendered":"<p>[flash] WanderersTransport.eu WanderersTransport.eu &#8211; Especialistas en mudanzas, Irlanda y Portugal \/ Espa\u00f1a. \u00a1Bienvenido a Wanderers Transport Mudanzas y almacenamiento! Con sede en El Algarve en Portugal, Wanderers Transport ofrece un servicio de transporte de contenedores de transporte regular entre Irlanda y Espa\u00f1a y Portugal. \u00a1D\u00e9janos cotizar antes de que te decidas! Wanderers Transport &#8211; Especialistas<\/p>\n<p><a href=\"https:\/\/wandererstransport.eu\/es\/\" class=\"more-link themebutton\">Leer m\u00e1s<\/a><\/p>\n","protected":false},"author":1,"featured_media":0,"parent":0,"menu_order":0,"comment_status":"closed","ping_status":"closed","template":"","meta":{"yasr_overall_rating":0,"yasr_post_is_review":"","yasr_auto_insert_disabled":"","yasr_review_type":"","footnotes":"","_links_to":"","_links_to_target":""},"class_list":["post-13","page","type-page","status-publish","hentry"],"yoast_head":"<!-- This site is optimized with the Yoast SEO plugin v27.5 - https:\/\/yoast.com\/product\/yoast-seo-wordpress\/ -->\n<title>WanderersTransport.eu - Mudanzas y Transporte.<\/title>\n<meta name=\"description\" content=\"{:en}WanderersTransport.eu - Removals, Transport &amp; Storage.\u00a0Regular shipping container service between Ireland, Portugal &amp; Spain. Get your Free Quote!{:es}WanderersTransport.eu - Mudanzas, Transporte y Almacenamiento. Servicio de env\u00edo regular de contenedores entre Irlanda, Portugal y Espa\u00f1a. Obtenga su cotizaci\u00f3n gratis!{:pt}WanderersTransport.eu - Remo\u00e7\u00f5es, transporte e armazenamento. Servi\u00e7o de transporte regular de cont\u00eaineres entre Irlanda, Portugal e Espanha. Obtenha seu Or\u00e7amento Gr\u00e1tis!{:}\" \/>\n<meta name=\"robots\" content=\"index, follow, max-snippet:-1, max-image-preview:large, max-video-preview:-1\" \/>\n<link rel=\"canonical\" href=\"https:\/\/wandererstransport.eu\/\" \/>\n<meta property=\"og:locale\" content=\"es_ES\" \/>\n<meta property=\"og:type\" content=\"article\" \/>\n<meta property=\"og:title\" content=\"WanderersTransport.eu\" \/>\n<meta property=\"og:description\" content=\"Shipping container transports and storage. Removals specialists!\" \/>\n<meta property=\"og:url\" content=\"https:\/\/wandererstransport.eu\/\" \/>\n<meta property=\"og:site_name\" content=\"WanderersTransport.eu\" \/>\n<meta property=\"article:modified_time\" content=\"2025-10-20T11:07:20+00:00\" \/>\n<meta property=\"og:image\" content=\"https:\/\/wandererstransport.eu\/wp-content\/uploads\/2020\/05\/Wanderers-Transport-OG01.jpg\" \/>\n\t<meta property=\"og:image:width\" content=\"1200\" \/>\n\t<meta property=\"og:image:height\" content=\"630\" \/>\n\t<meta property=\"og:image:type\" content=\"image\/jpeg\" \/>\n<meta name=\"twitter:card\" content=\"summary_large_image\" \/>\n<meta name=\"twitter:label1\" content=\"Tiempo de lectura\" \/>\n\t<meta name=\"twitter:data1\" content=\"8 minutos\" \/>\n<script type=\"application\/ld+json\" class=\"yoast-schema-graph\">{\"@context\":\"https:\\\/\\\/schema.org\",\"@graph\":[{\"@type\":\"WebPage\",\"@id\":\"https:\\\/\\\/wandererstransport.eu\\\/\",\"url\":\"https:\\\/\\\/wandererstransport.eu\\\/\",\"name\":\"[:en]Wanderers Transport - Removals, Storage & Transport.[:es]WanderersTransport.eu - Mudanzas y Transporte.[:pt]WanderersTransport.eu - Mudan\u00e7as e Transportes.\",\"isPartOf\":{\"@id\":\"https:\\\/\\\/wandererstransport.eu\\\/#website\"},\"primaryImageOfPage\":{\"@id\":\"https:\\\/\\\/wandererstransport.eu\\\/#primaryimage\"},\"image\":{\"@id\":\"https:\\\/\\\/wandererstransport.eu\\\/#primaryimage\"},\"thumbnailUrl\":\"https:\\\/\\\/wandererstransport.eu\\\/wp-content\\\/uploads\\\/2020\\\/04\\\/Wanderers-Transport-UK-Spain-Removals-SOG02.jpg\",\"datePublished\":\"2020-04-11T11:25:54+00:00\",\"dateModified\":\"2025-10-20T11:07:20+00:00\",\"description\":\"{:en}WanderersTransport.eu - Removals, Transport & Storage.\u00a0Regular shipping container service between Ireland, Portugal & Spain. Get your Free Quote!{:es}WanderersTransport.eu - Mudanzas, Transporte y Almacenamiento. Servicio de env\u00edo regular de contenedores entre Irlanda, Portugal y Espa\u00f1a. Obtenga su cotizaci\u00f3n gratis!{:pt}WanderersTransport.eu - Remo\u00e7\u00f5es, transporte e armazenamento. Servi\u00e7o de transporte regular de cont\u00eaineres entre Irlanda, Portugal e Espanha. Obtenha seu Or\u00e7amento Gr\u00e1tis!{:}\",\"breadcrumb\":{\"@id\":\"https:\\\/\\\/wandererstransport.eu\\\/#breadcrumb\"},\"inLanguage\":\"es\",\"potentialAction\":[{\"@type\":\"ReadAction\",\"target\":[\"https:\\\/\\\/wandererstransport.eu\\\/\"]}]},{\"@type\":\"ImageObject\",\"inLanguage\":\"es\",\"@id\":\"https:\\\/\\\/wandererstransport.eu\\\/#primaryimage\",\"url\":\"https:\\\/\\\/wandererstransport.eu\\\/wp-content\\\/uploads\\\/2020\\\/04\\\/Wanderers-Transport-UK-Spain-Removals-SOG02.jpg\",\"contentUrl\":\"https:\\\/\\\/wandererstransport.eu\\\/wp-content\\\/uploads\\\/2020\\\/04\\\/Wanderers-Transport-UK-Spain-Removals-SOG02.jpg\"},{\"@type\":\"BreadcrumbList\",\"@id\":\"https:\\\/\\\/wandererstransport.eu\\\/#breadcrumb\",\"itemListElement\":[{\"@type\":\"ListItem\",\"position\":1,\"name\":\"Home\",\"item\":\"https:\\\/\\\/wandererstransport.eu\\\/\"},{\"@type\":\"ListItem\",\"position\":2,\"name\":\"WanderersTransport.eu\"}]},{\"@type\":\"WebSite\",\"@id\":\"https:\\\/\\\/wandererstransport.eu\\\/#website\",\"url\":\"https:\\\/\\\/wandererstransport.eu\\\/\",\"name\":\"WanderersTransport.eu\",\"description\":\"Mudanzas dom\u00e9sticas, transporte y almacenamiento entre el Reino Unido, Espa\u00f1a y Portugal.\",\"publisher\":{\"@id\":\"https:\\\/\\\/wandererstransport.eu\\\/#organization\"},\"potentialAction\":[{\"@type\":\"SearchAction\",\"target\":{\"@type\":\"EntryPoint\",\"urlTemplate\":\"https:\\\/\\\/wandererstransport.eu\\\/?s={search_term_string}\"},\"query-input\":{\"@type\":\"PropertyValueSpecification\",\"valueRequired\":true,\"valueName\":\"search_term_string\"}}],\"inLanguage\":\"es\"},{\"@type\":\"Organization\",\"@id\":\"https:\\\/\\\/wandererstransport.eu\\\/#organization\",\"name\":\"WanderersTransport.eu\",\"url\":\"https:\\\/\\\/wandererstransport.eu\\\/\",\"logo\":{\"@type\":\"ImageObject\",\"inLanguage\":\"es\",\"@id\":\"https:\\\/\\\/wandererstransport.eu\\\/#\\\/schema\\\/logo\\\/image\\\/\",\"url\":\"https:\\\/\\\/wandererstransport.eu\\\/wp-content\\\/uploads\\\/2020\\\/08\\\/Wanderers-Transport-Storeage-Logo-02.png\",\"contentUrl\":\"https:\\\/\\\/wandererstransport.eu\\\/wp-content\\\/uploads\\\/2020\\\/08\\\/Wanderers-Transport-Storeage-Logo-02.png\",\"width\":490,\"height\":162,\"caption\":\"WanderersTransport.eu\"},\"image\":{\"@id\":\"https:\\\/\\\/wandererstransport.eu\\\/#\\\/schema\\\/logo\\\/image\\\/\"}},false]}<\/script>\n<!-- \/ Yoast SEO plugin. -->","yoast_head_json":{"title":"[:en]Wanderers Transport - Removals, Storage & Transport.[:es]WanderersTransport.eu - Mudanzas y Transporte.[:pt]WanderersTransport.eu - Mudan\u00e7as e Transportes.","description":"{:en}WanderersTransport.eu - Removals, Transport & Storage.\u00a0Regular shipping container service between Ireland, Portugal & Spain. Get your Free Quote!{:es}WanderersTransport.eu - Mudanzas, Transporte y Almacenamiento. Servicio de env\u00edo regular de contenedores entre Irlanda, Portugal y Espa\u00f1a. Obtenga su cotizaci\u00f3n gratis!{:pt}WanderersTransport.eu - Remo\u00e7\u00f5es, transporte e armazenamento. Servi\u00e7o de transporte regular de cont\u00eaineres entre Irlanda, Portugal e Espanha. Obtenha seu Or\u00e7amento Gr\u00e1tis!{:}","robots":{"index":"index","follow":"follow","max-snippet":"max-snippet:-1","max-image-preview":"max-image-preview:large","max-video-preview":"max-video-preview:-1"},"canonical":"https:\/\/wandererstransport.eu\/","og_locale":"es_ES","og_type":"article","og_title":"WanderersTransport.eu","og_description":"Shipping container transports and storage. Removals specialists!","og_url":"https:\/\/wandererstransport.eu\/","og_site_name":"WanderersTransport.eu","article_modified_time":"2025-10-20T11:07:20+00:00","og_image":[{"width":1200,"height":630,"url":"https:\/\/wandererstransport.eu\/wp-content\/uploads\/2020\/05\/Wanderers-Transport-OG01.jpg","type":"image\/jpeg"}],"twitter_card":"summary_large_image","twitter_misc":{"Tiempo de lectura":"8 minutos"},"schema":{"@context":"https:\/\/schema.org","@graph":[{"@type":"WebPage","@id":"https:\/\/wandererstransport.eu\/","url":"https:\/\/wandererstransport.eu\/","name":"[:en]Wanderers Transport - Removals, Storage & Transport.[:es]WanderersTransport.eu - Mudanzas y Transporte.[:pt]WanderersTransport.eu - Mudan\u00e7as e Transportes.","isPartOf":{"@id":"https:\/\/wandererstransport.eu\/#website"},"primaryImageOfPage":{"@id":"https:\/\/wandererstransport.eu\/#primaryimage"},"image":{"@id":"https:\/\/wandererstransport.eu\/#primaryimage"},"thumbnailUrl":"https:\/\/wandererstransport.eu\/wp-content\/uploads\/2020\/04\/Wanderers-Transport-UK-Spain-Removals-SOG02.jpg","datePublished":"2020-04-11T11:25:54+00:00","dateModified":"2025-10-20T11:07:20+00:00","description":"{:en}WanderersTransport.eu - Removals, Transport & Storage.\u00a0Regular shipping container service between Ireland, Portugal & Spain. Get your Free Quote!{:es}WanderersTransport.eu - Mudanzas, Transporte y Almacenamiento. Servicio de env\u00edo regular de contenedores entre Irlanda, Portugal y Espa\u00f1a. Obtenga su cotizaci\u00f3n gratis!{:pt}WanderersTransport.eu - Remo\u00e7\u00f5es, transporte e armazenamento. Servi\u00e7o de transporte regular de cont\u00eaineres entre Irlanda, Portugal e Espanha. Obtenha seu Or\u00e7amento Gr\u00e1tis!{:}","breadcrumb":{"@id":"https:\/\/wandererstransport.eu\/#breadcrumb"},"inLanguage":"es","potentialAction":[{"@type":"ReadAction","target":["https:\/\/wandererstransport.eu\/"]}]},{"@type":"ImageObject","inLanguage":"es","@id":"https:\/\/wandererstransport.eu\/#primaryimage","url":"https:\/\/wandererstransport.eu\/wp-content\/uploads\/2020\/04\/Wanderers-Transport-UK-Spain-Removals-SOG02.jpg","contentUrl":"https:\/\/wandererstransport.eu\/wp-content\/uploads\/2020\/04\/Wanderers-Transport-UK-Spain-Removals-SOG02.jpg"},{"@type":"BreadcrumbList","@id":"https:\/\/wandererstransport.eu\/#breadcrumb","itemListElement":[{"@type":"ListItem","position":1,"name":"Home","item":"https:\/\/wandererstransport.eu\/"},{"@type":"ListItem","position":2,"name":"WanderersTransport.eu"}]},{"@type":"WebSite","@id":"https:\/\/wandererstransport.eu\/#website","url":"https:\/\/wandererstransport.eu\/","name":"WanderersTransport.eu","description":"Mudanzas dom\u00e9sticas, transporte y almacenamiento entre el Reino Unido, Espa\u00f1a y Portugal.","publisher":{"@id":"https:\/\/wandererstransport.eu\/#organization"},"potentialAction":[{"@type":"SearchAction","target":{"@type":"EntryPoint","urlTemplate":"https:\/\/wandererstransport.eu\/?s={search_term_string}"},"query-input":{"@type":"PropertyValueSpecification","valueRequired":true,"valueName":"search_term_string"}}],"inLanguage":"es"},{"@type":"Organization","@id":"https:\/\/wandererstransport.eu\/#organization","name":"WanderersTransport.eu","url":"https:\/\/wandererstransport.eu\/","logo":{"@type":"ImageObject","inLanguage":"es","@id":"https:\/\/wandererstransport.eu\/#\/schema\/logo\/image\/","url":"https:\/\/wandererstransport.eu\/wp-content\/uploads\/2020\/08\/Wanderers-Transport-Storeage-Logo-02.png","contentUrl":"https:\/\/wandererstransport.eu\/wp-content\/uploads\/2020\/08\/Wanderers-Transport-Storeage-Logo-02.png","width":490,"height":162,"caption":"WanderersTransport.eu"},"image":{"@id":"https:\/\/wandererstransport.eu\/#\/schema\/logo\/image\/"}},false]}},"yasr_visitor_votes":{"stars_attributes":{"read_only":false,"span_bottom":false},"number_of_votes":10,"sum_votes":40},"_links":{"self":[{"href":"https:\/\/wandererstransport.eu\/es\/wp-json\/wp\/v2\/pages\/13","targetHints":{"allow":["GET"]}}],"collection":[{"href":"https:\/\/wandererstransport.eu\/es\/wp-json\/wp\/v2\/pages"}],"about":[{"href":"https:\/\/wandererstransport.eu\/es\/wp-json\/wp\/v2\/types\/page"}],"author":[{"embeddable":true,"href":"https:\/\/wandererstransport.eu\/es\/wp-json\/wp\/v2\/users\/1"}],"replies":[{"embeddable":true,"href":"https:\/\/wandererstransport.eu\/es\/wp-json\/wp\/v2\/comments?post=13"}],"version-history":[{"count":1,"href":"https:\/\/wandererstransport.eu\/es\/wp-json\/wp\/v2\/pages\/13\/revisions"}],"predecessor-version":[{"id":615,"href":"https:\/\/wandererstransport.eu\/es\/wp-json\/wp\/v2\/pages\/13\/revisions\/615"}],"wp:attachment":[{"href":"https:\/\/wandererstransport.eu\/es\/wp-json\/wp\/v2\/media?parent=13"}],"curies":[{"name":"wp","href":"https:\/\/api.w.org\/{rel}","templated":true}]}}